{"id":70,"date":"2017-04-30T17:41:54","date_gmt":"2017-04-30T15:41:54","guid":{"rendered":"https:\/\/www.lleidaacceleraelcreixement.com\/?page_id=70"},"modified":"2025-10-22T13:14:35","modified_gmt":"2025-10-22T11:14:35","slug":"programa","status":"publish","type":"page","link":"https:\/\/www.lleidaacceleraelcreixement.com\/es\/programa\/","title":{"rendered":"Programa"},"content":{"rendered":"<p>[vc_row css_animation=&#8221;element_from_fade&#8221; row_type=&#8221;row&#8221; use_row_as_full_screen_section=&#8221;no&#8221; type=&#8221;grid&#8221; angled_section=&#8221;no&#8221; text_align=&#8221;center&#8221; background_image_as_pattern=&#8221;without_pattern&#8221; padding_top=&#8221;50&#8243; padding_bottom=&#8221;20&#8243;][vc_column][vc_column_text]<\/p>\n<h1>Contenidos<\/h1>\n<p>[\/vc_column_text][\/vc_column][\/vc_row][vc_row css_animation=&#8221;element_from_fade&#8221; row_type=&#8221;row&#8221; use_row_as_full_screen_section=&#8221;no&#8221; type=&#8221;grid&#8221; angled_section=&#8221;no&#8221; text_align=&#8221;left&#8221; background_image_as_pattern=&#8221;without_pattern&#8221; padding_top=&#8221;50&#8243; padding_bottom=&#8221;50&#8243; el_class=&#8221;programa-video&#8221;][vc_column][vc_column_text]<strong>Accelera el Creixement<\/strong> es un programa de alto rendimiento en el que pasar\u00e1s por diferentes fases con el \u00fanico objetivo de dise\u00f1ar e implementar el proyecto de crecimiento de tu negocio.<\/p>\n<p>9 meses y m\u00e1s de 70 horas de apoyo a la empresa estructurado en:[\/vc_column_text][\/vc_column][\/vc_row][vc_row css_animation=&#8221;element_from_fade&#8221; row_type=&#8221;row&#8221; use_row_as_full_screen_section=&#8221;no&#8221; type=&#8221;grid&#8221; angled_section=&#8221;no&#8221; text_align=&#8221;left&#8221; background_image_as_pattern=&#8221;without_pattern&#8221; padding_top=&#8221;20&#8243; el_class=&#8221;programa-fases&#8221;][vc_column width=&#8221;1\/3&#8243;][vc_column_text]<\/p>\n<h3>Fase 1<\/h3>\n<h4>Octubre 2025 &#8211; Noviembre 2025<\/h4>\n<h4>Selecci\u00f3n de empresas participantes<\/h4>\n<p>Un Comit\u00e9 de personas expertas formado por tres profesionales con una larga experiencia de apoyo al crecimiento empresarial de pymes seleccionar\u00e1n las 15 empresas que participar\u00e1n en esta edici\u00f3n del programa Accelera el Creixement en funci\u00f3n de criterios e indicadores sobre el potencial de crecimiento.[\/vc_column_text][\/vc_column][vc_column width=&#8221;1\/3&#8243;][vc_column_text]<\/p>\n<h3>Fase 2<\/h3>\n<h4>Diciembre 2025 &#8211; Marzo 2026<\/h4>\n<h4>Reflexi\u00f3n y elaboraci\u00f3n del plan de crecimiento<\/h4>\n<p>El objetivo de esta fase es doble:<\/p>\n<p>En primer lugar, reflexionar\u00e9is con diferentes personas expertas y consultoras sobre cu\u00e1les son los factores clave de \u00e9xito para el crecimiento de una empresa.<\/p>\n<p>En segundo lugar, y en base a la diagnosis ya realizada, se definir\u00e1 un plan de crecimiento operativo enfocado a tu negocio, con el apoyo y asesoramiento de consultores y consultoras especializados.<\/p>\n<p>En esta fase participar\u00e1s en las siguientes actividades:<\/p>\n<p><strong>Sesiones colectivas (6 horas):<\/strong><\/p>\n<ol>\n<li>Fundamentos y visi\u00f3n estrat\u00e9gica<\/li>\n<li>An\u00e1lisis competitivo y prop\u00f3sito<\/li>\n<li>Diferenciaci\u00f3n y Escalabilidad<\/li>\n<\/ol>\n<p><strong>Sesiones individuales in company (20 horas): <\/strong><\/p>\n<ol>\n<li>Diagnosis y Canvas actual de tu empresa<\/li>\n<li>Diagnosis de transformaci\u00f3n digital<\/li>\n<li>Sesi\u00f3n de enfoque<\/li>\n<li>Canvas de futuro<\/li>\n<li>Dise\u00f1o del plan de crecimiento<\/li>\n<li>Sesi\u00f3n de orientaci\u00f3n a la acci\u00f3n<\/li>\n<\/ol>\n<p>[\/vc_column_text][\/vc_column][vc_column width=&#8221;1\/3&#8243;][vc_column_text]<\/p>\n<h3>Fase 3<\/h3>\n<h4>Abril 2026 &#8211; Julio 2026<\/h4>\n<h4>Apoyo en la ejecuci\u00f3n del plan de crecimiento<\/h4>\n<p>En la tercera y \u00faltima fase del programa te apoyaremos para poner en marcha las acciones identificadas en el plan de crecimiento de tu negocio a trav\u00e9s de un plan de acci\u00f3n. En esta fase participar\u00e1s en las siguientes actividades:<\/p>\n<p><strong>Sesiones individuales in company (20 horas):<\/strong><br \/>\nUna persona experta en el \u00e1rea o \u00e1reas identificadas como prioritarias a trabajar (Transformaci\u00f3n Digital, Internacionalizaci\u00f3n, Comercializaci\u00f3n o Equipo directivo) te acompa\u00f1ar\u00e1 en todo el proceso y te apoyar\u00e1 en la ejecuci\u00f3n de las actuaciones.<\/p>\n<p><strong>7 Master Classes:<\/strong><br \/>\nCon personas expertas en liderazgo, retenci\u00f3n del talento, sostenibilidad, innovaci\u00f3n, comercializaci\u00f3n, transformaci\u00f3n digital e internacionalizaci\u00f3n para que puedas reflexionar y aplicar a tu negocio estos elementos clave de crecimiento empresarial.<\/p>\n<p><strong>7 Casos de Best Practices:<br \/>\n<\/strong>Personas empresarias de \u00e9xito te aportar\u00e1n la experiencia y el conocimiento de algunos de los retos m\u00e1s habituales en la fase de crecimiento empresarial.[\/vc_column_text][\/vc_column][\/vc_row][vc_row css_animation=&#8221;&#8221; row_type=&#8221;row&#8221; use_row_as_full_screen_section=&#8221;no&#8221; type=&#8221;full_width&#8221; angled_section=&#8221;no&#8221; text_align=&#8221;left&#8221; background_image_as_pattern=&#8221;without_pattern&#8221;][vc_column][vc_separator type=&#8221;transparent&#8221; down=&#8221;80&#8243;][\/vc_column][\/vc_row][vc_row css_animation=&#8221;element_from_fade&#8221; row_type=&#8221;row&#8221; use_row_as_full_screen_section=&#8221;no&#8221; type=&#8221;grid&#8221; angled_section=&#8221;no&#8221; text_align=&#8221;center&#8221; background_image_as_pattern=&#8221;without_pattern&#8221; background_color=&#8221;#e9783c&#8221; padding_top=&#8221;50&#8243; padding_bottom=&#8221;50&#8243; el_class=&#8221;home-linies&#8221;][vc_column][vc_column_text]<\/p>\n<h5>Inicia la <strong>transformaci\u00f3n digital de tu empresa<\/strong>, comienza a exportar, aprende a vender por internet, mejora la gesti\u00f3n empresarial, gana en competitividad&#8230; Todo a partir de un <strong>plan de crecimiento<\/strong> y un <strong>plan de acci\u00f3n<\/strong>, y del <strong>asesoramiento de personas expertas<\/strong> en desarrollo empresarial.<\/h5>\n<p>[\/vc_column_text][\/vc_column][\/vc_row][vc_row css_animation=&#8221;element_from_fade&#8221; row_type=&#8221;row&#8221; use_row_as_full_screen_section=&#8221;no&#8221; type=&#8221;grid&#8221; angled_section=&#8221;no&#8221; text_align=&#8221;center&#8221; background_image=&#8221;790&#8243; background_image_as_pattern=&#8221;without_pattern&#8221; padding_top=&#8221;50&#8243; padding_bottom=&#8221;50&#8243; el_class=&#8221;contacto image&#8221;][vc_column][vc_column_text]<\/p>\n<h2>Contacta con nosotros con este formulario<\/h2>\n<p>[\/vc_column_text]<div role=\"form\" class=\"wpcf7\" id=\"wpcf7-f54-o1\" lang=\"es-ES\" dir=\"ltr\">\n<div class=\"screen-reader-response\"><p role=\"status\" aria-live=\"polite\" aria-atomic=\"true\"><\/p> <ul><\/ul><\/div>\n<form action=\"\/es\/wp-json\/wp\/v2\/pages\/70#wpcf7-f54-o1\" method=\"post\" class=\"wpcf7-form init default\" novalidate=\"novalidate\" data-status=\"init\">\n<div style=\"display: none;\">\n<input type=\"hidden\" name=\"_wpcf7\" value=\"54\" \/>\n<input type=\"hidden\" name=\"_wpcf7_version\" value=\"5.3\" \/>\n<input type=\"hidden\" name=\"_wpcf7_locale\" value=\"es_ES\" \/>\n<input type=\"hidden\" name=\"_wpcf7_unit_tag\" value=\"wpcf7-f54-o1\" \/>\n<input type=\"hidden\" name=\"_wpcf7_container_post\" value=\"0\" \/>\n<input type=\"hidden\" name=\"_wpcf7_posted_data_hash\" value=\"\" \/>\n<input type=\"hidden\" name=\"_wpcf7_recaptcha_response\" value=\"\" \/>\n<\/div>\n<div class=\"form_left\">\n<p><span class=\"lbl\">Nombre <span class=\"ast\">*<\/span><\/span> <span class=\"wpcf7-form-control-wrap your-name\"><input type=\"text\" name=\"your-name\" value=\"\" size=\"40\" class=\"wpcf7-form-control wpcf7-text wpcf7-validates-as-required\" aria-required=\"true\" aria-invalid=\"false\" \/><\/span> <\/p>\n<p><span class=\"lbl\">Tel\u00e9fono (fijo o m\u00f3vil) <span class=\"ast\">*<\/span><\/span> <span class=\"wpcf7-form-control-wrap telefono\"><input type=\"text\" name=\"telefono\" value=\"\" size=\"40\" class=\"wpcf7-form-control wpcf7-text wpcf7-validates-as-required\" aria-required=\"true\" aria-invalid=\"false\" \/><\/span> <\/p>\n<p><span class=\"lbl\">Correo electr\u00f3nico <span class=\"ast\">*<\/span><\/span> <span class=\"wpcf7-form-control-wrap your-email\"><input type=\"email\" name=\"your-email\" value=\"\" size=\"40\" class=\"wpcf7-form-control wpcf7-text wpcf7-email wpcf7-validates-as-required wpcf7-validates-as-email\" aria-required=\"true\" aria-invalid=\"false\" \/><\/span> <\/p>\n<\/div>\n<div class=\"form_right\">\n<div class=\"form_inline\">\n<p><span class=\"lbl\">Empresa <span class=\"ast\">*<\/span><\/span> <span class=\"wpcf7-form-control-wrap your-empresa\"><input type=\"text\" name=\"your-empresa\" value=\"\" size=\"40\" class=\"wpcf7-form-control wpcf7-text wpcf7-validates-as-required\" aria-required=\"true\" aria-invalid=\"false\" \/><\/span> <\/p>\n<p><span class=\"lbl\">Poblaci\u00f3n <span class=\"ast\">*<\/span><\/span> <span class=\"wpcf7-form-control-wrap your-poblacio\"><input type=\"text\" name=\"your-poblacio\" value=\"\" size=\"40\" class=\"wpcf7-form-control wpcf7-text wpcf7-validates-as-required\" aria-required=\"true\" aria-invalid=\"false\" \/><\/span> <\/p>\n<\/div>\n<p><span class=\"lbl\">Comentarios<\/span> <span class=\"wpcf7-form-control-wrap your-message\"><textarea name=\"your-message\" cols=\"40\" rows=\"10\" class=\"wpcf7-form-control wpcf7-textarea\" aria-invalid=\"false\"><\/textarea><\/span> <\/p>\n<\/div>\n<div class=\"form_bottom\">\n<p class=\"legal\"> <span class=\"wpcf7-form-control-wrap acceptance-183\"><span class=\"wpcf7-form-control wpcf7-acceptance\"><span class=\"wpcf7-list-item\"><input type=\"checkbox\" name=\"acceptance-183\" value=\"1\" aria-invalid=\"false\" id=\"legal\" \/><\/span><\/span><\/span> <span>He le\u00eddo y acepto las condiciones de <a href=\"\/aviso-legal\/\" target=\"_blank\">protecci\u00f3n de datos<\/a>.<\/span><\/p>\n<p class=\"required\"><span class=\"ast\">*<\/span> Campos obligatorios<\/p>\n<p class=\"buttons\"><input type=\"submit\" value=\"Enviar\" class=\"wpcf7-form-control wpcf7-submit\" \/><\/p>\n<\/div>\n<div class=\"form_left\">\n<div class=\"legal_note\">\n<strong>Finalidades: <\/strong> Responder sus solicitudes e informarle de nuestros servicios. <strong> Legitimaci\u00f3n: <\/strong> Consentimiento del interesado. <strong> Destinatarios: <\/strong> Los datos ser\u00e1n compartidos con Diputaci\u00f3 de Lleida. <strong> Derechos: <\/strong> Puede retirar su consentimiento en cualquier momento, as\u00ed como acceder, rectificar, suprimir sus datos y otros derechos a <a href=\"mailto:privacitat@pimec.org\"> privacidad @ pimec. org <\/a>. <strong> Informaci\u00f3n adicional: <\/strong> pueden ampliar la informaci\u00f3n en el enlace <a href=\"https:\/\/www.lleidaacceleraelcreixement.com\/es\/politica-de-privacidad\/\" target=\"_blank\">Pol\u00edtica de privacidad<\/a>.\n<\/div>\n<\/div>\n<div class=\"wpcf7-response-output\" aria-hidden=\"true\"><\/div><\/form><\/div>[\/vc_column][\/vc_row]<\/p>\n","protected":false},"excerpt":{"rendered":"<p>[vc_row css_animation=&#8221;element_from_fade&#8221; row_type=&#8221;row&#8221; use_row_as_full_screen_section=&#8221;no&#8221; type=&#8221;grid&#8221; angled_section=&#8221;no&#8221; text_align=&#8221;center&#8221; background_image_as_pattern=&#8221;without_pattern&#8221; padding_top=&#8221;50&#8243; padding_bottom=&#8221;20&#8243;][vc_column][vc_column_text] Contenidos [\/vc_column_text][\/vc_column][\/vc_row][vc_row css_animation=&#8221;element_from_fade&#8221; row_type=&#8221;row&#8221; use_row_as_full_screen_section=&#8221;no&#8221; type=&#8221;grid&#8221; angled_section=&#8221;no&#8221; text_align=&#8221;left&#8221; background_image_as_pattern=&#8221;without_pattern&#8221; padding_top=&#8221;50&#8243; padding_bottom=&#8221;50&#8243; el_class=&#8221;programa-video&#8221;][vc_column][vc_column_text]Accelera el Creixement es un programa de alto rendimiento&#8230;<\/p>\n","protected":false},"author":1,"featured_media":0,"parent":0,"menu_order":0,"comment_status":"closed","ping_status":"closed","template":"full_width.php","meta":{"_bbp_topic_count":0,"_bbp_reply_count":0,"_bbp_total_topic_count":0,"_bbp_total_reply_count":0,"_bbp_voice_count":0,"_bbp_anonymous_reply_count":0,"_bbp_topic_count_hidden":0,"_bbp_reply_count_hidden":0,"_bbp_forum_subforum_count":0},"_links":{"self":[{"href":"https:\/\/www.lleidaacceleraelcreixement.com\/es\/wp-json\/wp\/v2\/pages\/70"}],"collection":[{"href":"https:\/\/www.lleidaacceleraelcreixement.com\/es\/wp-json\/wp\/v2\/pages"}],"about":[{"href":"https:\/\/www.lleidaacceleraelcreixement.com\/es\/wp-json\/wp\/v2\/types\/page"}],"author":[{"embeddable":true,"href":"https:\/\/www.lleidaacceleraelcreixement.com\/es\/wp-json\/wp\/v2\/users\/1"}],"replies":[{"embeddable":true,"href":"https:\/\/www.lleidaacceleraelcreixement.com\/es\/wp-json\/wp\/v2\/comments?post=70"}],"version-history":[{"count":39,"href":"https:\/\/www.lleidaacceleraelcreixement.com\/es\/wp-json\/wp\/v2\/pages\/70\/revisions"}],"predecessor-version":[{"id":4804,"href":"https:\/\/www.lleidaacceleraelcreixement.com\/es\/wp-json\/wp\/v2\/pages\/70\/revisions\/4804"}],"wp:attachment":[{"href":"https:\/\/www.lleidaacceleraelcreixement.com\/es\/wp-json\/wp\/v2\/media?parent=70"}],"curies":[{"name":"wp","href":"https:\/\/api.w.org\/{rel}","templated":true}]}}