{"id":7,"date":"2017-04-29T16:51:16","date_gmt":"2017-04-29T14:51:16","guid":{"rendered":"https:\/\/www.lleidaacceleraelcreixement.com\/?page_id=7"},"modified":"2025-07-03T10:15:36","modified_gmt":"2025-07-03T08:15:36","slug":"inicio","status":"publish","type":"page","link":"https:\/\/www.lleidaacceleraelcreixement.com\/es\/","title":{"rendered":"Inicio"},"content":{"rendered":"<p>[vc_row css_animation=&#8221;&#8221; row_type=&#8221;row&#8221; use_row_as_full_screen_section=&#8221;no&#8221; type=&#8221;full_width&#8221; angled_section=&#8221;no&#8221; text_align=&#8221;left&#8221; background_image_as_pattern=&#8221;without_pattern&#8221;][vc_column][rev_slider_vc alias=&#8221;home-es&#8221;][\/vc_column][\/vc_row][vc_row css_animation=&#8221;element_from_fade&#8221; row_type=&#8221;row&#8221; use_row_as_full_screen_section=&#8221;no&#8221; type=&#8221;grid&#8221; angled_section=&#8221;no&#8221; text_align=&#8221;center&#8221; background_image_as_pattern=&#8221;without_pattern&#8221; background_color=&#8221;#ffffff&#8221; padding_top=&#8221;50&#8243; padding_bottom=&#8221;10&#8243; el_class=&#8221;home-linies&#8221;][vc_column][vc_column_text]<\/p>\n<h2><strong><span style=\"color: #0b6937;\">Ahora m\u00e1s que nunca, las pymes necesitan re-pensar, re-enfocar y transformar sus negocios a la situaci\u00f3 actual, y con el soporte del programa Accelera el Creixement \u00a1es posible!<\/span><\/strong><\/h2>\n<p>[\/vc_column_text][\/vc_column][\/vc_row][vc_row css_animation=&#8221;element_from_fade&#8221; row_type=&#8221;row&#8221; use_row_as_full_screen_section=&#8221;no&#8221; type=&#8221;grid&#8221; angled_section=&#8221;no&#8221; text_align=&#8221;center&#8221; background_image_as_pattern=&#8221;without_pattern&#8221; background_color=&#8221;#e9783c&#8221; padding_top=&#8221;50&#8243; padding_bottom=&#8221;50&#8243; el_class=&#8221;home-linies&#8221;][vc_column][vc_column_text]<\/p>\n<h2>\u00bfQu\u00e9 es Accelera el Creixement?<\/h2>\n<h3>Un programa de acompa\u00f1amiento personalizado a pymes durante 9 meses, a cargo de personas expertas en diferentes \u00e1reas de gesti\u00f3n empresarial, donde se elaborar\u00e1 un plan de crecimiento y se dar\u00e1 apoyo a su ejecuci\u00f3n. <strong><u>Valorado en 6.500\u20ac,<\/u><\/strong> pero con el soporte de PIMEC y la Diputaci\u00f3 de Lleida, <strong><u>la empresa \u00fanicamente paga 500\u20ac + IVA.<\/u><\/strong><\/h3>\n<p>[\/vc_column_text][\/vc_column][\/vc_row][vc_row css_animation=&#8221;element_from_fade&#8221; row_type=&#8221;row&#8221; use_row_as_full_screen_section=&#8221;no&#8221; type=&#8221;grid&#8221; angled_section=&#8221;no&#8221; text_align=&#8221;center&#8221; background_image_as_pattern=&#8221;without_pattern&#8221; padding_top=&#8221;50&#8243; padding_bottom=&#8221;50&#8243;][vc_column][vc_column_text]<\/p>\n<h1><strong>Accelera el Creixement<\/strong><\/h1>\n<h2 style=\"font-size: 20px;\">El programa de aceleraci\u00f3n empresarial de las comarcas de Lleida<\/h2>\n<p>Es un programa impulsado por\u00a0 <a href=\"https:\/\/www.pimec.org\/\" target=\"_blank\" rel=\"noopener noreferrer\"><strong>PIMEC<\/strong><\/a> y <strong><a href=\"https:\/\/www.diputaciolleida.cat\/\" target=\"_blank\" rel=\"noopener noreferrer\">el Patronat de Promoci\u00f3 Econ\u00f2mica de la Diputaci\u00f3 de Lleida<\/a><\/strong> con el objetivo\u00a0 de ayudar al crecimiento de 15 pymes, a trav\u00e9s de un acompa\u00f1amiento personalizado.<\/p>\n<p>Con Accelera el Creixement revisar\u00e1s la estrategia de tu empresa con expertos y expertas para definir un <strong>plan de crecimiento<\/strong> que podr\u00e1s empezar a poner en pr\u00e1ctica a trav\u00e9s de un <strong>plan de acci\u00f3n<\/strong>.<\/p>\n<p>Este <strong>programa de soporte <\/strong>te ayudar\u00e1 en aspectos como son la transformaci\u00f3n digital, las mejoras en la comercializaci\u00f3n de productos y servicios, la estructura financiera, la internacionalizaci\u00f3n, y\/o la organizaci\u00f3n empresarial.[\/vc_column_text][\/vc_column][\/vc_row][vc_row css_animation=&#8221;element_from_fade&#8221; row_type=&#8221;row&#8221; use_row_as_full_screen_section=&#8221;no&#8221; type=&#8221;grid&#8221; angled_section=&#8221;no&#8221; text_align=&#8221;center&#8221; background_image_as_pattern=&#8221;without_pattern&#8221; padding_top=&#8221;50&#8243; padding_bottom=&#8221;50&#8243;][vc_column width=&#8221;1\/4&#8243;][vc_single_image image=&#8221;2950&#8243; img_size=&#8221;full&#8221; alignment=&#8221;center&#8221; onclick=&#8221;custom_link&#8221; qode_css_animation=&#8221;&#8221; link=&#8221;https:\/\/www.diputaciolleida.cat\/&#8221;][\/vc_column][vc_column width=&#8221;1\/4&#8243;][vc_single_image image=&#8221;3332&#8243; img_size=&#8221;full&#8221; alignment=&#8221;center&#8221; onclick=&#8221;custom_link&#8221; qode_css_animation=&#8221;&#8221; link=&#8221;https:\/\/www.diputaciolleida.cat\/&#8221;][\/vc_column][vc_column width=&#8221;1\/4&#8243;][vc_single_image image=&#8221;2956&#8243; img_size=&#8221;full&#8221; alignment=&#8221;center&#8221; onclick=&#8221;custom_link&#8221; qode_css_animation=&#8221;&#8221; link=&#8221;https:\/\/www.diputaciolleida.cat\/&#8221;][\/vc_column][vc_column width=&#8221;1\/4&#8243;][vc_single_image image=&#8221;4294&#8243; img_size=&#8221;full&#8221; alignment=&#8221;center&#8221; onclick=&#8221;custom_link&#8221; qode_css_animation=&#8221;&#8221; link=&#8221;https:\/\/pimec.org\/&#8221;][\/vc_column][\/vc_row][vc_row css_animation=&#8221;element_from_fade&#8221; row_type=&#8221;row&#8221; use_row_as_full_screen_section=&#8221;no&#8221; type=&#8221;grid&#8221; angled_section=&#8221;no&#8221; text_align=&#8221;center&#8221; background_image_as_pattern=&#8221;without_pattern&#8221; background_color=&#8221;#ededed&#8221; padding_top=&#8221;50&#8243; padding_bottom=&#8221;50&#8243; el_class=&#8221;home-participar&#8221;][vc_column][vc_column_text]<\/p>\n<h2>\u00bfQui\u00e9n puede participar?<\/h2>\n<p><strong>Si eres una empresa con ganas de trabajar para transformar y hacer crecer tu negocio, inscr\u00edbete en el programa Accelera el Creixement. S\u00f3lo hace falta que cumplas estos requisitos:<\/strong>[\/vc_column_text][vc_separator type=&#8221;transparent&#8221; up=&#8221;30&#8243;][vc_column_text el_class=&#8221;home-list&#8221;]<\/p>\n<ul>\n<li>Ser una <strong>micro<\/strong>, <strong>peque\u00f1a<\/strong> o <strong>mediana empresa<\/strong> con una plantilla de 3 o m\u00e1s personas.<\/li>\n<li>Tener una <strong>trayectoria empresarial igual o superior a 5 a\u00f1os<\/strong>.<\/li>\n<li>Tener la <strong>matriz<\/strong> o el <strong>centro de decisi\u00f3n en las comarcas de Lleida<\/strong><\/li>\n<li>Tener disponibilidad para seguir partes del programa <strong>de forma telem\u00e1tica<\/strong><\/li>\n<li>Tener <strong>voluntad de invertir<\/strong> en el propio crecimiento.<\/li>\n<\/ul>\n<p>[\/vc_column_text][vc_separator type=&#8221;transparent&#8221; up=&#8221;30&#8243;][\/vc_column][\/vc_row][vc_row css_animation=&#8221;element_from_fade&#8221; row_type=&#8221;row&#8221; use_row_as_full_screen_section=&#8221;no&#8221; type=&#8221;grid&#8221; angled_section=&#8221;no&#8221; text_align=&#8221;center&#8221; background_image_as_pattern=&#8221;without_pattern&#8221; padding_top=&#8221;50&#8243; padding_bottom=&#8221;50&#8243;][vc_column][vc_column_text]<\/p>\n<h2>Los objetivos de Accelera el Creixement<\/h2>\n<p>Tranformar y re-orientar el modelo de negocio, identificando las lineas de crecimiento de la empresa a medio y largo plazo para poder implementarlas en los objetivos estrat\u00e9gicos a trav\u00e9s de un <a href=\"https:\/\/www.lleidaacceleraelcreixement.com\/es\/programa\/\"><strong>plan de crecimiento<\/strong><\/a> y un <strong>plan de acci\u00f3n personalizado<\/strong> y a medida.[\/vc_column_text][vc_separator type=&#8221;transparent&#8221; down=&#8221;20&#8243;]<a  itemprop=\"url\" href=\"https:\/\/www.lleidaacceleraelcreixement.com\/es\/programa\/\" target=\"_self\"  class=\"qbutton  large default\" style=\"\">Haz crecer a tu empresa<\/a>[\/vc_column][\/vc_row][vc_row css_animation=&#8221;element_from_fade&#8221; row_type=&#8221;row&#8221; use_row_as_full_screen_section=&#8221;no&#8221; type=&#8221;grid&#8221; angled_section=&#8221;no&#8221; text_align=&#8221;center&#8221; background_image_as_pattern=&#8221;without_pattern&#8221; background_color=&#8221;#e9783c&#8221; padding_top=&#8221;50&#8243; padding_bottom=&#8221;50&#8243; el_class=&#8221;home-linies&#8221;][vc_column][vc_column_text]<\/p>\n<h2>L\u00edneas de crecimiento<\/h2>\n<p>[\/vc_column_text][vc_row_inner row_type=&#8221;row&#8221; type=&#8221;full_width&#8221; text_align=&#8221;center&#8221; css_animation=&#8221;&#8221;][vc_column_inner width=&#8221;1\/12&#8243;][\/vc_column_inner][vc_column_inner width=&#8221;2\/12&#8243;][vc_single_image image=&#8221;34&#8243; img_size=&#8221;full&#8221; alignment=&#8221;center&#8221; qode_css_animation=&#8221;&#8221;][vc_column_text]<\/p>\n<h4>Transformaci\u00f3n digital<\/h4>\n<h5 style=\"font-size: 12px;\">\u00bfQuieres aprovechar las nuevas tecnolog\u00edas para mejorar tu productividad?<\/h5>\n<p>La digitalizaci\u00f3n de los procesos a trav\u00e9s de la adopci\u00f3n de tecnolog\u00edas 4.0, son una de las principales palancas para la transformaci\u00f3n de los negocios a la nueva realidad[\/vc_column_text][\/vc_column_inner][vc_column_inner width=&#8221;2\/12&#8243;][vc_single_image image=&#8221;1554&#8243; img_size=&#8221;full&#8221; alignment=&#8221;center&#8221; qode_css_animation=&#8221;&#8221;][vc_column_text]<\/p>\n<h4>Comercializaci\u00f3n y nuevos canales de venta<\/h4>\n<h5 style=\"font-size: 12px;\">\u00bfQuieres vender por internet? \u00bfEncontrar nuevos mercados?<\/h5>\n<p>Mejora los canales que ya est\u00e1s utilizando y desarrolla nuevos para da a conocer tu producto o servicio al tu p\u00fablico potencial.[\/vc_column_text][\/vc_column_inner][vc_column_inner width=&#8221;2\/12&#8243;][vc_single_image image=&#8221;32&#8243; img_size=&#8221;full&#8221; alignment=&#8221;center&#8221; qode_css_animation=&#8221;&#8221;][vc_column_text]<\/p>\n<h4>Financiaci\u00f3n<\/h4>\n<h5 style=\"font-size: 12px;\">\u00bfQuieres mejorar el \u00e1rea financiera? \u00bfo buscar nuevas lineas de financiaci\u00f3n para nuevas inversiones?<\/h5>\n<p>Revisa y optimiza la tesorer\u00eda para mejorar la situaci\u00f3n actual del negocio, o estructura un plan de viabilidad para llevar a cabo nuevas inversiones.[\/vc_column_text][\/vc_column_inner][vc_column_inner width=&#8221;2\/12&#8243;][vc_single_image image=&#8221;33&#8243; img_size=&#8221;full&#8221; alignment=&#8221;center&#8221; qode_css_animation=&#8221;&#8221;][vc_column_text]<\/p>\n<h4>Organizaci\u00f3n y Equipo directivo<\/h4>\n<h5 style=\"font-size: 12px;\">\u00bfQuieres mejorar la gesti\u00f3n empresarial?<\/h5>\n<p>Conoce algunas de las herramientas de gesti\u00f3n pioneras y mejora la direcci\u00f3n de tu pyme para lograr los objetivos que te has propuesto.[\/vc_column_text][\/vc_column_inner][vc_column_inner width=&#8221;2\/12&#8243;][vc_single_image image=&#8221;31&#8243; img_size=&#8221;full&#8221; alignment=&#8221;center&#8221; qode_css_animation=&#8221;&#8221;][vc_column_text]<\/p>\n<h4>Internacionalizaci\u00f3n<\/h4>\n<h5 style=\"font-size: 12px;\">\u00bfQuieres comenzar a exportar? \u00bfAbrir oficinas en el exterior?<\/h5>\n<p>Valora el \u00e9xito de tu producto o servicio fuera de nuestras fronteras y pon en marcha tu proceso de internacionalizaci\u00f3n.[\/vc_column_text][\/vc_column_inner][vc_column_inner width=&#8221;1\/12&#8243;][\/vc_column_inner][\/vc_row_inner]<a  itemprop=\"url\" href=\"https:\/\/www.lleidaacceleraelcreixement.com\/es\/programa\/\" target=\"_self\"  class=\"qbutton  large white default\" style=\"\">M\u00e1s informaci\u00f3n<\/a>[\/vc_column][\/vc_row][vc_row css_animation=&#8221;element_from_fade&#8221; row_type=&#8221;row&#8221; use_row_as_full_screen_section=&#8221;no&#8221; type=&#8221;grid&#8221; angled_section=&#8221;no&#8221; text_align=&#8221;center&#8221; background_image=&#8221;790&#8243; background_image_as_pattern=&#8221;without_pattern&#8221; padding_top=&#8221;50&#8243; padding_bottom=&#8221;50&#8243; el_class=&#8221;contacto image&#8221;][vc_column][vc_column_text]<\/p>\n<h2>Contacta con nosotros con este formulario<\/h2>\n<p>[\/vc_column_text]<div role=\"form\" class=\"wpcf7\" id=\"wpcf7-f54-o1\" lang=\"es-ES\" dir=\"ltr\">\n<div class=\"screen-reader-response\"><p role=\"status\" aria-live=\"polite\" aria-atomic=\"true\"><\/p> <ul><\/ul><\/div>\n<form action=\"\/es\/wp-json\/wp\/v2\/pages\/7#wpcf7-f54-o1\" method=\"post\" class=\"wpcf7-form init default\" novalidate=\"novalidate\" data-status=\"init\">\n<div style=\"display: none;\">\n<input type=\"hidden\" name=\"_wpcf7\" value=\"54\" \/>\n<input type=\"hidden\" name=\"_wpcf7_version\" value=\"5.3\" \/>\n<input type=\"hidden\" name=\"_wpcf7_locale\" value=\"es_ES\" \/>\n<input type=\"hidden\" name=\"_wpcf7_unit_tag\" value=\"wpcf7-f54-o1\" \/>\n<input type=\"hidden\" name=\"_wpcf7_container_post\" value=\"0\" \/>\n<input type=\"hidden\" name=\"_wpcf7_posted_data_hash\" value=\"\" \/>\n<input type=\"hidden\" name=\"_wpcf7_recaptcha_response\" value=\"\" \/>\n<\/div>\n<div class=\"form_left\">\n<p><span class=\"lbl\">Nombre <span class=\"ast\">*<\/span><\/span> <span class=\"wpcf7-form-control-wrap your-name\"><input type=\"text\" name=\"your-name\" value=\"\" size=\"40\" class=\"wpcf7-form-control wpcf7-text wpcf7-validates-as-required\" aria-required=\"true\" aria-invalid=\"false\" \/><\/span> <\/p>\n<p><span class=\"lbl\">Tel\u00e9fono (fijo o m\u00f3vil) <span class=\"ast\">*<\/span><\/span> <span class=\"wpcf7-form-control-wrap telefono\"><input type=\"text\" name=\"telefono\" value=\"\" size=\"40\" class=\"wpcf7-form-control wpcf7-text wpcf7-validates-as-required\" aria-required=\"true\" aria-invalid=\"false\" \/><\/span> <\/p>\n<p><span class=\"lbl\">Correo electr\u00f3nico <span class=\"ast\">*<\/span><\/span> <span class=\"wpcf7-form-control-wrap your-email\"><input type=\"email\" name=\"your-email\" value=\"\" size=\"40\" class=\"wpcf7-form-control wpcf7-text wpcf7-email wpcf7-validates-as-required wpcf7-validates-as-email\" aria-required=\"true\" aria-invalid=\"false\" \/><\/span> <\/p>\n<\/div>\n<div class=\"form_right\">\n<div class=\"form_inline\">\n<p><span class=\"lbl\">Empresa <span class=\"ast\">*<\/span><\/span> <span class=\"wpcf7-form-control-wrap your-empresa\"><input type=\"text\" name=\"your-empresa\" value=\"\" size=\"40\" class=\"wpcf7-form-control wpcf7-text wpcf7-validates-as-required\" aria-required=\"true\" aria-invalid=\"false\" \/><\/span> <\/p>\n<p><span class=\"lbl\">Poblaci\u00f3n <span class=\"ast\">*<\/span><\/span> <span class=\"wpcf7-form-control-wrap your-poblacio\"><input type=\"text\" name=\"your-poblacio\" value=\"\" size=\"40\" class=\"wpcf7-form-control wpcf7-text wpcf7-validates-as-required\" aria-required=\"true\" aria-invalid=\"false\" \/><\/span> <\/p>\n<\/div>\n<p><span class=\"lbl\">Comentarios<\/span> <span class=\"wpcf7-form-control-wrap your-message\"><textarea name=\"your-message\" cols=\"40\" rows=\"10\" class=\"wpcf7-form-control wpcf7-textarea\" aria-invalid=\"false\"><\/textarea><\/span> <\/p>\n<\/div>\n<div class=\"form_bottom\">\n<p class=\"legal\"> <span class=\"wpcf7-form-control-wrap acceptance-183\"><span class=\"wpcf7-form-control wpcf7-acceptance\"><span class=\"wpcf7-list-item\"><input type=\"checkbox\" name=\"acceptance-183\" value=\"1\" aria-invalid=\"false\" id=\"legal\" \/><\/span><\/span><\/span> <span>He le\u00eddo y acepto las condiciones de <a href=\"\/aviso-legal\/\" target=\"_blank\">protecci\u00f3n de datos<\/a>.<\/span><\/p>\n<p class=\"required\"><span class=\"ast\">*<\/span> Campos obligatorios<\/p>\n<p class=\"buttons\"><input type=\"submit\" value=\"Enviar\" class=\"wpcf7-form-control wpcf7-submit\" \/><\/p>\n<\/div>\n<div class=\"form_left\">\n<div class=\"legal_note\">\n<strong>Finalidades: <\/strong> Responder sus solicitudes e informarle de nuestros servicios. <strong> Legitimaci\u00f3n: <\/strong> Consentimiento del interesado. <strong> Destinatarios: <\/strong> Los datos ser\u00e1n compartidos con Diputaci\u00f3 de Lleida. <strong> Derechos: <\/strong> Puede retirar su consentimiento en cualquier momento, as\u00ed como acceder, rectificar, suprimir sus datos y otros derechos a <a href=\"mailto:privacitat@pimec.org\"> privacidad @ pimec. org <\/a>. <strong> Informaci\u00f3n adicional: <\/strong> pueden ampliar la informaci\u00f3n en el enlace <a href=\"https:\/\/www.lleidaacceleraelcreixement.com\/es\/politica-de-privacidad\/\" target=\"_blank\">Pol\u00edtica de privacidad<\/a>.\n<\/div>\n<\/div>\n<div class=\"wpcf7-response-output\" aria-hidden=\"true\"><\/div><\/form><\/div>[\/vc_column][\/vc_row]<\/p>\n","protected":false},"excerpt":{"rendered":"<p>[vc_row css_animation=&#8221;&#8221; row_type=&#8221;row&#8221; use_row_as_full_screen_section=&#8221;no&#8221; type=&#8221;full_width&#8221; angled_section=&#8221;no&#8221; text_align=&#8221;left&#8221; background_image_as_pattern=&#8221;without_pattern&#8221;][vc_column][rev_slider_vc alias=&#8221;home-es&#8221;][\/vc_column][\/vc_row][vc_row css_animation=&#8221;element_from_fade&#8221; row_type=&#8221;row&#8221; use_row_as_full_screen_section=&#8221;no&#8221; type=&#8221;grid&#8221; angled_section=&#8221;no&#8221; text_align=&#8221;center&#8221; background_image_as_pattern=&#8221;without_pattern&#8221; background_color=&#8221;#ffffff&#8221; padding_top=&#8221;50&#8243; padding_bottom=&#8221;10&#8243; el_class=&#8221;home-linies&#8221;][vc_column][vc_column_text] Ahora m\u00e1s que nunca, las pymes necesitan re-pensar, re-enfocar y&#8230;<\/p>\n","protected":false},"author":1,"featured_media":789,"parent":0,"menu_order":0,"comment_status":"closed","ping_status":"closed","template":"full_width.php","meta":{"_bbp_topic_count":0,"_bbp_reply_count":0,"_bbp_total_topic_count":0,"_bbp_total_reply_count":0,"_bbp_voice_count":0,"_bbp_anonymous_reply_count":0,"_bbp_topic_count_hidden":0,"_bbp_reply_count_hidden":0,"_bbp_forum_subforum_count":0},"_links":{"self":[{"href":"https:\/\/www.lleidaacceleraelcreixement.com\/es\/wp-json\/wp\/v2\/pages\/7"}],"collection":[{"href":"https:\/\/www.lleidaacceleraelcreixement.com\/es\/wp-json\/wp\/v2\/pages"}],"about":[{"href":"https:\/\/www.lleidaacceleraelcreixement.com\/es\/wp-json\/wp\/v2\/types\/page"}],"author":[{"embeddable":true,"href":"https:\/\/www.lleidaacceleraelcreixement.com\/es\/wp-json\/wp\/v2\/users\/1"}],"replies":[{"embeddable":true,"href":"https:\/\/www.lleidaacceleraelcreixement.com\/es\/wp-json\/wp\/v2\/comments?post=7"}],"version-history":[{"count":98,"href":"https:\/\/www.lleidaacceleraelcreixement.com\/es\/wp-json\/wp\/v2\/pages\/7\/revisions"}],"predecessor-version":[{"id":4296,"href":"https:\/\/www.lleidaacceleraelcreixement.com\/es\/wp-json\/wp\/v2\/pages\/7\/revisions\/4296"}],"wp:featuredmedia":[{"embeddable":true,"href":"https:\/\/www.lleidaacceleraelcreixement.com\/es\/wp-json\/wp\/v2\/media\/789"}],"wp:attachment":[{"href":"https:\/\/www.lleidaacceleraelcreixement.com\/es\/wp-json\/wp\/v2\/media?parent=7"}],"curies":[{"name":"wp","href":"https:\/\/api.w.org\/{rel}","templated":true}]}}