{"id":4870,"date":"2025-12-09T09:59:31","date_gmt":"2025-12-09T08:59:31","guid":{"rendered":"https:\/\/www.lleidaacceleraelcreixement.com\/directori-dempreses-participants-5a-edicio\/"},"modified":"2025-12-12T08:51:28","modified_gmt":"2025-12-12T07:51:28","slug":"directorio-de-empresas-participantes-5a-edicion","status":"publish","type":"page","link":"https:\/\/www.lleidaacceleraelcreixement.com\/es\/directorio-de-empresas-participantes-5a-edicion\/","title":{"rendered":"Directorio de empresas participantes 5\u00aa edici\u00f3n"},"content":{"rendered":"<p>[vc_row css_animation=&#8221;element_from_fade&#8221; row_type=&#8221;row&#8221; use_row_as_full_screen_section=&#8221;no&#8221; type=&#8221;grid&#8221; angled_section=&#8221;no&#8221; text_align=&#8221;center&#8221; background_image_as_pattern=&#8221;without_pattern&#8221; padding_top=&#8221;50&#8243; padding_bottom=&#8221;40&#8243;][vc_column][vc_column_text]<\/p>\n<h1>Directorio de empresas participantes 5\u00aa edici\u00f3n programa Accelera el Creixement<\/h1>\n<p>[\/vc_column_text][vc_separator type=&#8221;transparent&#8221; down=&#8221;10&#8243;][\/vc_column][\/vc_row][vc_row css_animation=&#8221;element_from_fade&#8221; row_type=&#8221;row&#8221; use_row_as_full_screen_section=&#8221;no&#8221; type=&#8221;grid&#8221; angled_section=&#8221;no&#8221; text_align=&#8221;left&#8221; background_image_as_pattern=&#8221;without_pattern&#8221; el_class=&#8221;empresas-grid&#8221;][vc_column width=&#8221;1\/2&#8243;][vc_row_inner row_type=&#8221;row&#8221; type=&#8221;full_width&#8221; text_align=&#8221;left&#8221; css_animation=&#8221;&#8221;][vc_column_inner width=&#8221;1\/4&#8243;][vc_single_image image=&#8221;4831&#8243; img_size=&#8221;full&#8221; qode_css_animation=&#8221;&#8221;][\/vc_column_inner][vc_column_inner width=&#8221;3\/4&#8243;][vc_column_text]<\/p>\n<ul>\n<li><strong>Empresa:<\/strong>\u00a0<strong>ALT URGELL FIBRA, SL<\/strong><\/li>\n<li><strong>Poblaci\u00f3n:<\/strong> <strong>La Seu d\u2019Urgell<\/strong><\/li>\n<li><strong>Web:<\/strong> <a href=\"http:\/\/www.alturgellfibra.cat\/\" target=\"_blank\" rel=\"noopener noreferrer\">www.alturgellfibra.cat<\/a><\/li>\n<li><strong>Actividad:<\/strong> <strong>Instalaci\u00f3n y servicios de fibra \u00f3ptica y telefon\u00eda.<\/strong><\/li>\n<\/ul>\n<p>[\/vc_column_text][\/vc_column_inner][\/vc_row_inner][\/vc_column][vc_column width=&#8221;1\/2&#8243;][vc_row_inner row_type=&#8221;row&#8221; type=&#8221;full_width&#8221; text_align=&#8221;left&#8221; css_animation=&#8221;&#8221;][vc_column_inner width=&#8221;1\/4&#8243;][vc_single_image image=&#8221;4833&#8243; img_size=&#8221;full&#8221; qode_css_animation=&#8221;&#8221;][\/vc_column_inner][vc_column_inner width=&#8221;3\/4&#8243;][vc_column_text]<\/p>\n<ul>\n<li><strong>Empresa:<\/strong>\u00a0<strong>CAF\u00c8S BATALLA 2000, SL<\/strong><\/li>\n<li><strong>Poblaci\u00f3n:<\/strong> <strong>Lleida<\/strong><\/li>\n<li><strong>Web:<\/strong> <a href=\"https:\/\/cafesbatalla.com\/\" target=\"_blank\" rel=\"noopener noreferrer\">www.cafesbatalla.com<\/a><\/li>\n<li><strong>Actividad:<\/strong> <strong>Producci\u00f3n de caf\u00e9s, tes, infusiones, distribuciones alimentarias y servicios para hosteleria.<\/strong><\/li>\n<\/ul>\n<p>[\/vc_column_text][\/vc_column_inner][\/vc_row_inner][\/vc_column][\/vc_row][vc_row css_animation=&#8221;element_from_fade&#8221; row_type=&#8221;row&#8221; use_row_as_full_screen_section=&#8221;no&#8221; type=&#8221;grid&#8221; angled_section=&#8221;no&#8221; text_align=&#8221;left&#8221; background_image_as_pattern=&#8221;without_pattern&#8221; el_class=&#8221;empresas-grid&#8221;][vc_column width=&#8221;1\/2&#8243;][vc_row_inner row_type=&#8221;row&#8221; type=&#8221;full_width&#8221; text_align=&#8221;left&#8221; css_animation=&#8221;&#8221;][vc_column_inner width=&#8221;1\/4&#8243;][vc_single_image image=&#8221;4835&#8243; img_size=&#8221;full&#8221; qode_css_animation=&#8221;&#8221;][\/vc_column_inner][vc_column_inner width=&#8221;3\/4&#8243;][vc_column_text]<\/p>\n<ul>\n<li><strong>Empresa:<\/strong>\u00a0<strong>C\u00c0RNIQUES DEL PLA, SL<br \/>\n<\/strong><\/li>\n<li><strong>Poblaci\u00f3n:<\/strong> <strong>Mollerussa<\/strong><\/li>\n<li><strong>Web:<\/strong> <a href=\"https:\/\/www.carniquesdelpla.com\/\" target=\"_blank\" rel=\"noopener noreferrer\">www.carniquesdelpla.com<\/a><\/li>\n<li><strong>Actividad:<\/strong> <strong>Producci\u00f3n y venda al por mayor de productos c\u00e1rnicos.<\/strong><\/li>\n<\/ul>\n<p>[\/vc_column_text][\/vc_column_inner][\/vc_row_inner][\/vc_column][vc_column width=&#8221;1\/2&#8243;][vc_row_inner row_type=&#8221;row&#8221; type=&#8221;full_width&#8221; text_align=&#8221;left&#8221; css_animation=&#8221;&#8221;][vc_column_inner width=&#8221;1\/4&#8243;][vc_single_image image=&#8221;4839&#8243; img_size=&#8221;full&#8221; qode_css_animation=&#8221;&#8221;][\/vc_column_inner][vc_column_inner width=&#8221;3\/4&#8243;][vc_column_text]<\/p>\n<ul>\n<li><strong>Empresa:<\/strong>\u00a0<strong>FARINERA LA SEGARRA, SA<\/strong><\/li>\n<li><strong>Poblaci\u00f3n:<\/strong> <strong>Mald\u00e0<\/strong><\/li>\n<li><strong>Web:<\/strong> <a href=\"https:\/\/www.farineralasegarra.com\/\" target=\"_blank\" rel=\"noopener noreferrer\">www.farineralasegarra.com<\/a><\/li>\n<li><strong>Actividad:<\/strong> <strong>Molturaci\u00f3n de cereales y producci\u00f3n de harinas convencionales y ecol\u00f3gicos para panaderias.<\/strong><\/li>\n<\/ul>\n<p>[\/vc_column_text][\/vc_column_inner][\/vc_row_inner][\/vc_column][\/vc_row][vc_row css_animation=&#8221;element_from_fade&#8221; row_type=&#8221;row&#8221; use_row_as_full_screen_section=&#8221;no&#8221; type=&#8221;grid&#8221; angled_section=&#8221;no&#8221; text_align=&#8221;left&#8221; background_image_as_pattern=&#8221;without_pattern&#8221; el_class=&#8221;empresas-grid&#8221;][vc_column width=&#8221;1\/2&#8243;][vc_row_inner row_type=&#8221;row&#8221; type=&#8221;full_width&#8221; text_align=&#8221;left&#8221; css_animation=&#8221;&#8221;][vc_column_inner width=&#8221;1\/4&#8243;][vc_single_image image=&#8221;4841&#8243; img_size=&#8221;full&#8221; qode_css_animation=&#8221;&#8221;][\/vc_column_inner][vc_column_inner width=&#8221;3\/4&#8243;][vc_column_text]<\/p>\n<ul>\n<li><strong>Empresa:<\/strong>\u00a0<strong>FARRATGES NABAU, SL<\/strong><\/li>\n<li><strong>Poblaci\u00f3n:<\/strong> <strong>Linyola<\/strong><\/li>\n<li><strong>Web:<\/strong> <a href=\"https:\/\/www.farratgesnabau.com\" target=\"_blank\" rel=\"noopener noreferrer\">www.farratgesnabau.com<\/a><\/li>\n<li><strong>Actividad:<\/strong> <strong>Comercio al por mayor de cereales, tabaco en rama, semillas y alimentos para animales.<\/strong><\/li>\n<\/ul>\n<p>[\/vc_column_text][\/vc_column_inner][\/vc_row_inner][\/vc_column][vc_column width=&#8221;1\/2&#8243;][vc_row_inner row_type=&#8221;row&#8221; type=&#8221;full_width&#8221; text_align=&#8221;left&#8221; css_animation=&#8221;&#8221;][vc_column_inner width=&#8221;1\/4&#8243;][vc_single_image image=&#8221;4843&#8243; img_size=&#8221;full&#8221; qode_css_animation=&#8221;&#8221;][\/vc_column_inner][vc_column_inner width=&#8221;3\/4&#8243;][vc_column_text]<\/p>\n<ul>\n<li><strong>Empresa:<\/strong>\u00a0<strong>GEOSILVA PROJECTES, SL<\/strong><\/li>\n<li><strong>Poblaci\u00f3n:<\/strong> <strong>Olius<\/strong><\/li>\n<li><strong>Web:<\/strong> <a href=\"http:\/\/geosilva.com\/\" target=\"_blank\" rel=\"noopener noreferrer\">www.geosilva.com<\/a><\/li>\n<li><strong>Actividad:<\/strong> <strong>Instalaciones integrales.<\/strong><\/li>\n<\/ul>\n<p>[\/vc_column_text][\/vc_column_inner][\/vc_row_inner][\/vc_column][\/vc_row][vc_row css_animation=&#8221;element_from_fade&#8221; row_type=&#8221;row&#8221; use_row_as_full_screen_section=&#8221;no&#8221; type=&#8221;grid&#8221; angled_section=&#8221;no&#8221; text_align=&#8221;left&#8221; background_image_as_pattern=&#8221;without_pattern&#8221; el_class=&#8221;empresas-grid&#8221;][vc_column width=&#8221;1\/2&#8243;][vc_row_inner row_type=&#8221;row&#8221; type=&#8221;full_width&#8221; text_align=&#8221;left&#8221; css_animation=&#8221;&#8221;][vc_column_inner width=&#8221;1\/4&#8243;][vc_single_image image=&#8221;4845&#8243; img_size=&#8221;full&#8221; qode_css_animation=&#8221;&#8221;][\/vc_column_inner][vc_column_inner width=&#8221;3\/4&#8243;][vc_column_text]<\/p>\n<ul>\n<li><strong>Empresa:<\/strong>\u00a0<strong>IMPERIA CAPITAL GEST, SL (LA PIEMONTESA)<\/strong><\/li>\n<li><strong>Poblaci\u00f3n:<\/strong> <strong>Lleida<\/strong><\/li>\n<li><strong>Web:<\/strong> <a href=\"https:\/\/www.lapiemontesa.com\/\" target=\"_blank\" rel=\"noopener noreferrer\">www.lapiemontesa.com\/<\/a><\/li>\n<li><strong>Actividad:<\/strong> <strong>Hosteleria<\/strong><\/li>\n<\/ul>\n<p>[\/vc_column_text][\/vc_column_inner][\/vc_row_inner][\/vc_column][vc_column width=&#8221;1\/2&#8243;][vc_row_inner row_type=&#8221;row&#8221; type=&#8221;full_width&#8221; text_align=&#8221;left&#8221; css_animation=&#8221;&#8221;][vc_column_inner width=&#8221;1\/4&#8243;][vc_single_image image=&#8221;4847&#8243; img_size=&#8221;full&#8221; qode_css_animation=&#8221;&#8221;][\/vc_column_inner][vc_column_inner width=&#8221;3\/4&#8243;][vc_column_text]<\/p>\n<ul>\n<li><strong>Empresa:<\/strong>\u00a0<strong>L4 TECH, SL<\/strong><\/li>\n<li><strong>Poblaci\u00f3n:<\/strong> <strong>Lleida<\/strong><\/li>\n<li><strong>Web:<\/strong> <a href=\"https:\/\/level4.es\/\" target=\"_blank\" rel=\"noopener noreferrer\">www.level4.es<\/a><\/li>\n<li><strong>Actividad:<\/strong> <strong>Ciberseguredad, Infraestructura IT, Cloud, Compliance &amp; Legal, Formaciones, Desarrollo e integraciones de Software, y Transformaci\u00f3n Digital.<\/strong><\/li>\n<\/ul>\n<p>[\/vc_column_text][\/vc_column_inner][\/vc_row_inner][\/vc_column][\/vc_row][vc_row css_animation=&#8221;element_from_fade&#8221; row_type=&#8221;row&#8221; use_row_as_full_screen_section=&#8221;no&#8221; type=&#8221;grid&#8221; angled_section=&#8221;no&#8221; text_align=&#8221;left&#8221; background_image_as_pattern=&#8221;without_pattern&#8221; el_class=&#8221;empresas-grid&#8221;][vc_column width=&#8221;1\/2&#8243;][vc_row_inner row_type=&#8221;row&#8221; type=&#8221;full_width&#8221; text_align=&#8221;left&#8221; css_animation=&#8221;&#8221;][vc_column_inner width=&#8221;1\/4&#8243;][vc_single_image image=&#8221;4849&#8243; img_size=&#8221;full&#8221; qode_css_animation=&#8221;&#8221;][\/vc_column_inner][vc_column_inner width=&#8221;3\/4&#8243;][vc_column_text]<\/p>\n<ul>\n<li><strong>Empresa:<\/strong>\u00a0<strong>LLEURE QU\u00c0LIA, SCCL<\/strong><\/li>\n<li><strong>Poblaci\u00f3n:<\/strong> <strong>T\u00e0rrega<\/strong><\/li>\n<li><strong>Web:<\/strong> <a href=\"https:\/\/www.qualiacoop.cat\/\" target=\"_blank\" rel=\"noopener noreferrer\">www.qualiacoop.cat<\/a><\/li>\n<li><strong>Actividad:<\/strong> <strong>Cooperativa de iniciativa social sin \u00e1nimo de lucro que gestiona servicios educativos, sociales y de alimentaci\u00f3n.<\/strong><\/li>\n<\/ul>\n<p>[\/vc_column_text][\/vc_column_inner][\/vc_row_inner][\/vc_column][vc_column width=&#8221;1\/2&#8243;][vc_row_inner row_type=&#8221;row&#8221; type=&#8221;full_width&#8221; text_align=&#8221;left&#8221; css_animation=&#8221;&#8221;][vc_column_inner width=&#8221;1\/4&#8243;][vc_single_image image=&#8221;4851&#8243; img_size=&#8221;full&#8221; qode_css_animation=&#8221;&#8221;][\/vc_column_inner][vc_column_inner width=&#8221;3\/4&#8243;][vc_column_text]<\/p>\n<ul>\n<li><strong>Empresa:<\/strong>\u00a0<strong>RIBERO SAT N\u00fam. 1503 Cat<\/strong><\/li>\n<li><strong>Poblaci\u00f3n:<\/strong> <strong>Gerb<\/strong><\/li>\n<li><strong>Web:<\/strong> <a href=\"https:\/\/www.riberosat.es\/\" target=\"_blank\" rel=\"noopener noreferrer\">www.riberosat.es<\/a><\/li>\n<li><strong>Actividad:<\/strong> <strong>Producci\u00f3n, elaboraci\u00f3n y distribuci\u00f3n de alimentaci\u00f3n para conejos y otros roedores<\/strong><\/li>\n<\/ul>\n<p>[\/vc_column_text][\/vc_column_inner][\/vc_row_inner][\/vc_column][\/vc_row][vc_row css_animation=&#8221;element_from_fade&#8221; row_type=&#8221;row&#8221; use_row_as_full_screen_section=&#8221;no&#8221; type=&#8221;grid&#8221; angled_section=&#8221;no&#8221; text_align=&#8221;left&#8221; background_image_as_pattern=&#8221;without_pattern&#8221; el_class=&#8221;empresas-grid&#8221;][vc_column width=&#8221;1\/2&#8243;][vc_row_inner row_type=&#8221;row&#8221; type=&#8221;full_width&#8221; text_align=&#8221;left&#8221; css_animation=&#8221;&#8221;][vc_column_inner width=&#8221;1\/4&#8243;][vc_single_image image=&#8221;4853&#8243; img_size=&#8221;full&#8221; qode_css_animation=&#8221;&#8221;][\/vc_column_inner][vc_column_inner width=&#8221;3\/4&#8243;][vc_column_text]<\/p>\n<ul>\n<li><strong>Empresa:<\/strong>\u00a0<strong>ROSINACH INDUSTRIAL, SL<\/strong><\/li>\n<li><strong>Poblaci\u00f3n:<\/strong> <strong>Juneda<\/strong><\/li>\n<li><strong>Web:<\/strong> <a href=\"http:\/\/www.rosinachindustrial.com\/\" target=\"_blank\" rel=\"noopener noreferrer\">www.rosinachindustrial.com<\/a><\/li>\n<li><strong>Actividad:<\/strong> <strong>Instalaciones y mantenimientos industriales<\/strong><\/li>\n<\/ul>\n<p>[\/vc_column_text][\/vc_column_inner][\/vc_row_inner][\/vc_column][vc_column width=&#8221;1\/2&#8243;][vc_row_inner row_type=&#8221;row&#8221; type=&#8221;full_width&#8221; text_align=&#8221;left&#8221; css_animation=&#8221;&#8221;][vc_column_inner width=&#8221;1\/4&#8243;][vc_single_image image=&#8221;4855&#8243; img_size=&#8221;full&#8221; qode_css_animation=&#8221;&#8221;][\/vc_column_inner][vc_column_inner width=&#8221;3\/4&#8243;][vc_column_text]<\/p>\n<ul>\n<li><strong>Empresa:<\/strong>\u00a0<strong>SAT BEPA N\u00fam. 1544 Cat<\/strong><\/li>\n<li><strong>Poblaci\u00f3n:<\/strong> <strong>Ser\u00f2s<\/strong><\/li>\n<li><strong>Web:<\/strong> <a href=\"https:\/\/olimpfruit.com\/\" target=\"_blank\" rel=\"noopener noreferrer\">www.olimpfruit.com<\/a><\/li>\n<li><strong>Actividad:<\/strong> <strong>Producci\u00f3n, almacenaje, confecci\u00f3n y comercializaci\u00f3n de frutas.<\/strong><\/li>\n<\/ul>\n<p>[\/vc_column_text][\/vc_column_inner][\/vc_row_inner][\/vc_column][\/vc_row][vc_row css_animation=&#8221;element_from_fade&#8221; row_type=&#8221;row&#8221; use_row_as_full_screen_section=&#8221;no&#8221; type=&#8221;grid&#8221; angled_section=&#8221;no&#8221; text_align=&#8221;left&#8221; background_image_as_pattern=&#8221;without_pattern&#8221; el_class=&#8221;empresas-grid&#8221;][vc_column width=&#8221;1\/2&#8243;][vc_row_inner row_type=&#8221;row&#8221; type=&#8221;full_width&#8221; text_align=&#8221;left&#8221; css_animation=&#8221;&#8221;][vc_column_inner width=&#8221;1\/4&#8243;][vc_single_image image=&#8221;4857&#8243; img_size=&#8221;full&#8221; qode_css_animation=&#8221;&#8221;][\/vc_column_inner][vc_column_inner width=&#8221;3\/4&#8243;][vc_column_text]<\/p>\n<ul>\n<li><strong>Empresa:<\/strong>\u00a0<strong>TIMBERLAB, SLU<\/strong><\/li>\n<li><strong>Poblaci\u00f3n:<\/strong> <strong>Lleida<\/strong><\/li>\n<li><strong>Web:<\/strong> <a href=\"https:\/\/timberlab.cat\/\" target=\"_blank\" rel=\"noopener noreferrer\">www.timberlab.cat<\/a><\/li>\n<li><strong>Actividad:<\/strong> <strong>Construcci\u00f3n de viviendas con estructura de madera.<\/strong><\/li>\n<\/ul>\n<p>[\/vc_column_text][\/vc_column_inner][\/vc_row_inner][\/vc_column][vc_column width=&#8221;1\/2&#8243;][vc_row_inner row_type=&#8221;row&#8221; type=&#8221;full_width&#8221; text_align=&#8221;left&#8221; css_animation=&#8221;&#8221;][vc_column_inner width=&#8221;1\/4&#8243;][vc_single_image image=&#8221;4859&#8243; img_size=&#8221;full&#8221; qode_css_animation=&#8221;&#8221;][\/vc_column_inner][vc_column_inner width=&#8221;3\/4&#8243;][vc_column_text]<\/p>\n<ul>\n<li><strong>Empresa:<\/strong>\u00a0<strong>USE IT SOFTWARE, SL<\/strong><\/li>\n<li><strong>Poblaci\u00f3n:<\/strong> <strong>Lleida<\/strong><\/li>\n<li><strong>Web:<\/strong> <a href=\"https:\/\/useit.es\/\" target=\"_blank\" rel=\"noopener noreferrer\">www.useit.es<\/a><\/li>\n<li><strong>Actividad:<\/strong> <strong>Desarrollo de apps, webs, Odoo y proyectos de IA aplicada. Soluciones digitales a medida, integraciones avanzadas y productos propios.<br \/>\n<\/strong><\/li>\n<\/ul>\n<p>[\/vc_column_text][\/vc_column_inner][\/vc_row_inner][\/vc_column][\/vc_row][vc_row css_animation=&#8221;element_from_fade&#8221; row_type=&#8221;row&#8221; use_row_as_full_screen_section=&#8221;no&#8221; type=&#8221;grid&#8221; angled_section=&#8221;no&#8221; text_align=&#8221;left&#8221; background_image_as_pattern=&#8221;without_pattern&#8221; el_class=&#8221;empresas-grid&#8221;][vc_column width=&#8221;1\/2&#8243;][vc_row_inner row_type=&#8221;row&#8221; type=&#8221;full_width&#8221; text_align=&#8221;left&#8221; css_animation=&#8221;&#8221;][vc_column_inner width=&#8221;1\/4&#8243;][vc_single_image image=&#8221;4866&#8243; img_size=&#8221;full&#8221; qode_css_animation=&#8221;&#8221;][\/vc_column_inner][vc_column_inner width=&#8221;3\/4&#8243;][vc_column_text]<\/p>\n<ul>\n<li><strong>Empresa:<\/strong>\u00a0<strong>WOOD4YOU TALARN, SL<\/strong><\/li>\n<li><strong>Poblaci\u00f3n:<\/strong> <strong>Bellv\u00eds<\/strong><\/li>\n<li><strong>Web:<\/strong> <a href=\"https:\/\/wood4you.net\/\" target=\"_blank\" rel=\"noopener noreferrer\">www.wood4you.net<\/a><\/li>\n<li><strong>Actividad:<\/strong> <strong>Fabricaci\u00f3n en madra de expositores y transportines para el transporte de todo tipo de animales.<\/strong><\/li>\n<\/ul>\n<p>[\/vc_column_text][\/vc_column_inner][\/vc_row_inner][\/vc_column][vc_column width=&#8221;1\/2&#8243;][vc_row_inner row_type=&#8221;row&#8221; type=&#8221;full_width&#8221; text_align=&#8221;left&#8221; css_animation=&#8221;&#8221;][vc_column_inner width=&#8221;1\/4&#8243;][\/vc_column_inner][vc_column_inner width=&#8221;3\/4&#8243;][\/vc_column_inner][\/vc_row_inner][\/vc_column][\/vc_row][vc_row css_animation=&#8221;&#8221; row_type=&#8221;row&#8221; use_row_as_full_screen_section=&#8221;no&#8221; type=&#8221;full_width&#8221; angled_section=&#8221;no&#8221; text_align=&#8221;left&#8221; background_image_as_pattern=&#8221;without_pattern&#8221;][vc_column][vc_separator type=&#8221;transparent&#8221; down=&#8221;70&#8243;][\/vc_column][\/vc_row][vc_row css_animation=&#8221;element_from_fade&#8221; row_type=&#8221;row&#8221; use_row_as_full_screen_section=&#8221;no&#8221; type=&#8221;grid&#8221; angled_section=&#8221;no&#8221; text_align=&#8221;center&#8221; background_image=&#8221;790&#8243; background_image_as_pattern=&#8221;without_pattern&#8221; padding_top=&#8221;50&#8243; padding_bottom=&#8221;50&#8243; el_class=&#8221;contacto image&#8221;][vc_column][vc_column_text]<\/p>\n<h2>Contacta con nosotros<\/h2>\n<p>[\/vc_column_text]<div role=\"form\" class=\"wpcf7\" id=\"wpcf7-f54-o1\" lang=\"es-ES\" dir=\"ltr\">\n<div class=\"screen-reader-response\"><p role=\"status\" aria-live=\"polite\" aria-atomic=\"true\"><\/p> <ul><\/ul><\/div>\n<form action=\"\/es\/wp-json\/wp\/v2\/pages\/4870#wpcf7-f54-o1\" method=\"post\" class=\"wpcf7-form init default\" novalidate=\"novalidate\" data-status=\"init\">\n<div style=\"display: none;\">\n<input type=\"hidden\" name=\"_wpcf7\" value=\"54\" \/>\n<input type=\"hidden\" name=\"_wpcf7_version\" value=\"5.3\" \/>\n<input type=\"hidden\" name=\"_wpcf7_locale\" value=\"es_ES\" \/>\n<input type=\"hidden\" name=\"_wpcf7_unit_tag\" value=\"wpcf7-f54-o1\" \/>\n<input type=\"hidden\" name=\"_wpcf7_container_post\" value=\"0\" \/>\n<input type=\"hidden\" name=\"_wpcf7_posted_data_hash\" value=\"\" \/>\n<input type=\"hidden\" name=\"_wpcf7_recaptcha_response\" value=\"\" \/>\n<\/div>\n<div class=\"form_left\">\n<p><span class=\"lbl\">Nombre <span class=\"ast\">*<\/span><\/span> <span class=\"wpcf7-form-control-wrap your-name\"><input type=\"text\" name=\"your-name\" value=\"\" size=\"40\" class=\"wpcf7-form-control wpcf7-text wpcf7-validates-as-required\" aria-required=\"true\" aria-invalid=\"false\" \/><\/span> <\/p>\n<p><span class=\"lbl\">Tel\u00e9fono (fijo o m\u00f3vil) <span class=\"ast\">*<\/span><\/span> <span class=\"wpcf7-form-control-wrap telefono\"><input type=\"text\" name=\"telefono\" value=\"\" size=\"40\" class=\"wpcf7-form-control wpcf7-text wpcf7-validates-as-required\" aria-required=\"true\" aria-invalid=\"false\" \/><\/span> <\/p>\n<p><span class=\"lbl\">Correo electr\u00f3nico <span class=\"ast\">*<\/span><\/span> <span class=\"wpcf7-form-control-wrap your-email\"><input type=\"email\" name=\"your-email\" value=\"\" size=\"40\" class=\"wpcf7-form-control wpcf7-text wpcf7-email wpcf7-validates-as-required wpcf7-validates-as-email\" aria-required=\"true\" aria-invalid=\"false\" \/><\/span> <\/p>\n<\/div>\n<div class=\"form_right\">\n<div class=\"form_inline\">\n<p><span class=\"lbl\">Empresa <span class=\"ast\">*<\/span><\/span> <span class=\"wpcf7-form-control-wrap your-empresa\"><input type=\"text\" name=\"your-empresa\" value=\"\" size=\"40\" class=\"wpcf7-form-control wpcf7-text wpcf7-validates-as-required\" aria-required=\"true\" aria-invalid=\"false\" \/><\/span> <\/p>\n<p><span class=\"lbl\">Poblaci\u00f3n <span class=\"ast\">*<\/span><\/span> <span class=\"wpcf7-form-control-wrap your-poblacio\"><input type=\"text\" name=\"your-poblacio\" value=\"\" size=\"40\" class=\"wpcf7-form-control wpcf7-text wpcf7-validates-as-required\" aria-required=\"true\" aria-invalid=\"false\" \/><\/span> <\/p>\n<\/div>\n<p><span class=\"lbl\">Comentarios<\/span> <span class=\"wpcf7-form-control-wrap your-message\"><textarea name=\"your-message\" cols=\"40\" rows=\"10\" class=\"wpcf7-form-control wpcf7-textarea\" aria-invalid=\"false\"><\/textarea><\/span> <\/p>\n<\/div>\n<div class=\"form_bottom\">\n<p class=\"legal\"> <span class=\"wpcf7-form-control-wrap acceptance-183\"><span class=\"wpcf7-form-control wpcf7-acceptance\"><span class=\"wpcf7-list-item\"><input type=\"checkbox\" name=\"acceptance-183\" value=\"1\" aria-invalid=\"false\" id=\"legal\" \/><\/span><\/span><\/span> <span>He le\u00eddo y acepto las condiciones de <a href=\"\/aviso-legal\/\" target=\"_blank\">protecci\u00f3n de datos<\/a>.<\/span><\/p>\n<p class=\"required\"><span class=\"ast\">*<\/span> Campos obligatorios<\/p>\n<p class=\"buttons\"><input type=\"submit\" value=\"Enviar\" class=\"wpcf7-form-control wpcf7-submit\" \/><\/p>\n<\/div>\n<div class=\"form_left\">\n<div class=\"legal_note\">\n<strong>Finalidades: <\/strong> Responder sus solicitudes e informarle de nuestros servicios. <strong> Legitimaci\u00f3n: <\/strong> Consentimiento del interesado. <strong> Destinatarios: <\/strong> Los datos ser\u00e1n compartidos con Diputaci\u00f3 de Lleida. <strong> Derechos: <\/strong> Puede retirar su consentimiento en cualquier momento, as\u00ed como acceder, rectificar, suprimir sus datos y otros derechos a <a href=\"mailto:privacitat@pimec.org\"> privacidad @ pimec. org <\/a>. <strong> Informaci\u00f3n adicional: <\/strong> pueden ampliar la informaci\u00f3n en el enlace <a href=\"https:\/\/www.lleidaacceleraelcreixement.com\/es\/politica-de-privacidad\/\" target=\"_blank\">Pol\u00edtica de privacidad<\/a>.\n<\/div>\n<\/div>\n<div class=\"wpcf7-response-output\" aria-hidden=\"true\"><\/div><\/form><\/div>[\/vc_column][\/vc_row]<\/p>\n","protected":false},"excerpt":{"rendered":"<p>[vc_row css_animation=&#8221;element_from_fade&#8221; row_type=&#8221;row&#8221; use_row_as_full_screen_section=&#8221;no&#8221; type=&#8221;grid&#8221; angled_section=&#8221;no&#8221; text_align=&#8221;center&#8221; background_image_as_pattern=&#8221;without_pattern&#8221; padding_top=&#8221;50&#8243; padding_bottom=&#8221;40&#8243;][vc_column][vc_column_text] Directorio de empresas participantes 5\u00aa edici\u00f3n programa Accelera el Creixement [\/vc_column_text][vc_separator type=&#8221;transparent&#8221; down=&#8221;10&#8243;][\/vc_column][\/vc_row][vc_row css_animation=&#8221;element_from_fade&#8221; row_type=&#8221;row&#8221; use_row_as_full_screen_section=&#8221;no&#8221; type=&#8221;grid&#8221; angled_section=&#8221;no&#8221; text_align=&#8221;left&#8221; background_image_as_pattern=&#8221;without_pattern&#8221;&#8230;<\/p>\n","protected":false},"author":2,"featured_media":0,"parent":0,"menu_order":0,"comment_status":"closed","ping_status":"closed","template":"full_width.php","meta":{"_bbp_topic_count":0,"_bbp_reply_count":0,"_bbp_total_topic_count":0,"_bbp_total_reply_count":0,"_bbp_voice_count":0,"_bbp_anonymous_reply_count":0,"_bbp_topic_count_hidden":0,"_bbp_reply_count_hidden":0,"_bbp_forum_subforum_count":0},"_links":{"self":[{"href":"https:\/\/www.lleidaacceleraelcreixement.com\/es\/wp-json\/wp\/v2\/pages\/4870"}],"collection":[{"href":"https:\/\/www.lleidaacceleraelcreixement.com\/es\/wp-json\/wp\/v2\/pages"}],"about":[{"href":"https:\/\/www.lleidaacceleraelcreixement.com\/es\/wp-json\/wp\/v2\/types\/page"}],"author":[{"embeddable":true,"href":"https:\/\/www.lleidaacceleraelcreixement.com\/es\/wp-json\/wp\/v2\/users\/2"}],"replies":[{"embeddable":true,"href":"https:\/\/www.lleidaacceleraelcreixement.com\/es\/wp-json\/wp\/v2\/comments?post=4870"}],"version-history":[{"count":5,"href":"https:\/\/www.lleidaacceleraelcreixement.com\/es\/wp-json\/wp\/v2\/pages\/4870\/revisions"}],"predecessor-version":[{"id":4876,"href":"https:\/\/www.lleidaacceleraelcreixement.com\/es\/wp-json\/wp\/v2\/pages\/4870\/revisions\/4876"}],"wp:attachment":[{"href":"https:\/\/www.lleidaacceleraelcreixement.com\/es\/wp-json\/wp\/v2\/media?parent=4870"}],"curies":[{"name":"wp","href":"https:\/\/api.w.org\/{rel}","templated":true}]}}