{"id":3339,"date":"2023-09-29T08:23:22","date_gmt":"2023-09-29T06:23:22","guid":{"rendered":"https:\/\/www.lleidaacceleraelcreixement.com\/?page_id=3339"},"modified":"2023-09-29T08:23:22","modified_gmt":"2023-09-29T06:23:22","slug":"galeria-dimatges-segona-edicio","status":"publish","type":"page","link":"https:\/\/www.lleidaacceleraelcreixement.com\/es\/galeria-dimatges-segona-edicio\/","title":{"rendered":"Galer\u00eda de im\u00e1genes segunda edici\u00f3n"},"content":{"rendered":"<p>[vc_row css_animation=&#8221;element_from_fade&#8221; row_type=&#8221;row&#8221; use_row_as_full_screen_section=&#8221;no&#8221; type=&#8221;grid&#8221; angled_section=&#8221;no&#8221; text_align=&#8221;center&#8221; background_image_as_pattern=&#8221;without_pattern&#8221; padding_top=&#8221;50&#8243; padding_bottom=&#8221;40&#8243;][vc_column][vc_column_text]<\/p>\n<h1>Galer\u00eda de im\u00e1genes segunda edici\u00f3n<\/h1>\n<p>[\/vc_column_text][\/vc_column][\/vc_row][vc_row css_animation=&#8221;element_from_fade&#8221; row_type=&#8221;row&#8221; use_row_as_full_screen_section=&#8221;no&#8221; type=&#8221;grid&#8221; angled_section=&#8221;no&#8221; text_align=&#8221;left&#8221; background_image_as_pattern=&#8221;without_pattern&#8221; padding_bottom=&#8221;30&#8243;][vc_column][vc_column_text]<\/p>\n<h3 style=\"text-align: center;\">Accelera el Creixement 2\u00aa Edici\u00f3n<\/h3>\n<p>[\/vc_column_text][vc_separator type=&#8221;transparent&#8221; down=&#8221;20&#8243;][vc_gallery type=&#8221;image_grid&#8221; images=&#8221;3342,3344,3346,3348,3350,3352,3354,3356,3358,3360,3362,3364,3366,3368,3370,3372,3374,3376,3378,3380,3382,3384,3386,3388,3390,3392,3394,3396,3398,3400,3402,3404,3406,3408,3410,3412,3414,3416,3418,3420,3422,3424,3426,3428,3430,3432,3434,3436,3438,3440,3442,3444,3446,3448,3450,3452,3454,3456,3458,3460,3462,3464,3466,3468,3470,3472,3474,3476,3478,3480,3482,3484,3486,3488,3490,3492,3494,3496,3498,3500,3502,3504,3506,3508,3510,3512,3514,3516,3518,3520,3522,3524,3526,3528,3530,3532,3534,3536,3538,3540,3542,3544,3546,3548,3550,3552&#8243; img_size=&#8221;250&#215;160&#8243; column_number=&#8221;4&#8243; grayscale=&#8221;no&#8221; images_space=&#8221;gallery_with_space&#8221;][\/vc_column][\/vc_row][vc_row css_animation=&#8221;&#8221; row_type=&#8221;row&#8221; use_row_as_full_screen_section=&#8221;no&#8221; type=&#8221;full_width&#8221; angled_section=&#8221;no&#8221; text_align=&#8221;left&#8221; background_image_as_pattern=&#8221;without_pattern&#8221;][vc_column][vc_separator type=&#8221;transparent&#8221; down=&#8221;30&#8243;][\/vc_column][\/vc_row][vc_row css_animation=&#8221;element_from_fade&#8221; row_type=&#8221;row&#8221; use_row_as_full_screen_section=&#8221;no&#8221; type=&#8221;grid&#8221; angled_section=&#8221;no&#8221; text_align=&#8221;center&#8221; background_image=&#8221;790&#8243; background_image_as_pattern=&#8221;without_pattern&#8221; padding_top=&#8221;50&#8243; padding_bottom=&#8221;50&#8243; el_class=&#8221;contacto image&#8221;][vc_column][vc_column_text]<\/p>\n<h2>Contacta con nosotros con este formulario<\/h2>\n<p>[\/vc_column_text]<div role=\"form\" class=\"wpcf7\" id=\"wpcf7-f54-o1\" lang=\"es-ES\" dir=\"ltr\">\n<div class=\"screen-reader-response\"><p role=\"status\" aria-live=\"polite\" aria-atomic=\"true\"><\/p> <ul><\/ul><\/div>\n<form action=\"\/es\/wp-json\/wp\/v2\/pages\/3339#wpcf7-f54-o1\" method=\"post\" class=\"wpcf7-form init default\" novalidate=\"novalidate\" data-status=\"init\">\n<div style=\"display: none;\">\n<input type=\"hidden\" name=\"_wpcf7\" value=\"54\" \/>\n<input type=\"hidden\" name=\"_wpcf7_version\" value=\"5.3\" \/>\n<input type=\"hidden\" name=\"_wpcf7_locale\" value=\"es_ES\" \/>\n<input type=\"hidden\" name=\"_wpcf7_unit_tag\" value=\"wpcf7-f54-o1\" \/>\n<input type=\"hidden\" name=\"_wpcf7_container_post\" value=\"0\" \/>\n<input type=\"hidden\" name=\"_wpcf7_posted_data_hash\" value=\"\" \/>\n<input type=\"hidden\" name=\"_wpcf7_recaptcha_response\" value=\"\" \/>\n<\/div>\n<div class=\"form_left\">\n<p><span class=\"lbl\">Nombre <span class=\"ast\">*<\/span><\/span> <span class=\"wpcf7-form-control-wrap your-name\"><input type=\"text\" name=\"your-name\" value=\"\" size=\"40\" class=\"wpcf7-form-control wpcf7-text wpcf7-validates-as-required\" aria-required=\"true\" aria-invalid=\"false\" \/><\/span> <\/p>\n<p><span class=\"lbl\">Tel\u00e9fono (fijo o m\u00f3vil) <span class=\"ast\">*<\/span><\/span> <span class=\"wpcf7-form-control-wrap telefono\"><input type=\"text\" name=\"telefono\" value=\"\" size=\"40\" class=\"wpcf7-form-control wpcf7-text wpcf7-validates-as-required\" aria-required=\"true\" aria-invalid=\"false\" \/><\/span> <\/p>\n<p><span class=\"lbl\">Correo electr\u00f3nico <span class=\"ast\">*<\/span><\/span> <span class=\"wpcf7-form-control-wrap your-email\"><input type=\"email\" name=\"your-email\" value=\"\" size=\"40\" class=\"wpcf7-form-control wpcf7-text wpcf7-email wpcf7-validates-as-required wpcf7-validates-as-email\" aria-required=\"true\" aria-invalid=\"false\" \/><\/span> <\/p>\n<\/div>\n<div class=\"form_right\">\n<div class=\"form_inline\">\n<p><span class=\"lbl\">Empresa <span class=\"ast\">*<\/span><\/span> <span class=\"wpcf7-form-control-wrap your-empresa\"><input type=\"text\" name=\"your-empresa\" value=\"\" size=\"40\" class=\"wpcf7-form-control wpcf7-text wpcf7-validates-as-required\" aria-required=\"true\" aria-invalid=\"false\" \/><\/span> <\/p>\n<p><span class=\"lbl\">Poblaci\u00f3n <span class=\"ast\">*<\/span><\/span> <span class=\"wpcf7-form-control-wrap your-poblacio\"><input type=\"text\" name=\"your-poblacio\" value=\"\" size=\"40\" class=\"wpcf7-form-control wpcf7-text wpcf7-validates-as-required\" aria-required=\"true\" aria-invalid=\"false\" \/><\/span> <\/p>\n<\/div>\n<p><span class=\"lbl\">Comentarios<\/span> <span class=\"wpcf7-form-control-wrap your-message\"><textarea name=\"your-message\" cols=\"40\" rows=\"10\" class=\"wpcf7-form-control wpcf7-textarea\" aria-invalid=\"false\"><\/textarea><\/span> <\/p>\n<\/div>\n<div class=\"form_bottom\">\n<p class=\"legal\"> <span class=\"wpcf7-form-control-wrap acceptance-183\"><span class=\"wpcf7-form-control wpcf7-acceptance\"><span class=\"wpcf7-list-item\"><input type=\"checkbox\" name=\"acceptance-183\" value=\"1\" aria-invalid=\"false\" id=\"legal\" \/><\/span><\/span><\/span> <span>He le\u00eddo y acepto las condiciones de <a href=\"\/aviso-legal\/\" target=\"_blank\">protecci\u00f3n de datos<\/a>.<\/span><\/p>\n<p class=\"required\"><span class=\"ast\">*<\/span> Campos obligatorios<\/p>\n<p class=\"buttons\"><input type=\"submit\" value=\"Enviar\" class=\"wpcf7-form-control wpcf7-submit\" \/><\/p>\n<\/div>\n<div class=\"form_left\">\n<div class=\"legal_note\">\n<strong>Finalidades: <\/strong> Responder sus solicitudes e informarle de nuestros servicios. <strong> Legitimaci\u00f3n: <\/strong> Consentimiento del interesado. <strong> Destinatarios: <\/strong> Los datos ser\u00e1n compartidos con Diputaci\u00f3 de Lleida. <strong> Derechos: <\/strong> Puede retirar su consentimiento en cualquier momento, as\u00ed como acceder, rectificar, suprimir sus datos y otros derechos a <a href=\"mailto:privacitat@pimec.org\"> privacidad @ pimec. org <\/a>. <strong> Informaci\u00f3n adicional: <\/strong> pueden ampliar la informaci\u00f3n en el enlace <a href=\"https:\/\/www.lleidaacceleraelcreixement.com\/es\/politica-de-privacidad\/\" target=\"_blank\">Pol\u00edtica de privacidad<\/a>.\n<\/div>\n<\/div>\n<div class=\"wpcf7-response-output\" aria-hidden=\"true\"><\/div><\/form><\/div>[\/vc_column][\/vc_row]<\/p>\n","protected":false},"excerpt":{"rendered":"<p>[vc_row css_animation=&#8221;element_from_fade&#8221; row_type=&#8221;row&#8221; use_row_as_full_screen_section=&#8221;no&#8221; type=&#8221;grid&#8221; angled_section=&#8221;no&#8221; text_align=&#8221;center&#8221; background_image_as_pattern=&#8221;without_pattern&#8221; padding_top=&#8221;50&#8243; padding_bottom=&#8221;40&#8243;][vc_column][vc_column_text] Galer\u00eda de im\u00e1genes segunda edici\u00f3n [\/vc_column_text][\/vc_column][\/vc_row][vc_row css_animation=&#8221;element_from_fade&#8221; row_type=&#8221;row&#8221; use_row_as_full_screen_section=&#8221;no&#8221; type=&#8221;grid&#8221; angled_section=&#8221;no&#8221; text_align=&#8221;left&#8221; background_image_as_pattern=&#8221;without_pattern&#8221; padding_bottom=&#8221;30&#8243;][vc_column][vc_column_text] Accelera el Creixement 2\u00aa Edici\u00f3n [\/vc_column_text][vc_separator&#8230;<\/p>\n","protected":false},"author":2,"featured_media":0,"parent":0,"menu_order":0,"comment_status":"closed","ping_status":"closed","template":"full_width.php","meta":{"_bbp_topic_count":0,"_bbp_reply_count":0,"_bbp_total_topic_count":0,"_bbp_total_reply_count":0,"_bbp_voice_count":0,"_bbp_anonymous_reply_count":0,"_bbp_topic_count_hidden":0,"_bbp_reply_count_hidden":0,"_bbp_forum_subforum_count":0},"_links":{"self":[{"href":"https:\/\/www.lleidaacceleraelcreixement.com\/es\/wp-json\/wp\/v2\/pages\/3339"}],"collection":[{"href":"https:\/\/www.lleidaacceleraelcreixement.com\/es\/wp-json\/wp\/v2\/pages"}],"about":[{"href":"https:\/\/www.lleidaacceleraelcreixement.com\/es\/wp-json\/wp\/v2\/types\/page"}],"author":[{"embeddable":true,"href":"https:\/\/www.lleidaacceleraelcreixement.com\/es\/wp-json\/wp\/v2\/users\/2"}],"replies":[{"embeddable":true,"href":"https:\/\/www.lleidaacceleraelcreixement.com\/es\/wp-json\/wp\/v2\/comments?post=3339"}],"version-history":[{"count":4,"href":"https:\/\/www.lleidaacceleraelcreixement.com\/es\/wp-json\/wp\/v2\/pages\/3339\/revisions"}],"predecessor-version":[{"id":3556,"href":"https:\/\/www.lleidaacceleraelcreixement.com\/es\/wp-json\/wp\/v2\/pages\/3339\/revisions\/3556"}],"wp:attachment":[{"href":"https:\/\/www.lleidaacceleraelcreixement.com\/es\/wp-json\/wp\/v2\/media?parent=3339"}],"curies":[{"name":"wp","href":"https:\/\/api.w.org\/{rel}","templated":true}]}}