{"id":2408,"date":"2020-11-12T10:07:35","date_gmt":"2020-11-12T09:07:35","guid":{"rendered":"https:\/\/www.lleidaacceleraelcreixement.com\/?page_id=2408"},"modified":"2020-11-13T10:28:14","modified_gmt":"2020-11-13T09:28:14","slug":"politica-de-cookies","status":"publish","type":"page","link":"https:\/\/www.lleidaacceleraelcreixement.com\/es\/politica-de-cookies\/","title":{"rendered":"Pol\u00edtica de cookies"},"content":{"rendered":"<p>[vc_row css_animation=&#8221;&#8221; row_type=&#8221;row&#8221; use_row_as_full_screen_section=&#8221;no&#8221; type=&#8221;full_width&#8221; angled_section=&#8221;no&#8221; text_align=&#8221;left&#8221; background_image_as_pattern=&#8221;without_pattern&#8221; el_class=&#8221;cms&#8221;][vc_column][vc_column_text]<\/p>\n<div class=\"field field-name-body field-type-text-with-summary field-label-hidden\">\n<div class=\"field-items\">\n<div class=\"field-item even\">\n<p>Las cookies son breves informaciones que se env\u00edan y almacenan en el disco duro del ordenador del usuario a trav\u00e9s de su navegador cuando \u00e9ste se conecta a una web. Las cookies se pueden utilizar para recabar y almacenar datos del usuario mientras est\u00e1 conectado para facilitarle los servicios solicitados y que no se suelen conservar (cookies de sesi\u00f3n), o para conservar los datos del usuario para otro tipo de servicios futuros y que se pueden conservar por tiempo indefinido (cookies persistentes). Las cookies pueden ser propias o de terceros.<\/p>\n<p>Existen varios tipos de cookies:<\/p>\n<p><strong>Cookies t\u00e9cnicas<\/strong> que facilitan la navegaci\u00f3n del usuario y la utilizaci\u00f3n de las diferentes opciones o servicios que ofrece la web como identificar la sesi\u00f3n, permitir el acceso a determinadas \u00e1reas, facilitar pedidos, compras, cumplimentaci\u00f3n de formularios, inscripciones, seguridad, facilitar funcionalidades (v\u00eddeos, redes sociales, etc.).<\/p>\n<p><strong>Cookies de personalizaci\u00f3n <\/strong>que permiten al usuario acceder a los servicios seg\u00fan sus preferencias (idioma, navegador, configuraci\u00f3n, etc.).<\/p>\n<p><strong>Cookies de an\u00e1lisis<\/strong> que permiten el an\u00e1lisis an\u00f3nimo del comportamiento de los usuarios de la web y que permiten medir la actividad del usuario y elaborar perfiles de navegaci\u00f3n con el fin objetivo de mejorar los sitios web.<\/p>\n<p><strong>Cookies publicitarias<\/strong> que permiten la gesti\u00f3n de los espacios publicitarios de la web.<\/p>\n<p><strong>Cookies de publicidad personalizada<\/strong> que permiten la gesti\u00f3n de los espacios publicitarios de la web en base al comportamiento y h\u00e1bitos de navegaci\u00f3n del usuario, de donde se obtiene su perfil y este hecho permite personalizar la publicidad que se muestra en el navegador del usuario.<\/p>\n<p>&nbsp;<\/p>\n<h3><strong>Cookies utilizadas en esta web<\/strong><\/h3>\n<p>Se utilizan cookies t\u00e9cnicas y de personalizaci\u00f3n en este Sitio Web, que en ning\u00fan caso tratan datos de car\u00e1cter personal ni captan h\u00e1bitos de navegaci\u00f3n para fines publicitarios. De todas formas, le informamos que puede activar o desactivar estas cookies siguiendo las instrucciones de su navegador de Internet, aunque le advertimos que puede causar inconvenientes en el uso de este Sitio Web<\/p>\n<p>En www.acceleraelcreixement.com se utilizan los siguientes cookies de terceros:<\/p>\n<ul>\n<li><u>Google Analytics<\/u>: Utilizamos los servicios de an\u00e1lisis de rendimiento de Google Analytics (proporcionados por Google, Inc) con el fin de analizar las visitas que realizan los usuarios en la p\u00e1gina web, a trav\u00e9s de un ID de usuario an\u00f3nimo. Se obtiene informaci\u00f3n acerca de cu\u00e1ndo se ha finalizado la sesi\u00f3n, el origen del usuario, el dispositivo utilizado, o el idioma, entre otras variables. Para m\u00e1s informaci\u00f3n, te puedes dirigir al siguiente aviso de privacidad de Google: <a href=\"https:\/\/developers.google.com\/analytics\/devguides\/collection\/analyticsjs\/cookie-usage\">https:\/\/developers.google.com\/analytics\/devguides\/collection\/analyticsjs\/cookie-usage<\/a><\/li>\n<\/ul>\n<\/div>\n<\/div>\n<\/div>\n<p>[\/vc_column_text][vc_column_text]Siempre que lo desees, puedes cambiar tus preferencias respecto a las cookies aqu\u00ed: <strong><a href=\"\/#gdpr_cookie_modal\">Cambiar mis preferencias<\/a><\/strong>.[\/vc_column_text][\/vc_column][\/vc_row]<\/p>\n","protected":false},"excerpt":{"rendered":"<p>[vc_row css_animation=&#8221;&#8221; row_type=&#8221;row&#8221; use_row_as_full_screen_section=&#8221;no&#8221; type=&#8221;full_width&#8221; angled_section=&#8221;no&#8221; text_align=&#8221;left&#8221; background_image_as_pattern=&#8221;without_pattern&#8221; el_class=&#8221;cms&#8221;][vc_column][vc_column_text] Las cookies son breves informaciones que se env\u00edan y almacenan en el disco duro del ordenador del usuario a trav\u00e9s de&#8230;<\/p>\n","protected":false},"author":1,"featured_media":0,"parent":0,"menu_order":0,"comment_status":"closed","ping_status":"closed","template":"","meta":{"_bbp_topic_count":0,"_bbp_reply_count":0,"_bbp_total_topic_count":0,"_bbp_total_reply_count":0,"_bbp_voice_count":0,"_bbp_anonymous_reply_count":0,"_bbp_topic_count_hidden":0,"_bbp_reply_count_hidden":0,"_bbp_forum_subforum_count":0},"_links":{"self":[{"href":"https:\/\/www.lleidaacceleraelcreixement.com\/es\/wp-json\/wp\/v2\/pages\/2408"}],"collection":[{"href":"https:\/\/www.lleidaacceleraelcreixement.com\/es\/wp-json\/wp\/v2\/pages"}],"about":[{"href":"https:\/\/www.lleidaacceleraelcreixement.com\/es\/wp-json\/wp\/v2\/types\/page"}],"author":[{"embeddable":true,"href":"https:\/\/www.lleidaacceleraelcreixement.com\/es\/wp-json\/wp\/v2\/users\/1"}],"replies":[{"embeddable":true,"href":"https:\/\/www.lleidaacceleraelcreixement.com\/es\/wp-json\/wp\/v2\/comments?post=2408"}],"version-history":[{"count":5,"href":"https:\/\/www.lleidaacceleraelcreixement.com\/es\/wp-json\/wp\/v2\/pages\/2408\/revisions"}],"predecessor-version":[{"id":2435,"href":"https:\/\/www.lleidaacceleraelcreixement.com\/es\/wp-json\/wp\/v2\/pages\/2408\/revisions\/2435"}],"wp:attachment":[{"href":"https:\/\/www.lleidaacceleraelcreixement.com\/es\/wp-json\/wp\/v2\/media?parent=2408"}],"curies":[{"name":"wp","href":"https:\/\/api.w.org\/{rel}","templated":true}]}}