{"id":2405,"date":"2020-11-12T10:06:06","date_gmt":"2020-11-12T09:06:06","guid":{"rendered":"https:\/\/www.lleidaacceleraelcreixement.com\/?page_id=2405"},"modified":"2020-11-13T11:24:15","modified_gmt":"2020-11-13T10:24:15","slug":"politica-de-privacidad","status":"publish","type":"page","link":"https:\/\/www.lleidaacceleraelcreixement.com\/es\/politica-de-privacidad\/","title":{"rendered":"Pol\u00edtica de privacidad"},"content":{"rendered":"<p>[vc_row css_animation=&#8221;&#8221; row_type=&#8221;row&#8221; use_row_as_full_screen_section=&#8221;no&#8221; type=&#8221;full_width&#8221; angled_section=&#8221;no&#8221; text_align=&#8221;left&#8221; background_image_as_pattern=&#8221;without_pattern&#8221; el_class=&#8221;cms&#8221;][vc_column][vc_column_text]<\/p>\n<div class=\"field field-name-body field-type-text-with-summary field-label-hidden\">\n<div class=\"field-items\">\n<div class=\"field-item even\">\n<p>La confidencialidad y la seguridad son valores primordiales de PIMEC y la Diputaci\u00f3 de Barcelona como responsables del proyecto ACCELERA EL CREIXEMENT y, en consecuencia, asumimos el compromiso de garantizar la privacidad de los datos personales de nuestros participantes en todo momento y de no recabar informaci\u00f3n innecesaria .<\/p>\n<p>A continuaci\u00f3n, te proporcionamos toda la informaci\u00f3n necesaria sobre nuestra Pol\u00edtica de Privacidad en relaci\u00f3n con los datos personales que recogemos, explicando:<\/p>\n<ul>\n<li>\u00bfQui\u00e9n es el responsable del tratamiento de sus datos.<\/li>\n<li>Por qu\u00e9 fines pedimos los datos que te pedimos.<\/li>\n<li>\u00bfCu\u00e1l es la legitimaci\u00f3n para su tratamiento.<\/li>\n<li>Durante cu\u00e1nto tiempo las conservamos.<\/li>\n<li>A qu\u00e9 destinatarios se comunican tus datos.<\/li>\n<li>\u00bfCu\u00e1les son tus derechos.<\/li>\n<\/ul>\n<p>&nbsp;<\/p>\n<h3><strong>\u00bfQui\u00e9n es el responsable del tratamiento de los datos personales?<\/strong><\/h3>\n<p><strong>PIMEC, PETITA I MITJANA EMPRESA DE CATALUNYA<\/strong><\/p>\n<p><strong>NIF:<\/strong>\u00a0G61512257<br \/>\n<strong>Raz\u00f3n social:\u00a0<\/strong>C\/ Viladomat, 174. 08015 Barcelona<br \/>\n<strong>Contacto:<\/strong>\u00a0<a href=\"mailto:privacitat@pimec.org.\"><strong>privacitat@pimec.org<\/strong><\/a><\/p>\n<p>Tambi\u00e9n te informamos que, dentro del \u00e1mbito de responsabilidades que le corresponden, los datos se comparten con:<\/p>\n<p><strong>DIPUTACI\u00d3 DE BARCELONA<\/strong><\/p>\n<p><strong>Raz\u00f3n social:<\/strong> Rambla de Catalunya, 126. 08008 Barcelona<br \/>\n<strong>Contacte<\/strong>: diputacio.bcn@diba.cat<\/p>\n<h3><strong><br \/>\nQui\u00e9n velar\u00e1 por los datos en PIMEC?<\/strong><\/h3>\n<p>PIMEC ha nombrado un responsable de Protecci\u00f3n de Datos que ser\u00e1 el garante dentro de la entidad del cumplimiento de la normativa de protecci\u00f3n de datos.<\/p>\n<p>Podr\u00e1s contactar con el Responsable de Protecci\u00f3n de Datos de PIMEC en las siguientes direcciones:<\/p>\n<ul>\n<li>Correo electr\u00f3nico:\u00a0<a href=\"mailto:privacitat@pimec.org\"><strong>privacitat@pimec.org<\/strong><\/a><\/li>\n<li>Correo postal: C\/ Viladomat, 174. 08015 Barcelona<\/li>\n<\/ul>\n<p>Por su parte, la Diputaci\u00f3 de Barcelona pone a su disposici\u00f3n el buz\u00f3n delegatprotecdades@diba.cat desde donde el Delegado de Protecci\u00f3n de Datos le atender\u00e1.<\/p>\n<h3><strong>\u00bfCu\u00e1les son los colectivos de interesados?<\/strong><\/h3>\n<p>Los datos de car\u00e1cter personal tratados son las de los siguientes colectivos interesados:<\/p>\n<ul>\n<li>Personas de contacto de las empresas que participan o piden participar en el proyecto ACCELERA EL CREIXEMENT.<\/li>\n<li>Personas que nos han proporcionado sus datos en los diferentes formularios de la web para realizar consultas u obtener informaci\u00f3n sobre el proyecto ACCELERA EL CREIXEMENT<\/li>\n<\/ul>\n<p>&nbsp;<\/p>\n<h3><strong>\u00bfCon qu\u00e9 finalidad y legitimaci\u00f3n utilizamos los datos personales?<\/strong><\/h3>\n<p>Los datos de car\u00e1cter personal tratados ser\u00e1n aquellas que:<\/p>\n<ul>\n<li>Los interesados \u200b\u200bhayan facilitado a trav\u00e9s de los formularios web correspondientes.<\/li>\n<li>Hayan sido proporcionados en el momento de darse de alta o como resultado de la actualizaci\u00f3n de su vinculaci\u00f3n con el proyecto ACCELERA EL CREIXEMENT.<\/li>\n<li>Se hayan generado como consecuencia del desarrollo del proyecto ACCELERA EL CREIXEMENT<\/li>\n<li>PIMEC haya obtenido por diferentes medios, tal como se describe a lo largo de la presente Pol\u00edtica de Privacidad.<\/li>\n<li>Se incluyan en el env\u00edo de correos electr\u00f3nicos a las direcciones publicadas en la web del proyecto.<\/li>\n<\/ul>\n<p>Estos datos de car\u00e1cter personal ser\u00e1n tratados para las finalidades que se indican a continuaci\u00f3n, en la medida que haya una base legal para cada tratamiento.<\/p>\n<p><strong>Respuesta a solicitudes de informaci\u00f3n o de contacto<br \/>\n<\/strong>En la web hay un formulario mediante los cuales los usuarios pueden enviar solicitudes de informaci\u00f3n a los responsables del proyecto ACCELERA EL CREIXEMENT.<\/p>\n<p><strong>Legitimaci\u00f3n:<\/strong>Inter\u00e9s leg\u00edtimo de PIMEC y la Diputaci\u00f3n de Barcelona para este tratamiento de datos para dar respuesta a las solicitudes enviadas por los usuarios.<\/p>\n<p><strong><br \/>\nInscripci\u00f3n y participaci\u00f3n en el proyecto ACCELERA EL CREIXEMENT<br \/>\n<\/strong>Se tratar\u00e1n los datos personales de las personas que rellenan el formulario de inscripci\u00f3n al proyecto COMER\u00c721 con el fin de gestionar su vinculaci\u00f3n con el proyecto ACCELERA EL CREIXEMENT<\/p>\n<p><strong>Legitimaci\u00f3n:<\/strong>Inter\u00e9s leg\u00edtimo de PIMEC y la Diputaci\u00f3 de Barcelona para gestionar la participaci\u00f3n de los inscritos en el proyecto ACCELERA EL CREIXEMENT.<\/p>\n<p>&nbsp;<\/p>\n<p>Adem\u00e1s de los anteriores, PIMEC y la Diputaci\u00f3 de Barcelona podr\u00e1n llevar a cabo otros tratamientos de los datos personales. En este caso, el interesado recibir\u00e1 la informaci\u00f3n necesaria en relaci\u00f3n a estos tratamientos y PIMEC y la Diputaci\u00f3 de Barcelona solicitar\u00e1n su consentimiento si as\u00ed procede.<\/p>\n<p>&nbsp;<\/p>\n<h3><strong>Durante cu\u00e1nto tiempo PIMEC y la Diputaci\u00f3 de Barcelona conservar\u00e1n los datos?<\/strong><\/h3>\n<p>En general se conservar\u00e1n durante el tiempo que necesario para cumplir con la finalidad para la que se pidieron y para determinar las posibles responsabilidades que se puedan derivar de esta finalidad y del tratamiento de los datos.<\/p>\n<p>Entre otros, esto implica que PIMEC y la Diputaci\u00f3 de Barcelona conservar\u00e1n los datos personales de los interesados \u200b\u200bmientras dure la vinculaci\u00f3n de las empresas con el proyecto ACCELERA EL CREIXEMENT y, en todo caso, se conservar\u00e1n durante el per\u00edodo que resulte necesario para la formulaci\u00f3n, el ejercicio o la defensa de potenciales reclamaciones, para cumplir con obligaciones legales siempre que lo permita la legislaci\u00f3n aplicable.<\/p>\n<p>Una vez finalizado dicho plazo, PIMEC y la Diputaci\u00f3 de Barcelona se compromete a cesar el tratamiento de todos los datos personales, as\u00ed como bloquear debidamente. Sin embargo, los datos personales, especialmente en el caso de registros de uso, podr\u00e1n conservarse cuando resulte necesario durante per\u00edodos m\u00e1s largos, siempre que se traten exclusivamente con fines de an\u00e1lisis estad\u00edstico e investigaci\u00f3n.<\/p>\n<p>Transcurridos los plazos de prescripci\u00f3n legal, destruiremos, bloquearemos o anonimizar los datos personales en la medida de lo posible para la finalidad para la que se conservaran.<\/p>\n<p>&nbsp;<\/p>\n<h3><strong>A qui\u00e9n comunicaremos tus datos?<\/strong><\/h3>\n<p>Como se ha indicado cuando hemos identificado el responsable de los tratamientos, los datos se compartir\u00e1n entre PIMEC y la Diputaci\u00f3 de Barcelona dentro del \u00e1mbito de responsabilidades atribuidas a cada una de ellas.<\/p>\n<p>No cederemos tus datos personales a terceros, con la excepci\u00f3n de los ayuntamientos que puedan estar involucrados en el proyecto, a menos que sea necesario para prestarte servicio, que estemos cubiertos por una ley o que lo hayas pactado previamente con PIMEC y la Diputaci\u00f3 de Barcelona.<\/p>\n<p>Con el fin de prestarte un servicio adecuado y gestionar la relaci\u00f3n que mantenemos contigo como cliente, podemos comunicar tus datos personales a:<\/p>\n<ul>\n<li>Empresas que nos prestan servicios relacionados con la actividad ordinaria y administrativa de PIMEC y la Diputaci\u00f3 de Barcelona en calidad de encargados de tratamiento, nacionales o internacionales, en el marco de la prestaci\u00f3n de servicios tales como, entre otros, proveedores de servicios de correo electr\u00f3nico, alojamiento de servicios web, alojamiento de servidores, servicios de aplicaciones de gesti\u00f3n en modalidad SaaS, o archivo de ficheros en la nube.<\/li>\n<\/ul>\n<p>La prestaci\u00f3n de estos servicios puede implicar el tratamiento de los datos personales por parte de empresas ubicadas en pa\u00edses fuera del Espacio Econ\u00f3mico Europeo (transferencias internacionales de datos), \u00fanicamente cuando estos pa\u00edses ofrezcan un nivel adecuado de protecci\u00f3n, o en el caso de entidades de EE.UU. que est\u00e9n certificados en el marco del Escudo de Privacidad UE-EEUU. Decisi\u00f3n (UE) 2016\/1250 de la Comisi\u00f3n, de 12 de julio de 2016.<\/p>\n<ul>\n<li>PIMEC y la Diputaci\u00f3 de Barcelona tambi\u00e9n podr\u00e1 realizar cesiones o comunicaciones de datos personales para atender sus obligaciones con las administraciones p\u00fablicas en los casos en que as\u00ed se requiera de acuerdo con la legislaci\u00f3n vigente en cada caso.<\/li>\n<\/ul>\n<p>&nbsp;<\/p>\n<h3><strong>\u00bfCu\u00e1les son tus derechos derivados de facilitarnos tus datos?<\/strong><\/h3>\n<p>En cualquier momento puedes ejercer tus derechos de acceso, rectificaci\u00f3n, supresi\u00f3n y portabilidad de los datos personales, as\u00ed como los de oposici\u00f3n y limitaci\u00f3n del tratamiento, de los datos personales recogidos por PIMEC y la Diputaci\u00f3 de Barcelona.<\/p>\n<p>Estos derechos podr\u00e1n ser ejercitados gratuitamente por el interesado y, en su caso, por quien lo represente, mediante solicitud escrita y firmada, acompa\u00f1ada de copia de su DNI o de documento equivalente que acredite su identidad, dirigida:<\/p>\n<ul>\n<li>Por correo electr\u00f3nico a:\u00a0<a href=\"mailto:privacitat@pimec.org\"><strong>privacitat@pimec.org<\/strong><\/a><\/li>\n<li>Per correo postal a: C\/ Viladomat, 174. 08015 Barcelona<\/li>\n<\/ul>\n<p>En el caso de representaci\u00f3n, deber\u00e1 probarse mediante documento escrito y adjuntando copia del DNI o documento equivalente que acredite la identidad del representado, u otra documentaci\u00f3n acreditativa que se indique en el apartado Derechos ARCO.<\/p>\n<p>Adem\u00e1s de los derechos anteriores, el interesado tendr\u00e1 derecho a retirar el consentimiento otorgado\u00a0 en cualquier momento mediante el procedimiento antes descrito, sin que ello afecte la licitud del tratamiento anterior a la retirada del consentimiento. PIMEC y la Diputaci\u00f3n de Barcelona podr\u00e1 continuar tratando los datos personales del interesado en la medida que la ley aplicable lo permita o que persista cualquier otra legitimaci\u00f3n que lo justifique.<\/p>\n<p>PIMEC recuerda al interesado que tiene derecho a presentar una reclamaci\u00f3n ante la Autoridad Catalana de Protecci\u00f3n de Datos (APDCAT) a trav\u00e9s de su web:<a href=\"http:\/\/apdcat.gencat.cat\/ca\/drets_i_obligacions\/reclamar_i_denunciar\/\">http:\/\/apdcat.gencat.cat\/ca\/drets_i_obligacions\/reclamar_i_denunciar\/<\/a><\/p>\n<p>&nbsp;<\/p>\n<h3><strong>\u00bfQu\u00e9 medidas de seguridad aplicamos a tus datos personales <\/strong><\/h3>\n<p>Con el objetivo de salvaguardar la seguridad de tus datos personales, te informamos que en PIMEC y la Diputaci\u00f3 de Barcelona han adoptado todas las medidas de \u00edndole t\u00e9cnica y organizativa necesarias para garantizar la seguridad de los datos personales suministrados en cuanto a garantizar la confidencialidad, integridad, disponibilidad y resiliencia permanentes de los sistemas y servicios de tratamiento.<\/p>\n<p>En concreto, se dispone de medidas de seguridad consistentes en<\/p>\n<ul>\n<li>El control f\u00edsico del acceso y la protecci\u00f3n de los equipos, personas e instalaciones donde se realizan los tratamientos de datos<\/li>\n<li>El acceso a tus sistemas inform\u00e1ticos se realiza por medio de usuarios y contrase\u00f1as individuales, limitando el acceso a los datos a aquellos empleados que estrictamente lo requieran para el desempe\u00f1o de su puesto de trabajo.<\/li>\n<li>Copias de seguridad de los datos personales de los que hay que mantener la integridad y disponibilidad.<\/li>\n<li>En el supuesto de gestionar soportes o documentos con datos personales, \u00e9stos est\u00e1n debidamente custodiados bajo llave o con dispositivos de cierre equivalentes.<\/li>\n<li>Sistemas de protecci\u00f3n perimetral en la red para evitar intrusiones y antivirus de protecci\u00f3n de tus sistemas inform\u00e1ticos.<\/li>\n<li>Se dispone de un registro de incidencias de seguridad y se han establecido mecanismos y un procedimiento de notificaci\u00f3n de fallas de seguridad.<\/li>\n<li>Se dispone de un Plan de Continuidad que establece la posibilidad de restaurar la disponibilidad y el acceso a los datos personales de forma r\u00e1pida, en caso de incidente f\u00edsico o t\u00e9cnico dentro de los plazos requeridos para cumplir con los compromisos de negocio a los que estamos obligados seg\u00fan nuestro contrato de servicio.<\/li>\n<\/ul>\n<p>Asimismo, PIMEC y la Diputaci\u00f3 de Barcelona ha puesto en marcha controles internos para verificar, evaluar y valorar, de manera regular, la eficacia de las medidas t\u00e9cnicas y organizativas implantadas para garantizar la seguridad del tratamiento.<\/p>\n<h3><\/h3>\n<h3><strong>Actualizaci\u00f3n de tus datos<\/strong><\/h3>\n<p>Es importante que, para que podamos mantener sus datos personales actualizados, nos informes de cualquier modificaci\u00f3n en estos datos; en caso contrario, no respondemos de su veracidad.<\/p>\n<p>&nbsp;<\/p>\n<h3><strong>Modificaci\u00f3n de la Pol\u00edtica de Privacidad<\/strong><\/h3>\n<p>PIMEC y la Diputaci\u00f3 de Barcelona pueden modificar su Pol\u00edtica de Privacidad de acuerdo con la legislaci\u00f3n aplicable en cada momento. En todo caso, cualquier modificaci\u00f3n de la Pol\u00edtica de Privacidad te ser\u00e1 debidamente notificada para que quedes informado de los cambios realizados en el tratamiento de tus datos personales y, en caso de que la normativa aplicable as\u00ed lo exija, puedas otorgar su consentimiento.<\/p>\n<\/div>\n<\/div>\n<\/div>\n<p>[\/vc_column_text][\/vc_column][\/vc_row]<\/p>\n","protected":false},"excerpt":{"rendered":"<p>[vc_row css_animation=&#8221;&#8221; row_type=&#8221;row&#8221; use_row_as_full_screen_section=&#8221;no&#8221; type=&#8221;full_width&#8221; angled_section=&#8221;no&#8221; text_align=&#8221;left&#8221; background_image_as_pattern=&#8221;without_pattern&#8221; el_class=&#8221;cms&#8221;][vc_column][vc_column_text] La confidencialidad y la seguridad son valores primordiales de PIMEC y la Diputaci\u00f3 de Barcelona como responsables del proyecto ACCELERA EL&#8230;<\/p>\n","protected":false},"author":1,"featured_media":0,"parent":0,"menu_order":0,"comment_status":"closed","ping_status":"closed","template":"","meta":{"_bbp_topic_count":0,"_bbp_reply_count":0,"_bbp_total_topic_count":0,"_bbp_total_reply_count":0,"_bbp_voice_count":0,"_bbp_anonymous_reply_count":0,"_bbp_topic_count_hidden":0,"_bbp_reply_count_hidden":0,"_bbp_forum_subforum_count":0},"_links":{"self":[{"href":"https:\/\/www.lleidaacceleraelcreixement.com\/es\/wp-json\/wp\/v2\/pages\/2405"}],"collection":[{"href":"https:\/\/www.lleidaacceleraelcreixement.com\/es\/wp-json\/wp\/v2\/pages"}],"about":[{"href":"https:\/\/www.lleidaacceleraelcreixement.com\/es\/wp-json\/wp\/v2\/types\/page"}],"author":[{"embeddable":true,"href":"https:\/\/www.lleidaacceleraelcreixement.com\/es\/wp-json\/wp\/v2\/users\/1"}],"replies":[{"embeddable":true,"href":"https:\/\/www.lleidaacceleraelcreixement.com\/es\/wp-json\/wp\/v2\/comments?post=2405"}],"version-history":[{"count":6,"href":"https:\/\/www.lleidaacceleraelcreixement.com\/es\/wp-json\/wp\/v2\/pages\/2405\/revisions"}],"predecessor-version":[{"id":2440,"href":"https:\/\/www.lleidaacceleraelcreixement.com\/es\/wp-json\/wp\/v2\/pages\/2405\/revisions\/2440"}],"wp:attachment":[{"href":"https:\/\/www.lleidaacceleraelcreixement.com\/es\/wp-json\/wp\/v2\/media?parent=2405"}],"curies":[{"name":"wp","href":"https:\/\/api.w.org\/{rel}","templated":true}]}}