{"id":209,"date":"2017-05-01T15:22:11","date_gmt":"2017-05-01T13:22:11","guid":{"rendered":"https:\/\/www.lleidaacceleraelcreixement.com\/?page_id=209"},"modified":"2020-11-13T10:13:49","modified_gmt":"2020-11-13T09:13:49","slug":"aviso-legal","status":"publish","type":"page","link":"https:\/\/www.lleidaacceleraelcreixement.com\/es\/aviso-legal\/","title":{"rendered":"Aviso legal"},"content":{"rendered":"<p>[vc_row css_animation=&#8221;&#8221; row_type=&#8221;row&#8221; use_row_as_full_screen_section=&#8221;no&#8221; type=&#8221;full_width&#8221; angled_section=&#8221;no&#8221; text_align=&#8221;left&#8221; background_image_as_pattern=&#8221;without_pattern&#8221; el_class=&#8221;cms&#8221;][vc_column][vc_column_text]<\/p>\n<div class=\"field field-name-body field-type-text-with-summary field-label-hidden\">\n<div class=\"field-items\">\n<div class=\"field-item even\">\n<p><strong>Aviso Legal y condiciones de uso<br \/>\n<\/strong><\/p>\n<p>El presente aviso legal regula el acceso y el uso del sitio web bajo el dominio ACCELERAELCREIXEMENT.COM (en adelante, el &#8220;Sitio Web&#8221;) que PIMEC, micro petita i mitjana empresa de Catalunya (PIMEC) y la Diputaci\u00f3 de Barcelona ponen a disposici\u00f3n de los usuarios de Internet interesados en sus servicios y contenidos relacionados con el proyecto ACCELERA EL CREIXEMENT (en adelante, los &#8220;Usuarios&#8221;).<br \/>\nLos responsables de este sitio web son:<\/p>\n<p>\u2022 PIMEC, micro petita i mitjana empresa de Catalunya (PIMEC)<br \/>\nC\/ Viladomat, 174. 08015 Barcelona<br \/>\npimec@pimec.org<\/p>\n<p>\u2022 Diputaci\u00f3 de Barcelona<br \/>\nRambla de Catalunya, 126. 08008 Barcelona<br \/>\ndiputacio.bcn@diba.cat<\/p>\n<p>Este sitio Web cumple con lo establecido en la Ley 34\/2002, de 11 de julio, de Servicios de la Sociedad de la Informaci\u00f3n y de Comercio Electr\u00f3nico y con la legislaci\u00f3n vigente en materia de protecci\u00f3n de datos de car\u00e1cter personal.<\/p>\n<p>PIMEC y la Diputaci\u00f3 de Barcelona, como responsables del proyecto Accelera el Creixement podr\u00e1n alterar en cualquier momento y sin aviso previo, el dise\u00f1o, presentaci\u00f3n y\/o configuraci\u00f3n del Sitio Web, as\u00ed como algunos o todos los servicios, y a\u00f1adir servicios nuevos.<\/p>\n<p>La utilizaci\u00f3n de este Sitio Web implica la plena aceptaci\u00f3n de las disposiciones incluidas en este Aviso Legal y Condiciones de Uso en la versi\u00f3n publicada en el momento en que el Usuario acceda al Sitio Web. Asimismo, PIMEC y la Diputaci\u00f3 de Barcelona ponen en conocimiento de los Usuarios de este Sitio Web que estas Condiciones de Uso pueden ser modificadas sin notificaci\u00f3n previa. En consecuencia, el Usuario debe leer atentamente el presente Aviso Legal en cada una de las ocasiones en que se proceda a utilizar el Sitio Web, ya que aqu\u00e9l puede sufrir modificaciones.<\/p>\n<p>La utilizaci\u00f3n de ciertos servicios ofrecidos a los Usuarios a trav\u00e9s del Sitio Web puede encontrarse sometida a condiciones particulares propias que, seg\u00fan los casos sustituyen, completan y\/o modifican las presentes Condiciones de Uso. Por lo tanto, con anterioridad a la utilizaci\u00f3n de dichos servicios, el Usuario tambi\u00e9n ha de leer atentamente y aceptar asimismo las correspondientes condiciones particulares propias.<\/p>\n<p>&nbsp;<\/p>\n<h3>Protecci\u00f3n de datos personales<\/h3>\n<p><strong>Informaci\u00f3n<\/strong><br \/>\nLa informaci\u00f3n recibida por PIMEC y la Diputaci\u00f3 de Barcelona a trav\u00e9s de la presente p\u00e1gina Web ser\u00e1 tratada con la m\u00e1xima reserva y confidencialidad conforme a la normativa vigente en materia de protecci\u00f3n de datos de car\u00e1cter personal y de acuerdo con la pol\u00edtica de privacidad del proyecto Accelera el Creixement.<\/p>\n<p>PIMEC y la Diputaci\u00f3 de Barcelona informan al usuario de que los datos personales que pueda facilitar a trav\u00e9s de esta p\u00e1gina web ser\u00e1n tratados bajo su responsabilidad con la finalidad de gestionar los servicios proporcionados a trav\u00e9s del presente Sitio Web y su vinculaci\u00f3n con el proyecto Accelera el Creixement<\/p>\n<p>PIMEC y la Diputaci\u00f3 de Barcelona, podr\u00e1n utilizar los datos identificativos y de contacto de los usuarios para responder a sus consultas as\u00ed como para gestionar su participaci\u00f3n en el proyecto Accelera el Creixement.<\/p>\n<p>Al proporcionar sus datos a trav\u00e9s de los formularios incluidos en esta web, usted est\u00e1 dando su consentimiento al tratamiento de estos de acuerdo con las condiciones establecidas en esta cl\u00e1usula informativa.<\/p>\n<p><strong>Conservaci\u00f3n de los datos<\/strong><br \/>\nLos datos proporcionados se conservar\u00e1n hasta que dejen de ser necesarios o pertinentes para la finalidad para la que hubiesen sido recabados o registrados o persistan las responsabilidades derivadas de dicha finalidad.<\/p>\n<p><strong>Destinatarios<\/strong><br \/>\nLos datos no se ceder\u00e1n a terceros salvo en los casos en que exista una obligaci\u00f3n lega con la excepci\u00f3n de los respectivos ayuntamientos que puedan participar en este programa.<\/p>\n<p><strong>Derechos de acceso, rectificaci\u00f3n, cancelaci\u00f3n y oposici\u00f3n<\/strong><br \/>\nUsted puede solicitar en cualquier momento el acceso, rectificaci\u00f3n, oposici\u00f3n, cancelaci\u00f3n, portabilidad y olvido de sus datos personales, as\u00ed como la oposici\u00f3n a su tratamiento. Para ello, deber\u00e1 dirigirse a PIMEC por correo postal a C \/ Viladomat, 174. 08015 Barcelona o mediante correo electr\u00f3nico a privacitat@pimec.org.<\/p>\n<p><strong>Seguridad en el tratamiento, proceso inform\u00e1tico y custodia de datos<\/strong><br \/>\nPIMEC y la Diputaci\u00f3 de Barcelona declaran y garantizan que mantienen los niveles de seguridad de protecci\u00f3n de datos personales de acuerdo con la legislaci\u00f3n vigente. Para ello han establecido un Sistema de Gesti\u00f3n de la Protecci\u00f3n de Datos Personales a fin de determinar e implantar los medios t\u00e9cnicos y organizativos a su alcance para evitar la p\u00e9rdida, mal uso, alteraci\u00f3n, acceso no autorizado y robo de los datos facilitados por los usuarios, sin perjuicio de informar que las medidas de seguridad en Internet no son inexpugnables.<\/p>\n<h3>Condiciones de uso<\/h3>\n<p><strong>Condiciones de acceso y utilizaci\u00f3n del Sitio Web<\/strong><br \/>\nEl usuario se compromete a hacer un uso diligente del mismo y de los servicios accesibles desde este Sitio Web, con total sujeci\u00f3n a la Ley, a las buenas costumbres y las presentes Condiciones Generales y, en su caso, condiciones particulares, as\u00ed como manteniendo el debido respeto a los dem\u00e1s usuarios.<\/p>\n<p>Queda expresamente prohibido cualquier uso diferente a la finalidad de este Sitio Web.<\/p>\n<p>En este sentido, el Usuario renunciar\u00e1 a utilizar cualquiera de los materiales e informaciones contenidos en este Sitio Web con fines il\u00edcitos y expresamente prohibidos en las presentes Condiciones Generales de Uso as\u00ed como a las condiciones particulares que, en su caso, se habiliten que resulten contrarios a los derechos e intereses de PIMEC y la Diputaci\u00f3 de Barcelona, sus miembros y\/o terceros, y deber\u00e1 responder frente a los mismos en caso de contravenir o incumplir dichas obligaciones y\/o que, de cualquier modo (incluida la introducci\u00f3n o difusi\u00f3n de &#8220;virus inform\u00e1ticos&#8221;), da\u00f1e, inutilice, sobrecargue, deteriore o impida la normal utilizaci\u00f3n de los materiales e informaciones contenidos en el Sitio Web, los sistemas de informaci\u00f3n o los documentos, archivos y toda clase de contenidos almacenados en cualquier equipo inform\u00e1tico (hacking) de PIMEC, la Diputaci\u00f3 de Barcelona, de sus miembros o de cualquier Usuario del Sitio Web.<\/p>\n<p>Con car\u00e1cter general la prestaci\u00f3n de los servicios no exige la previa suscripci\u00f3n o registro de los Usuarios. No obstante, PIMEC y la Diputaci\u00f3 de Barcelona pueden condicionar la utilizaci\u00f3n de algunos de los servicios a la Previa cumplimentaci\u00f3n del correspondiente registro de Usuario, seleccionando el identificador (ID o login) y la contrase\u00f1a que el Usuario se compromete a conservar y a usar con la diligencia debida.<\/p>\n<p>Dado el caso, PIMEC y la Diputaci\u00f3 de Barcelona asignar\u00e1n el identificador seleccionado por el usuario siempre y cuando no haya sido previamente seleccionado por otro Usuario. El uso de la contrase\u00f1a es personal e intransferible, no estando permitida la cesi\u00f3n, ni siquiera temporal, a terceros. En tal sentido, el Usuario deber\u00e1 adoptar las medidas necesarias para la custodia de la contrase\u00f1a por \u00e9l seleccionada, evitando el uso de la misma por terceros. En consecuencia, el Usuario es el \u00fanico responsable de la utilizaci\u00f3n que, de su contrase\u00f1a se realice, con completa indemnidad para PIMEC y la Diputaci\u00f3 de Barcelona. En el supuesto de que el Usuario conozca o sospeche del uso de su contrase\u00f1a por terceros deber\u00e1 poner tal circunstancia en conocimiento de PIMEC y la Diputaci\u00f3 de Barcelona con la mayor brevedad.<\/p>\n<p>El citado registro se efectuar\u00e1 en la forma expresamente indicada en el propio servicio o en las Condiciones Particulares que, en su caso, lo regulen.<\/p>\n<p>Toda la informaci\u00f3n que facilite el Usuario a trav\u00e9s de los servicios deber\u00e1 ser veraz. A estos efectos, el Usuario garantiza la autenticidad de todos aquellos datos que comunique como consecuencia de la cumplimentaci\u00f3n de los formularios necesarios para la suscripci\u00f3n de los Servicios.<\/p>\n<p>De igual, forma, ser\u00e1 responsabilidad del Usuario mantener permanentemente actualizada toda la informaci\u00f3n facilitada a PIMEC y la Diputaci\u00f3 de Barcelona, de forma que responda en todo momento a la situaci\u00f3n real del Usuario. En todo caso el Usuario ser\u00e1 el \u00fanico responsable de las manifestaciones falsas o inexactas que realice y de los perjuicios que cause a PIMEC y la Diputaci\u00f3 de Barcelona o a terceros por la informaci\u00f3n que facilite.<\/p>\n<p>De conformidad con la pol\u00edtica anti-spamming de PIMEC y la Diputaci\u00f3 de Barcelona el Usuario se obliga a abstenerse de utilizar y recabar datos a partir de listas de distribuci\u00f3n a las que se pueda acceder a trav\u00e9s de las informaciones y servicios contenidos en el Sitio Web para la realizaci\u00f3n de actividades con fines promocionales o publicitarios as\u00ed como de remitir comunicaciones comerciales de cualquier clase y a trav\u00e9s de cualquier soporte no solicitados ni previamente consentidos por PIMEC, la Diputaci\u00f3 de Barcelona y\/o los interesados. El Usuario que incumpla intencional o culpablemente cualquiera de las precedentes obligaciones responder\u00e1 de todos los da\u00f1os y perjuicios que cause.<\/p>\n<p><strong>Exclusi\u00f3n de garant\u00edas y responsabilidad<\/strong><br \/>\nSalvo en aquellos casos expresamente descritos en las Condiciones de Uso y el resto del marco normativo, del Sitio Web, PIMEC y la Diputaci\u00f3 de Barcelona no se responsabilizan por los da\u00f1os y perjuicios de toda naturaleza que puedan deberse a la falta de exactitud, exhaustividad, actualidad, as\u00ed como a errores u omisiones de los que pudieran adolecer las informaciones y servicios contenidos de este Sitio Web u otros contenidos a los que se pueda acceder a trav\u00e9s del mismo ni asume ning\u00fan deber o compromiso de verificar ni de vigilar sus contenidos e informaciones.<\/p>\n<p>Asimismo, PIMEC y la Diputaci\u00f3 de Barcelona no garantizan la disponibilidad, continuidad ni la infalibilidad del funcionamiento del Sitio Web, y en consecuencia excluye, en la m\u00e1xima medida permitida por la legislaci\u00f3n vigente, cualquier responsabilidad por los da\u00f1os y perjuicios de toda naturaleza que puedan deberse a la falta de disponibilidad o de continuidad del funcionamiento del Sitio Web y de los servicios habilitados en el mismo, as\u00ed como a los errores en el acceso a las distintas p\u00e1ginas web o a aquellas desde las que, en su caso, se presten dichos servicios.<\/p>\n<p>PIMEC y la Diputaci\u00f3 de Barcelona excluyen cualquier responsabilidad por los da\u00f1os y perjuicios de toda \u00edndole que pudieran deberse a los servicios prestados por terceros a trav\u00e9s de este Sitio Web as\u00ed como a los medios que \u00e9stos habilitan para gestionar las solicitudes de servicio, y concretamente, a modo enunciativo y no limitativo: por los actos de competencia desleal y publicidad il\u00edcita como consecuencia de la prestaci\u00f3n de servicios por terceros a trav\u00e9s del Sitio Web, as\u00ed como a la falta de veracidad, exactitud, exhaustividad, vicios, defectos, pertinencia y\/o actualidad de los contenidos transmitidos, difundidos, almacenados, recibidos, obtenidos, puestos a disposici\u00f3n o accesibles mediante los servicios prestados por terceros a trav\u00e9s de este Sitio Web.<\/p>\n<p><strong>Legislaci\u00f3n aplicable<br \/>\n<\/strong>Las Condiciones de Uso y el resto de condiciones legales del sitio web se rigen en todos y cada uno de sus extremos por la ley espa\u00f1ola.<\/p>\n<\/div>\n<\/div>\n<\/div>\n<p>[\/vc_column_text][\/vc_column][\/vc_row]<\/p>\n","protected":false},"excerpt":{"rendered":"<p>[vc_row css_animation=&#8221;&#8221; row_type=&#8221;row&#8221; use_row_as_full_screen_section=&#8221;no&#8221; type=&#8221;full_width&#8221; angled_section=&#8221;no&#8221; text_align=&#8221;left&#8221; background_image_as_pattern=&#8221;without_pattern&#8221; el_class=&#8221;cms&#8221;][vc_column][vc_column_text] Aviso Legal y condiciones de uso El presente aviso legal regula el acceso y el uso del sitio web bajo el&#8230;<\/p>\n","protected":false},"author":1,"featured_media":0,"parent":0,"menu_order":0,"comment_status":"closed","ping_status":"closed","template":"","meta":{"_bbp_topic_count":0,"_bbp_reply_count":0,"_bbp_total_topic_count":0,"_bbp_total_reply_count":0,"_bbp_voice_count":0,"_bbp_anonymous_reply_count":0,"_bbp_topic_count_hidden":0,"_bbp_reply_count_hidden":0,"_bbp_forum_subforum_count":0},"_links":{"self":[{"href":"https:\/\/www.lleidaacceleraelcreixement.com\/es\/wp-json\/wp\/v2\/pages\/209"}],"collection":[{"href":"https:\/\/www.lleidaacceleraelcreixement.com\/es\/wp-json\/wp\/v2\/pages"}],"about":[{"href":"https:\/\/www.lleidaacceleraelcreixement.com\/es\/wp-json\/wp\/v2\/types\/page"}],"author":[{"embeddable":true,"href":"https:\/\/www.lleidaacceleraelcreixement.com\/es\/wp-json\/wp\/v2\/users\/1"}],"replies":[{"embeddable":true,"href":"https:\/\/www.lleidaacceleraelcreixement.com\/es\/wp-json\/wp\/v2\/comments?post=209"}],"version-history":[{"count":5,"href":"https:\/\/www.lleidaacceleraelcreixement.com\/es\/wp-json\/wp\/v2\/pages\/209\/revisions"}],"predecessor-version":[{"id":2433,"href":"https:\/\/www.lleidaacceleraelcreixement.com\/es\/wp-json\/wp\/v2\/pages\/209\/revisions\/2433"}],"wp:attachment":[{"href":"https:\/\/www.lleidaacceleraelcreixement.com\/es\/wp-json\/wp\/v2\/media?parent=209"}],"curies":[{"name":"wp","href":"https:\/\/api.w.org\/{rel}","templated":true}]}}