{"id":1380,"date":"2019-03-14T09:41:33","date_gmt":"2019-03-14T08:41:33","guid":{"rendered":"https:\/\/www.lleidaacceleraelcreixement.com\/es\/?page_id=1380"},"modified":"2025-10-23T15:34:26","modified_gmt":"2025-10-23T13:34:26","slug":"videos","status":"publish","type":"page","link":"https:\/\/www.lleidaacceleraelcreixement.com\/es\/videos\/","title":{"rendered":"Videos"},"content":{"rendered":"<p>[vc_row css_animation=&#8221;element_from_fade&#8221; row_type=&#8221;row&#8221; use_row_as_full_screen_section=&#8221;no&#8221; type=&#8221;grid&#8221; angled_section=&#8221;no&#8221; text_align=&#8221;center&#8221; background_image_as_pattern=&#8221;without_pattern&#8221; padding_top=&#8221;50&#8243; padding_bottom=&#8221;40&#8243;][vc_column][vc_column_text]<\/p>\n<h1>Videos testimoniales de las empresas participantes<\/h1>\n<p>[\/vc_column_text][\/vc_column][\/vc_row][vc_row css_animation=&#8221;element_from_fade&#8221; row_type=&#8221;row&#8221; use_row_as_full_screen_section=&#8221;no&#8221; type=&#8221;grid&#8221; angled_section=&#8221;no&#8221; text_align=&#8221;left&#8221; background_image_as_pattern=&#8221;without_pattern&#8221; padding_bottom=&#8221;30&#8243;][vc_column width=&#8221;1\/2&#8243;][vc_video link=&#8221;https:\/\/www.youtube.com\/watch?v=QNdUQOjw66o&#8221; align=&#8221;center&#8221;][vc_separator type=&#8221;transparent&#8221; down=&#8221;10&#8243;][vc_column_text]<span data-olk-copy-source=\"MessageBody\">Testimonio de la empresa Gesener de Almacelles, participante en la 4a edici\u00f3n del programa<\/span>[\/vc_column_text][\/vc_column][vc_column width=&#8221;1\/2&#8243;][vc_video link=&#8221;https:\/\/www.youtube.com\/watch?v=N26WO-j_fys&#8221; align=&#8221;center&#8221;][vc_separator type=&#8221;transparent&#8221; down=&#8221;10&#8243;][vc_column_text]<\/p>\n<p class=\"title style-scope ytd-video-primary-info-renderer\"><span data-olk-copy-source=\"MessageBody\">Testimonio de la empresa Sistemes Electr\u00f2nics Progr\u00e9s de El Palau de Anglesola, participante en la 4a edici\u00f3n del programa<\/span><\/p>\n<p>[\/vc_column_text][\/vc_column][\/vc_row][vc_row css_animation=&#8221;element_from_fade&#8221; row_type=&#8221;row&#8221; use_row_as_full_screen_section=&#8221;no&#8221; type=&#8221;grid&#8221; angled_section=&#8221;no&#8221; text_align=&#8221;left&#8221; background_image_as_pattern=&#8221;without_pattern&#8221; padding_bottom=&#8221;30&#8243;][vc_column width=&#8221;1\/2&#8243;][vc_video link=&#8221;https:\/\/www.youtube.com\/watch?v=k9YHRa4Gqq8&#8243; align=&#8221;center&#8221;][vc_separator type=&#8221;transparent&#8221; down=&#8221;10&#8243;][vc_column_text]<span data-olk-copy-source=\"MessageBody\">Testimoni de la empresa Torrons F\u00e8lix d&#8217;Agramunt, participante en la 4a edici\u00f3n del programa<\/span>[\/vc_column_text][\/vc_column][vc_column width=&#8221;1\/2&#8243;][vc_video link=&#8221;https:\/\/www.youtube.com\/watch?v=EXjpVjaPZVc&#8221; align=&#8221;center&#8221;][vc_separator type=&#8221;transparent&#8221; down=&#8221;10&#8243;][vc_column_text]<\/p>\n<p class=\"title style-scope ytd-video-primary-info-renderer\"><span data-olk-copy-source=\"MessageBody\">Testimonio de la empresa Vulcanitzats Grup Loype de Vallfogona de Balaguer, participante en la 4a edici\u00f3n del programa<\/span><\/p>\n<p>[\/vc_column_text][\/vc_column][\/vc_row][vc_row css_animation=&#8221;element_from_fade&#8221; row_type=&#8221;row&#8221; use_row_as_full_screen_section=&#8221;no&#8221; type=&#8221;grid&#8221; angled_section=&#8221;no&#8221; text_align=&#8221;left&#8221; background_image_as_pattern=&#8221;without_pattern&#8221; padding_bottom=&#8221;30&#8243;][vc_column width=&#8221;1\/2&#8243;][vc_video link=&#8221;https:\/\/www.youtube.com\/watch?v=31tPv8xh6rY&#8221; align=&#8221;center&#8221;][vc_separator type=&#8221;transparent&#8221; down=&#8221;10&#8243;][vc_column_text]Testimonio de la empresa BADIA VINAGRES de Mollerussa, participante en la 2a edici\u00f3n del programa[\/vc_column_text][\/vc_column][vc_column width=&#8221;1\/2&#8243;][vc_video link=&#8221;https:\/\/www.youtube.com\/watch?v=4pVkautZ3h8&#8243; align=&#8221;center&#8221;][vc_separator type=&#8221;transparent&#8221; down=&#8221;10&#8243;][vc_column_text]<\/p>\n<p class=\"title style-scope ytd-video-primary-info-renderer\"><span class=\"x_ContentPasted3\">Testimonio de la empresa MANUFACTURES DFERRO de Guissona, participante en la 2a edici\u00f3n del programa<\/span><\/p>\n<p>[\/vc_column_text][\/vc_column][\/vc_row][vc_row css_animation=&#8221;element_from_fade&#8221; row_type=&#8221;row&#8221; use_row_as_full_screen_section=&#8221;no&#8221; type=&#8221;grid&#8221; angled_section=&#8221;no&#8221; text_align=&#8221;left&#8221; background_image_as_pattern=&#8221;without_pattern&#8221; padding_bottom=&#8221;30&#8243;][vc_column width=&#8221;1\/2&#8243;][vc_video link=&#8221;https:\/\/www.youtube.com\/watch?v=m_7vQgPADaA&#8221; align=&#8221;center&#8221;][vc_separator type=&#8221;transparent&#8221; down=&#8221;10&#8243;][vc_column_text]<span class=\"x_ContentPasted4\">Testimonio de la empresa ROM\u00c0 INFRAESTRUCTURES de Miralcamp, participante en la 2a edici\u00f3n del programa<\/span>[\/vc_column_text][\/vc_column][vc_column width=&#8221;1\/2&#8243;][vc_video link=&#8221;https:\/\/www.youtube.com\/watch?v=BhgaUEWEayg&#8221; align=&#8221;center&#8221;][vc_separator type=&#8221;transparent&#8221; down=&#8221;10&#8243;][vc_column_text]<\/p>\n<p class=\"title style-scope ytd-video-primary-info-renderer\"><span class=\"x_ContentPasted5\">Testimonio de la empresa INNOFERTI d\u2019Alcoletge, participante en la 2a edici\u00f3n del programa<\/span><\/p>\n<p>[\/vc_column_text][\/vc_column][\/vc_row][vc_row css_animation=&#8221;element_from_fade&#8221; row_type=&#8221;row&#8221; use_row_as_full_screen_section=&#8221;no&#8221; type=&#8221;grid&#8221; angled_section=&#8221;no&#8221; text_align=&#8221;left&#8221; background_image_as_pattern=&#8221;without_pattern&#8221; padding_bottom=&#8221;30&#8243;][vc_column width=&#8221;1\/2&#8243;][vc_video link=&#8221;https:\/\/www.youtube.com\/watch?v=ouU5MfHSP64&#8243; align=&#8221;center&#8221;][vc_separator type=&#8221;transparent&#8221; down=&#8221;10&#8243;][vc_column_text]Testimonio de la empresa BATSI &#8211; EID ELECTRONICS de Torrefarrera, particip\u00f3 en la 1\u00aa edici\u00f3n del programa.[\/vc_column_text][\/vc_column][vc_column width=&#8221;1\/2&#8243;][vc_video link=&#8221;https:\/\/www.youtube.com\/watch?v=23FZxQTtrV8&amp;feature=youtu.be&#8221; align=&#8221;center&#8221;][vc_separator type=&#8221;transparent&#8221; down=&#8221;10&#8243;][vc_column_text]<\/p>\n<p class=\"title style-scope ytd-video-primary-info-renderer\">Testimonio de la empresa SOLUTIOMA de Lleida, particip\u00f3 en la 1\u00aa edici\u00f3n del programa.<\/p>\n<p>[\/vc_column_text][\/vc_column][\/vc_row][vc_row css_animation=&#8221;element_from_fade&#8221; row_type=&#8221;row&#8221; use_row_as_full_screen_section=&#8221;no&#8221; type=&#8221;grid&#8221; angled_section=&#8221;no&#8221; text_align=&#8221;left&#8221; background_image_as_pattern=&#8221;without_pattern&#8221; padding_bottom=&#8221;30&#8243;][vc_column width=&#8221;1\/2&#8243;][vc_video link=&#8221;https:\/\/www.youtube.com\/watch?v=3Oja2cbZmB4&amp;feature=youtu.be&#8221; align=&#8221;center&#8221;][vc_separator type=&#8221;transparent&#8221; down=&#8221;10&#8243;][vc_column_text]<\/p>\n<p class=\"title style-scope ytd-video-primary-info-renderer\">Testimonio de la empresa IDEACER INOX de Bellv\u00eds, particip\u00f3 en la 1\u00aa edici\u00f3n del programa.<\/p>\n<p>[\/vc_column_text][\/vc_column][vc_column width=&#8221;1\/2&#8243;][vc_video link=&#8221;https:\/\/www.youtube.com\/watch?v=-FPvvcNKeCE&amp;feature=youtu.be&#8221; align=&#8221;center&#8221;][vc_separator type=&#8221;transparent&#8221; down=&#8221;10&#8243;][vc_column_text]<\/p>\n<p class=\"title style-scope ytd-video-primary-info-renderer\">Testimonio de la empresa COPIRAL de Agramunt, particip\u00f3 en la 1\u00aa edici\u00f3n del programa.<\/p>\n<p>[\/vc_column_text][\/vc_column][\/vc_row][vc_row css_animation=&#8221;&#8221; row_type=&#8221;row&#8221; use_row_as_full_screen_section=&#8221;no&#8221; type=&#8221;full_width&#8221; angled_section=&#8221;no&#8221; text_align=&#8221;left&#8221; background_image_as_pattern=&#8221;without_pattern&#8221;][vc_column][vc_separator type=&#8221;transparent&#8221; down=&#8221;30&#8243;][\/vc_column][\/vc_row][vc_row css_animation=&#8221;element_from_fade&#8221; row_type=&#8221;row&#8221; use_row_as_full_screen_section=&#8221;no&#8221; type=&#8221;grid&#8221; angled_section=&#8221;no&#8221; text_align=&#8221;center&#8221; background_image=&#8221;790&#8243; background_image_as_pattern=&#8221;without_pattern&#8221; padding_top=&#8221;50&#8243; padding_bottom=&#8221;50&#8243; el_class=&#8221;contacto image&#8221;][vc_column][vc_column_text]<\/p>\n<h2>Contacta amb nosaltres amb aquest formulari<\/h2>\n<p>[\/vc_column_text]<div role=\"form\" class=\"wpcf7\" id=\"wpcf7-f208-o1\" lang=\"es-ES\" dir=\"ltr\">\n<div class=\"screen-reader-response\"><p role=\"status\" aria-live=\"polite\" aria-atomic=\"true\"><\/p> <ul><\/ul><\/div>\n<form action=\"\/es\/wp-json\/wp\/v2\/pages\/1380#wpcf7-f208-o1\" method=\"post\" class=\"wpcf7-form init default\" novalidate=\"novalidate\" data-status=\"init\">\n<div style=\"display: none;\">\n<input type=\"hidden\" name=\"_wpcf7\" value=\"208\" \/>\n<input type=\"hidden\" name=\"_wpcf7_version\" value=\"5.3\" \/>\n<input type=\"hidden\" name=\"_wpcf7_locale\" value=\"es_ES\" \/>\n<input type=\"hidden\" name=\"_wpcf7_unit_tag\" value=\"wpcf7-f208-o1\" \/>\n<input type=\"hidden\" name=\"_wpcf7_container_post\" value=\"0\" \/>\n<input type=\"hidden\" name=\"_wpcf7_posted_data_hash\" value=\"\" \/>\n<input type=\"hidden\" name=\"_wpcf7_recaptcha_response\" value=\"\" \/>\n<\/div>\n<div class=\"form_left\">\n<p><span class=\"lbl\">Nom <span class=\"ast\">*<\/span><\/span> <span class=\"wpcf7-form-control-wrap your-name\"><input type=\"text\" name=\"your-name\" value=\"\" size=\"40\" class=\"wpcf7-form-control wpcf7-text wpcf7-validates-as-required\" aria-required=\"true\" aria-invalid=\"false\" \/><\/span> <\/p>\n<p><span class=\"lbl\">Tel\u00e8fon (fixe o m\u00f3bil) <span class=\"ast\">*<\/span><\/span> <span class=\"wpcf7-form-control-wrap telefono\"><input type=\"text\" name=\"telefono\" value=\"\" size=\"40\" class=\"wpcf7-form-control wpcf7-text wpcf7-validates-as-required\" aria-required=\"true\" aria-invalid=\"false\" \/><\/span> <\/p>\n<p><span class=\"lbl\">Correu electr\u00f2nic <span class=\"ast\">*<\/span><\/span> <span class=\"wpcf7-form-control-wrap your-email\"><input type=\"email\" name=\"your-email\" value=\"\" size=\"40\" class=\"wpcf7-form-control wpcf7-text wpcf7-email wpcf7-validates-as-required wpcf7-validates-as-email\" aria-required=\"true\" aria-invalid=\"false\" \/><\/span> <\/p>\n<\/div>\n<div class=\"form_right\">\n<div class=\"form_inline\">\n<p><span class=\"lbl\">Empresa <span class=\"ast\">*<\/span><\/span> <span class=\"wpcf7-form-control-wrap your-empresa\"><input type=\"text\" name=\"your-empresa\" value=\"\" size=\"40\" class=\"wpcf7-form-control wpcf7-text wpcf7-validates-as-required\" aria-required=\"true\" aria-invalid=\"false\" \/><\/span> <\/p>\n<p><span class=\"lbl\">Poblaci\u00f3 <span class=\"ast\">*<\/span><\/span> <span class=\"wpcf7-form-control-wrap your-poblacio\"><input type=\"text\" name=\"your-poblacio\" value=\"\" size=\"40\" class=\"wpcf7-form-control wpcf7-text wpcf7-validates-as-required\" aria-required=\"true\" aria-invalid=\"false\" \/><\/span> <\/p>\n<\/div>\n<p><span class=\"lbl\">Comentaris<\/span> <span class=\"wpcf7-form-control-wrap your-message\"><textarea name=\"your-message\" cols=\"40\" rows=\"10\" class=\"wpcf7-form-control wpcf7-textarea\" aria-invalid=\"false\"><\/textarea><\/span> <\/p>\n<\/div>\n<div class=\"form_bottom\">\n<p class=\"legal\">\n<span class=\"wpcf7-form-control-wrap acceptance-183\"><span class=\"wpcf7-form-control wpcf7-acceptance\"><span class=\"wpcf7-list-item\"><input type=\"checkbox\" name=\"acceptance-183\" value=\"1\" aria-invalid=\"false\" id=\"legal\" \/><\/span><\/span><\/span> <span>He llegit i accepto les condicions de <a href=\"\/ca\/aviso-legal\/\" target=\"_blank\">protecci\u00f3 de dades<\/a>.<\/span>\n<\/p>\n<p class=\"required\"><span class=\"ast\">*<\/span> Camps obligatoris<\/p>\n<p class=\"buttons\"><input type=\"submit\" value=\"Enviar.\" class=\"wpcf7-form-control wpcf7-submit\" \/><\/p>\n<\/div>\n<div class=\"form_left\">\n<div class=\"legal_note\">\n<strong>Finalitats:<\/strong> Respondre les vostres sol\u00b7licituds i informar-vos dels nostres serveis.  <strong>Legitimaci\u00f3:<\/strong> Consentiment de la persona interessada.  <strong>Destinataris:<\/strong> Les dades seran compartides amb Diputaci\u00f3 de Lleida. <strong>Drets:<\/strong> Podeu retirar el vostre consentiment en qualsevol moment, com tamb\u00e9 accedir , rectificar, suprimir les vostres dades i altres drets a <a href=\"mailto:privacitat@pimec.org\">privacitat@pimec.org<\/a> . <strong>Informaci\u00f3 addicional:<\/strong> Podeu ampliar la informaci\u00f3 a l\u2019enlla\u00e7 <a href=\"https:\/\/www.lleidaacceleraelcreixement.com\/politica-de-privacitat\/\" target=\"_blank\">Pol\u00edtica de privacitat<\/a>.\n<\/div>\n<\/div>\n<div class=\"wpcf7-response-output\" aria-hidden=\"true\"><\/div><\/form><\/div>[\/vc_column][\/vc_row]<\/p>\n","protected":false},"excerpt":{"rendered":"<p>[vc_row css_animation=&#8221;element_from_fade&#8221; row_type=&#8221;row&#8221; use_row_as_full_screen_section=&#8221;no&#8221; type=&#8221;grid&#8221; angled_section=&#8221;no&#8221; text_align=&#8221;center&#8221; background_image_as_pattern=&#8221;without_pattern&#8221; padding_top=&#8221;50&#8243; padding_bottom=&#8221;40&#8243;][vc_column][vc_column_text] Videos testimoniales de las empresas participantes [\/vc_column_text][\/vc_column][\/vc_row][vc_row css_animation=&#8221;element_from_fade&#8221; row_type=&#8221;row&#8221; use_row_as_full_screen_section=&#8221;no&#8221; type=&#8221;grid&#8221; angled_section=&#8221;no&#8221; text_align=&#8221;left&#8221; background_image_as_pattern=&#8221;without_pattern&#8221; padding_bottom=&#8221;30&#8243;][vc_column width=&#8221;1\/2&#8243;][vc_video link=&#8221;https:\/\/www.youtube.com\/watch?v=QNdUQOjw66o&#8221; align=&#8221;center&#8221;][vc_separator type=&#8221;transparent&#8221; down=&#8221;10&#8243;][vc_column_text]Testimonio&#8230;<\/p>\n","protected":false},"author":2,"featured_media":0,"parent":0,"menu_order":0,"comment_status":"closed","ping_status":"closed","template":"full_width.php","meta":{"_bbp_topic_count":0,"_bbp_reply_count":0,"_bbp_total_topic_count":0,"_bbp_total_reply_count":0,"_bbp_voice_count":0,"_bbp_anonymous_reply_count":0,"_bbp_topic_count_hidden":0,"_bbp_reply_count_hidden":0,"_bbp_forum_subforum_count":0},"_links":{"self":[{"href":"https:\/\/www.lleidaacceleraelcreixement.com\/es\/wp-json\/wp\/v2\/pages\/1380"}],"collection":[{"href":"https:\/\/www.lleidaacceleraelcreixement.com\/es\/wp-json\/wp\/v2\/pages"}],"about":[{"href":"https:\/\/www.lleidaacceleraelcreixement.com\/es\/wp-json\/wp\/v2\/types\/page"}],"author":[{"embeddable":true,"href":"https:\/\/www.lleidaacceleraelcreixement.com\/es\/wp-json\/wp\/v2\/users\/2"}],"replies":[{"embeddable":true,"href":"https:\/\/www.lleidaacceleraelcreixement.com\/es\/wp-json\/wp\/v2\/comments?post=1380"}],"version-history":[{"count":16,"href":"https:\/\/www.lleidaacceleraelcreixement.com\/es\/wp-json\/wp\/v2\/pages\/1380\/revisions"}],"predecessor-version":[{"id":4810,"href":"https:\/\/www.lleidaacceleraelcreixement.com\/es\/wp-json\/wp\/v2\/pages\/1380\/revisions\/4810"}],"wp:attachment":[{"href":"https:\/\/www.lleidaacceleraelcreixement.com\/es\/wp-json\/wp\/v2\/media?parent=1380"}],"curies":[{"name":"wp","href":"https:\/\/api.w.org\/{rel}","templated":true}]}}