{"id":117,"date":"2017-05-01T10:23:05","date_gmt":"2017-05-01T08:23:05","guid":{"rendered":"https:\/\/www.lleidaacceleraelcreixement.com\/?page_id=117"},"modified":"2022-12-27T11:49:08","modified_gmt":"2022-12-27T10:49:08","slug":"directorio-empresas-participantes-1a-edicion","status":"publish","type":"page","link":"https:\/\/www.lleidaacceleraelcreixement.com\/es\/directorio-empresas-participantes-1a-edicion\/","title":{"rendered":"Directorio de empresas participantes 1\u00aa edici\u00f3n"},"content":{"rendered":"<p>[vc_row css_animation=&#8221;element_from_fade&#8221; row_type=&#8221;row&#8221; use_row_as_full_screen_section=&#8221;no&#8221; type=&#8221;grid&#8221; angled_section=&#8221;no&#8221; text_align=&#8221;center&#8221; background_image_as_pattern=&#8221;without_pattern&#8221; padding_top=&#8221;50&#8243; padding_bottom=&#8221;40&#8243;][vc_column][vc_column_text]<\/p>\n<h1>Directorio de empresas participantes 1\u00aa edici\u00f3n programa Accelera el Creixement<\/h1>\n<p>[\/vc_column_text][vc_separator type=&#8221;transparent&#8221; down=&#8221;10&#8243;][\/vc_column][\/vc_row][vc_row css_animation=&#8221;element_from_fade&#8221; row_type=&#8221;row&#8221; use_row_as_full_screen_section=&#8221;no&#8221; type=&#8221;grid&#8221; angled_section=&#8221;no&#8221; text_align=&#8221;left&#8221; background_image_as_pattern=&#8221;without_pattern&#8221; el_class=&#8221;empresas-grid&#8221;][vc_column width=&#8221;1\/2&#8243;][vc_row_inner row_type=&#8221;row&#8221; type=&#8221;full_width&#8221; text_align=&#8221;left&#8221; css_animation=&#8221;&#8221;][vc_column_inner width=&#8221;1\/4&#8243;][vc_single_image image=&#8221;3088&#8243; img_size=&#8221;full&#8221; qode_css_animation=&#8221;&#8221;][\/vc_column_inner][vc_column_inner width=&#8221;3\/4&#8243;][vc_column_text]<strong>Nombre Empresa:<\/strong>\u00a0<strong>ARTS GR\u00c0FIQUES BOBAL\u00c0, SL<br \/>\n<\/strong><strong>Poblaci\u00f3n:<\/strong> Lleida<br \/>\n<strong>Web: <\/strong><a href=\"http:\/\/www.bobala.cat\" target=\"_blank\" rel=\"noopener noreferrer\">www.bobala.cat<\/a><br \/>\n<strong>Actividad:<\/strong> Artes gr\u00e1ficas.[\/vc_column_text][\/vc_column_inner][\/vc_row_inner][\/vc_column][vc_column width=&#8221;1\/2&#8243;][vc_row_inner row_type=&#8221;row&#8221; type=&#8221;full_width&#8221; text_align=&#8221;left&#8221; css_animation=&#8221;&#8221;][vc_column_inner width=&#8221;1\/4&#8243;][vc_single_image image=&#8221;3090&#8243; img_size=&#8221;full&#8221; qode_css_animation=&#8221;&#8221;][\/vc_column_inner][vc_column_inner width=&#8221;3\/4&#8243;][vc_column_text]<strong>Nombre Empresa:<\/strong>\u00a0<strong>BATSI &#8211; EID ELECTRONIC, SL<br \/>\n<\/strong><strong>Poblaci\u00f3n:<\/strong> Torrefarrera<br \/>\n<strong>Web:<\/strong> <a href=\"http:\/\/www.batsi.eu\" target=\"_blank\" rel=\"noopener noreferrer\">www.batsi.eu<\/a><br \/>\n<strong>Actividad:<\/strong> Desarrollo y fabricaci\u00f3n de mandos electr\u00f3nicos para maquinaria agr\u00edcola.[\/vc_column_text][\/vc_column_inner][\/vc_row_inner][\/vc_column][\/vc_row][vc_row css_animation=&#8221;element_from_fade&#8221; row_type=&#8221;row&#8221; use_row_as_full_screen_section=&#8221;no&#8221; type=&#8221;grid&#8221; angled_section=&#8221;no&#8221; text_align=&#8221;left&#8221; background_image_as_pattern=&#8221;without_pattern&#8221; el_class=&#8221;empresas-grid&#8221;][vc_column width=&#8221;1\/2&#8243;][vc_row_inner row_type=&#8221;row&#8221; type=&#8221;full_width&#8221; text_align=&#8221;left&#8221; css_animation=&#8221;&#8221;][vc_column_inner width=&#8221;1\/4&#8243;][vc_single_image image=&#8221;3092&#8243; img_size=&#8221;full&#8221; qode_css_animation=&#8221;&#8221;][\/vc_column_inner][vc_column_inner width=&#8221;3\/4&#8243;][vc_column_text]<strong>Nombre Empresa:<\/strong> <strong>CAMATS CARPI FRUIT, SCP<br \/>\n<\/strong><strong>Poblaci\u00f3n:<\/strong>\u00a0Corbins<br \/>\n<strong>Web:<\/strong> <a href=\"http:\/\/www.cireresdecorbinscamatscarpi.com\" target=\"_blank\" rel=\"noopener noreferrer\">www.cireresdecorbinscamatscarpi.com<\/a><br \/>\n<strong>Actividad:<\/strong> Producci\u00f3n y comercializaci\u00f3n de proximidad de cerezas y albaricoques.[\/vc_column_text][\/vc_column_inner][\/vc_row_inner][\/vc_column][vc_column width=&#8221;1\/2&#8243;][vc_row_inner row_type=&#8221;row&#8221; type=&#8221;full_width&#8221; text_align=&#8221;left&#8221; css_animation=&#8221;&#8221;][vc_column_inner width=&#8221;1\/4&#8243;][vc_single_image image=&#8221;3094&#8243; img_size=&#8221;full&#8221; qode_css_animation=&#8221;&#8221;][\/vc_column_inner][vc_column_inner width=&#8221;3\/4&#8243;][vc_column_text]<strong>Nombre Empresa:<\/strong> <strong>COPIRAL, SL<br \/>\n<\/strong><strong>Poblaci\u00f3n:<\/strong> Agramunt<br \/>\n<strong>Web:<\/strong> <a href=\"http:\/\/copiral.com\/\" target=\"_blank\" rel=\"noopener noreferrer\">www.copiral.com<\/a><br \/>\n<strong>Actividad:<\/strong> Transformaci\u00f3n de subproductos alimentarios en materias primas para alimentaci\u00f3n animal.[\/vc_column_text][\/vc_column_inner][\/vc_row_inner][\/vc_column][\/vc_row][vc_row css_animation=&#8221;element_from_fade&#8221; row_type=&#8221;row&#8221; use_row_as_full_screen_section=&#8221;no&#8221; type=&#8221;grid&#8221; angled_section=&#8221;no&#8221; text_align=&#8221;left&#8221; background_image_as_pattern=&#8221;without_pattern&#8221; el_class=&#8221;empresas-grid&#8221;][vc_column width=&#8221;1\/2&#8243;][vc_row_inner row_type=&#8221;row&#8221; type=&#8221;full_width&#8221; text_align=&#8221;left&#8221; css_animation=&#8221;&#8221;][vc_column_inner width=&#8221;1\/4&#8243;][vc_single_image image=&#8221;3096&#8243; img_size=&#8221;full&#8221; qode_css_animation=&#8221;&#8221;][\/vc_column_inner][vc_column_inner width=&#8221;3\/4&#8243;][vc_column_text]<strong>Nombre Empresa:<\/strong>\u00a0<strong>ELECTRODINAMIC JO-AN, SL<br \/>\n<\/strong><strong>Poblaci\u00f3n:<\/strong> La Bordeta (Lleida)<strong><br \/>\n<\/strong><strong>Web:<\/strong> <a href=\"https:\/\/www.electrodinamic.com\/\" target=\"_blank\" rel=\"noopener noreferrer\">www.electrodinamic.com<\/a><br \/>\n<strong>Actividad:<\/strong> Fabricaci\u00f3n, instalaci\u00f3n y programaci\u00f3n de cuadros el\u00e9ctricos. Reparaci\u00f3n y comercializaci\u00f3n de motores y bombas hidr\u00e1ulicas.<strong><br \/>\n<\/strong>[\/vc_column_text][\/vc_column_inner][\/vc_row_inner][\/vc_column][vc_column width=&#8221;1\/2&#8243;][vc_row_inner row_type=&#8221;row&#8221; type=&#8221;full_width&#8221; text_align=&#8221;left&#8221; css_animation=&#8221;&#8221;][vc_column_inner width=&#8221;1\/4&#8243;][vc_single_image image=&#8221;3098&#8243; img_size=&#8221;full&#8221; qode_css_animation=&#8221;&#8221;][\/vc_column_inner][vc_column_inner width=&#8221;3\/4&#8243;][vc_column_text]<strong>Nombre Empresa:<\/strong>\u00a0<strong>ENEA DIGITAL, SL<br \/>\n<\/strong><strong>Poblaci\u00f3n:<\/strong> Lleida<br \/>\n<strong>Web:<\/strong> <a href=\"https:\/\/www.misoluzion.com\/\" target=\"_blank\" rel=\"noopener noreferrer\">www.misoluzion.com<\/a><br \/>\n<strong>Actividad:<\/strong> Gesti\u00f3n de una plataforma para la gesti\u00f3n diaria de empresas y aut\u00f3nomos.[\/vc_column_text][\/vc_column_inner][\/vc_row_inner][\/vc_column][\/vc_row][vc_row css_animation=&#8221;element_from_fade&#8221; row_type=&#8221;row&#8221; use_row_as_full_screen_section=&#8221;no&#8221; type=&#8221;grid&#8221; angled_section=&#8221;no&#8221; text_align=&#8221;left&#8221; background_image_as_pattern=&#8221;without_pattern&#8221; el_class=&#8221;empresas-grid&#8221;][vc_column width=&#8221;1\/2&#8243;][vc_row_inner row_type=&#8221;row&#8221; type=&#8221;full_width&#8221; text_align=&#8221;left&#8221; css_animation=&#8221;&#8221;][vc_column_inner width=&#8221;1\/4&#8243;][vc_single_image image=&#8221;3100&#8243; img_size=&#8221;full&#8221; qode_css_animation=&#8221;&#8221;][\/vc_column_inner][vc_column_inner width=&#8221;3\/4&#8243;][vc_column_text]<strong>Nombre Empresa:<\/strong>\u00a0<strong>FOMENT AGR\u00cdCOLA DE LES GARRIGUES, SA<br \/>\n<\/strong><strong>Poblaci\u00f3n:<\/strong> Maials<br \/>\n<strong>Web:<\/strong> <a href=\"https:\/\/www.les-garrigues.com\/\" target=\"_blank\" rel=\"noopener noreferrer\">www.les-garrigues.com<\/a><br \/>\n<strong>Actividad:<\/strong> Producci\u00f3n, elaboraci\u00f3n y distribuci\u00f3n de frutos secos<strong>.<br \/>\n<\/strong>[\/vc_column_text][\/vc_column_inner][\/vc_row_inner][\/vc_column][vc_column width=&#8221;1\/2&#8243;][vc_row_inner row_type=&#8221;row&#8221; type=&#8221;full_width&#8221; text_align=&#8221;left&#8221; css_animation=&#8221;&#8221;][vc_column_inner width=&#8221;1\/4&#8243;][vc_single_image image=&#8221;3102&#8243; img_size=&#8221;full&#8221; qode_css_animation=&#8221;&#8221;][\/vc_column_inner][vc_column_inner width=&#8221;3\/4&#8243;][vc_column_text]<strong>Nombre Empresa:<\/strong> <strong>GO OUTDOOR ADVENTOUR, SL<br \/>\n<\/strong><strong>Poblaci\u00f3n:<\/strong> Sort<br \/>\n<strong>Web:<\/strong> <a href=\"https:\/\/www.outdooradventour.com\/\" target=\"_blank\" rel=\"noopener noreferrer\">www.outdooradventour.com<\/a><br \/>\n<strong>Actividad:<\/strong> Agencia de viajes especializada en turismo activo y de aventura en los Pirineos.[\/vc_column_text][\/vc_column_inner][\/vc_row_inner][\/vc_column][\/vc_row][vc_row css_animation=&#8221;element_from_fade&#8221; row_type=&#8221;row&#8221; use_row_as_full_screen_section=&#8221;no&#8221; type=&#8221;grid&#8221; angled_section=&#8221;no&#8221; text_align=&#8221;left&#8221; background_image_as_pattern=&#8221;without_pattern&#8221; el_class=&#8221;empresas-grid&#8221;][vc_column width=&#8221;1\/2&#8243;][vc_row_inner row_type=&#8221;row&#8221; type=&#8221;full_width&#8221; text_align=&#8221;left&#8221; css_animation=&#8221;&#8221;][vc_column_inner width=&#8221;1\/4&#8243;][vc_single_image image=&#8221;3104&#8243; img_size=&#8221;full&#8221; qode_css_animation=&#8221;&#8221;][\/vc_column_inner][vc_column_inner width=&#8221;3\/4&#8243;][vc_column_text]<strong>Nombre Empresa:<\/strong>\u00a0<strong>IDEACER INOX, SL<br \/>\n<\/strong><strong>Poblaci\u00f3n:<\/strong>\u00a0Bellv\u00eds<br \/>\n<strong>Web:<\/strong> <a href=\"http:\/\/www.ideacer.es\" target=\"_blank\" rel=\"noopener noreferrer\">www.ideacer.es<\/a><br \/>\n<strong>Actividad:<\/strong> Fabricaci\u00f3n de mobiliario de acero inoxidable para hosteleria.[\/vc_column_text][\/vc_column_inner][\/vc_row_inner][\/vc_column][vc_column width=&#8221;1\/2&#8243;][vc_row_inner row_type=&#8221;row&#8221; type=&#8221;full_width&#8221; text_align=&#8221;left&#8221; css_animation=&#8221;&#8221;][vc_column_inner width=&#8221;1\/4&#8243;][vc_single_image image=&#8221;3106&#8243; img_size=&#8221;full&#8221; qode_css_animation=&#8221;&#8221;][\/vc_column_inner][vc_column_inner width=&#8221;3\/4&#8243;][vc_column_text]<strong>Nombre Empresa:<\/strong> <strong>JAUDOL, SL<br \/>\n<\/strong><strong>Poblaci\u00f3n:<\/strong>\u00a0La Fuliola<br \/>\n<strong>Web:<\/strong> <a href=\"http:\/\/www.jaudol.com\/\" target=\"_blank\" rel=\"noopener noreferrer\">www.jaudol.com<\/a><br \/>\n<strong>Activitat:<\/strong> Corte, confecci\u00f3n t\u00e9xtil y marroquineria de alta calidad.[\/vc_column_text][\/vc_column_inner][\/vc_row_inner][\/vc_column][\/vc_row][vc_row css_animation=&#8221;element_from_fade&#8221; row_type=&#8221;row&#8221; use_row_as_full_screen_section=&#8221;no&#8221; type=&#8221;grid&#8221; angled_section=&#8221;no&#8221; text_align=&#8221;left&#8221; background_image_as_pattern=&#8221;without_pattern&#8221; el_class=&#8221;empresas-grid&#8221;][vc_column width=&#8221;1\/2&#8243;][vc_row_inner row_type=&#8221;row&#8221; type=&#8221;full_width&#8221; text_align=&#8221;left&#8221; css_animation=&#8221;&#8221;][vc_column_inner width=&#8221;1\/4&#8243;][vc_single_image image=&#8221;3108&#8243; img_size=&#8221;full&#8221; qode_css_animation=&#8221;&#8221;][\/vc_column_inner][vc_column_inner width=&#8221;3\/4&#8243;][vc_column_text]<strong>Nombre Empresa: <\/strong><strong>PALETS FAURA, SL<br \/>\n<\/strong><strong>Poblaci\u00f3n:<\/strong>\u00a0Les Borges Blanques<br \/>\n<strong>Web:<\/strong> <a href=\"http:\/\/www.paletsfaura.com\/\" target=\"_blank\" rel=\"noopener noreferrer\">www.paletsfaura.com<\/a><br \/>\n<strong>Actividad:<\/strong> Fabricaci\u00f3n de embalajes de madera.[\/vc_column_text][\/vc_column_inner][\/vc_row_inner][\/vc_column][vc_column width=&#8221;1\/2&#8243;][vc_row_inner row_type=&#8221;row&#8221; type=&#8221;full_width&#8221; text_align=&#8221;left&#8221; css_animation=&#8221;&#8221;][vc_column_inner width=&#8221;1\/4&#8243;][vc_single_image image=&#8221;3110&#8243; img_size=&#8221;full&#8221; qode_css_animation=&#8221;&#8221;][\/vc_column_inner][vc_column_inner width=&#8221;3\/4&#8243;][vc_column_text]<strong>Nombre Empresa:<\/strong>\u00a0<strong>SOLUTIOMA, SL<br \/>\n<\/strong><strong>Poblaci\u00f3n:<\/strong> Lleida<br \/>\n<strong>Web:<\/strong> <a href=\"https:\/\/solutioma.com\/ca\/\" target=\"_blank\" rel=\"noopener noreferrer\">www.solutioma.com<\/a><br \/>\n<strong>Actividad:<\/strong> Soluciones en taludes, paisaje y medio ambiente.[\/vc_column_text][\/vc_column_inner][\/vc_row_inner][\/vc_column][\/vc_row][vc_row css_animation=&#8221;element_from_fade&#8221; row_type=&#8221;row&#8221; use_row_as_full_screen_section=&#8221;no&#8221; type=&#8221;grid&#8221; angled_section=&#8221;no&#8221; text_align=&#8221;left&#8221; background_image_as_pattern=&#8221;without_pattern&#8221; el_class=&#8221;empresas-grid&#8221;][vc_column width=&#8221;1\/2&#8243;][vc_row_inner row_type=&#8221;row&#8221; type=&#8221;full_width&#8221; text_align=&#8221;left&#8221; css_animation=&#8221;&#8221;][vc_column_inner width=&#8221;1\/4&#8243;][vc_single_image image=&#8221;3112&#8243; img_size=&#8221;full&#8221; qode_css_animation=&#8221;&#8221;][\/vc_column_inner][vc_column_inner width=&#8221;3\/4&#8243;][vc_column_text]<strong>Nombre Empresa:<\/strong>\u00a0<strong>TORRONS I MEL ALEMANY, SL<br \/>\n<\/strong><strong>Poblaci\u00f3n:<\/strong> \u00d3s de Balaguer<br \/>\n<strong>Web:<\/strong> <a href=\"https:\/\/www.alemany.com\" target=\"_blank\" rel=\"noopener noreferrer\">www.alemany.com<\/a><br \/>\n<strong>Actividad:<\/strong> Venta de miel envasada y elaboraci\u00f3n de turrones.[\/vc_column_text][\/vc_column_inner][\/vc_row_inner][\/vc_column][vc_column width=&#8221;1\/2&#8243;][vc_row_inner row_type=&#8221;row&#8221; type=&#8221;full_width&#8221; text_align=&#8221;left&#8221; css_animation=&#8221;&#8221;][vc_column_inner width=&#8221;1\/4&#8243;][vc_single_image image=&#8221;3114&#8243; img_size=&#8221;full&#8221; qode_css_animation=&#8221;&#8221;][\/vc_column_inner][vc_column_inner width=&#8221;3\/4&#8243;][vc_column_text]<strong>Nombre Empresa:<\/strong>\u00a0<strong>TROS DE SORT, SL<br \/>\n<\/strong><strong>Poblaci\u00f3n:<\/strong>\u00a0Sort<br \/>\n<strong>Web:<\/strong> <a href=\"https:\/\/www.trosdesort.cat\/ca\/\" target=\"_blank\" rel=\"noopener noreferrer\">www.trosdesort.cat<\/a><br \/>\n<strong>Actividad:<\/strong> Elaboraci\u00f3n de quesos artesanos.[\/vc_column_text][\/vc_column_inner][\/vc_row_inner][\/vc_column][\/vc_row][vc_row css_animation=&#8221;element_from_fade&#8221; row_type=&#8221;row&#8221; use_row_as_full_screen_section=&#8221;no&#8221; type=&#8221;grid&#8221; angled_section=&#8221;no&#8221; text_align=&#8221;left&#8221; background_image_as_pattern=&#8221;without_pattern&#8221; el_class=&#8221;empresas-grid&#8221;][vc_column width=&#8221;1\/2&#8243;][vc_row_inner row_type=&#8221;row&#8221; type=&#8221;full_width&#8221; text_align=&#8221;left&#8221; css_animation=&#8221;&#8221;][vc_column_inner width=&#8221;1\/4&#8243;][vc_single_image image=&#8221;3116&#8243; img_size=&#8221;full&#8221; qode_css_animation=&#8221;&#8221;][\/vc_column_inner][vc_column_inner width=&#8221;3\/4&#8243;][vc_column_text]<strong>Nombre Empresa:<\/strong>\u00a0<strong>VIALPE FINESTRES I TANCAMENTS, SL<br \/>\n<\/strong><strong>Poblaci\u00f3n:<\/strong>\u00a0Balaguer<br \/>\n<strong>Web:<\/strong> <a href=\"http:\/\/www.vialpe.com\" target=\"_blank\" rel=\"noopener noreferrer\">www.vialpe.com<\/a><br \/>\n<strong>Actividad:<\/strong> Instalaci\u00f3n de ventanas de aluminio y PVC.[\/vc_column_text][\/vc_column_inner][\/vc_row_inner][\/vc_column][vc_column width=&#8221;1\/2&#8243;][\/vc_column][\/vc_row][vc_row css_animation=&#8221;&#8221; row_type=&#8221;row&#8221; use_row_as_full_screen_section=&#8221;no&#8221; type=&#8221;full_width&#8221; angled_section=&#8221;no&#8221; text_align=&#8221;left&#8221; background_image_as_pattern=&#8221;without_pattern&#8221;][vc_column][vc_separator type=&#8221;transparent&#8221; down=&#8221;70&#8243;][\/vc_column][\/vc_row][vc_row css_animation=&#8221;element_from_fade&#8221; row_type=&#8221;row&#8221; use_row_as_full_screen_section=&#8221;no&#8221; type=&#8221;grid&#8221; angled_section=&#8221;no&#8221; text_align=&#8221;center&#8221; background_image=&#8221;790&#8243; background_image_as_pattern=&#8221;without_pattern&#8221; padding_top=&#8221;50&#8243; padding_bottom=&#8221;50&#8243; el_class=&#8221;contacto image&#8221;][vc_column][vc_column_text]<\/p>\n<h2>Contacta con nosotros<\/h2>\n<p>[\/vc_column_text]<div role=\"form\" class=\"wpcf7\" id=\"wpcf7-f54-o1\" lang=\"es-ES\" dir=\"ltr\">\n<div class=\"screen-reader-response\"><p role=\"status\" aria-live=\"polite\" aria-atomic=\"true\"><\/p> <ul><\/ul><\/div>\n<form action=\"\/es\/wp-json\/wp\/v2\/pages\/117#wpcf7-f54-o1\" method=\"post\" class=\"wpcf7-form init default\" novalidate=\"novalidate\" data-status=\"init\">\n<div style=\"display: none;\">\n<input type=\"hidden\" name=\"_wpcf7\" value=\"54\" \/>\n<input type=\"hidden\" name=\"_wpcf7_version\" value=\"5.3\" \/>\n<input type=\"hidden\" name=\"_wpcf7_locale\" value=\"es_ES\" \/>\n<input type=\"hidden\" name=\"_wpcf7_unit_tag\" value=\"wpcf7-f54-o1\" \/>\n<input type=\"hidden\" name=\"_wpcf7_container_post\" value=\"0\" \/>\n<input type=\"hidden\" name=\"_wpcf7_posted_data_hash\" value=\"\" \/>\n<input type=\"hidden\" name=\"_wpcf7_recaptcha_response\" value=\"\" \/>\n<\/div>\n<div class=\"form_left\">\n<p><span class=\"lbl\">Nombre <span class=\"ast\">*<\/span><\/span> <span class=\"wpcf7-form-control-wrap your-name\"><input type=\"text\" name=\"your-name\" value=\"\" size=\"40\" class=\"wpcf7-form-control wpcf7-text wpcf7-validates-as-required\" aria-required=\"true\" aria-invalid=\"false\" \/><\/span> <\/p>\n<p><span class=\"lbl\">Tel\u00e9fono (fijo o m\u00f3vil) <span class=\"ast\">*<\/span><\/span> <span class=\"wpcf7-form-control-wrap telefono\"><input type=\"text\" name=\"telefono\" value=\"\" size=\"40\" class=\"wpcf7-form-control wpcf7-text wpcf7-validates-as-required\" aria-required=\"true\" aria-invalid=\"false\" \/><\/span> <\/p>\n<p><span class=\"lbl\">Correo electr\u00f3nico <span class=\"ast\">*<\/span><\/span> <span class=\"wpcf7-form-control-wrap your-email\"><input type=\"email\" name=\"your-email\" value=\"\" size=\"40\" class=\"wpcf7-form-control wpcf7-text wpcf7-email wpcf7-validates-as-required wpcf7-validates-as-email\" aria-required=\"true\" aria-invalid=\"false\" \/><\/span> <\/p>\n<\/div>\n<div class=\"form_right\">\n<div class=\"form_inline\">\n<p><span class=\"lbl\">Empresa <span class=\"ast\">*<\/span><\/span> <span class=\"wpcf7-form-control-wrap your-empresa\"><input type=\"text\" name=\"your-empresa\" value=\"\" size=\"40\" class=\"wpcf7-form-control wpcf7-text wpcf7-validates-as-required\" aria-required=\"true\" aria-invalid=\"false\" \/><\/span> <\/p>\n<p><span class=\"lbl\">Poblaci\u00f3n <span class=\"ast\">*<\/span><\/span> <span class=\"wpcf7-form-control-wrap your-poblacio\"><input type=\"text\" name=\"your-poblacio\" value=\"\" size=\"40\" class=\"wpcf7-form-control wpcf7-text wpcf7-validates-as-required\" aria-required=\"true\" aria-invalid=\"false\" \/><\/span> <\/p>\n<\/div>\n<p><span class=\"lbl\">Comentarios<\/span> <span class=\"wpcf7-form-control-wrap your-message\"><textarea name=\"your-message\" cols=\"40\" rows=\"10\" class=\"wpcf7-form-control wpcf7-textarea\" aria-invalid=\"false\"><\/textarea><\/span> <\/p>\n<\/div>\n<div class=\"form_bottom\">\n<p class=\"legal\"> <span class=\"wpcf7-form-control-wrap acceptance-183\"><span class=\"wpcf7-form-control wpcf7-acceptance\"><span class=\"wpcf7-list-item\"><input type=\"checkbox\" name=\"acceptance-183\" value=\"1\" aria-invalid=\"false\" id=\"legal\" \/><\/span><\/span><\/span> <span>He le\u00eddo y acepto las condiciones de <a href=\"\/aviso-legal\/\" target=\"_blank\">protecci\u00f3n de datos<\/a>.<\/span><\/p>\n<p class=\"required\"><span class=\"ast\">*<\/span> Campos obligatorios<\/p>\n<p class=\"buttons\"><input type=\"submit\" value=\"Enviar\" class=\"wpcf7-form-control wpcf7-submit\" \/><\/p>\n<\/div>\n<div class=\"form_left\">\n<div class=\"legal_note\">\n<strong>Finalidades: <\/strong> Responder sus solicitudes e informarle de nuestros servicios. <strong> Legitimaci\u00f3n: <\/strong> Consentimiento del interesado. <strong> Destinatarios: <\/strong> Los datos ser\u00e1n compartidos con Diputaci\u00f3 de Lleida. <strong> Derechos: <\/strong> Puede retirar su consentimiento en cualquier momento, as\u00ed como acceder, rectificar, suprimir sus datos y otros derechos a <a href=\"mailto:privacitat@pimec.org\"> privacidad @ pimec. org <\/a>. <strong> Informaci\u00f3n adicional: <\/strong> pueden ampliar la informaci\u00f3n en el enlace <a href=\"https:\/\/www.lleidaacceleraelcreixement.com\/es\/politica-de-privacidad\/\" target=\"_blank\">Pol\u00edtica de privacidad<\/a>.\n<\/div>\n<\/div>\n<div class=\"wpcf7-response-output\" aria-hidden=\"true\"><\/div><\/form><\/div>[\/vc_column][\/vc_row]<\/p>\n","protected":false},"excerpt":{"rendered":"<p>[vc_row css_animation=&#8221;element_from_fade&#8221; row_type=&#8221;row&#8221; use_row_as_full_screen_section=&#8221;no&#8221; type=&#8221;grid&#8221; angled_section=&#8221;no&#8221; text_align=&#8221;center&#8221; background_image_as_pattern=&#8221;without_pattern&#8221; padding_top=&#8221;50&#8243; padding_bottom=&#8221;40&#8243;][vc_column][vc_column_text] Directorio de empresas participantes 1\u00aa edici\u00f3n programa Accelera el Creixement [\/vc_column_text][vc_separator type=&#8221;transparent&#8221; down=&#8221;10&#8243;][\/vc_column][\/vc_row][vc_row css_animation=&#8221;element_from_fade&#8221; row_type=&#8221;row&#8221; use_row_as_full_screen_section=&#8221;no&#8221; type=&#8221;grid&#8221; angled_section=&#8221;no&#8221; text_align=&#8221;left&#8221; background_image_as_pattern=&#8221;without_pattern&#8221;&#8230;<\/p>\n","protected":false},"author":1,"featured_media":0,"parent":0,"menu_order":0,"comment_status":"closed","ping_status":"closed","template":"full_width.php","meta":{"_bbp_topic_count":0,"_bbp_reply_count":0,"_bbp_total_topic_count":0,"_bbp_total_reply_count":0,"_bbp_voice_count":0,"_bbp_anonymous_reply_count":0,"_bbp_topic_count_hidden":0,"_bbp_reply_count_hidden":0,"_bbp_forum_subforum_count":0},"_links":{"self":[{"href":"https:\/\/www.lleidaacceleraelcreixement.com\/es\/wp-json\/wp\/v2\/pages\/117"}],"collection":[{"href":"https:\/\/www.lleidaacceleraelcreixement.com\/es\/wp-json\/wp\/v2\/pages"}],"about":[{"href":"https:\/\/www.lleidaacceleraelcreixement.com\/es\/wp-json\/wp\/v2\/types\/page"}],"author":[{"embeddable":true,"href":"https:\/\/www.lleidaacceleraelcreixement.com\/es\/wp-json\/wp\/v2\/users\/1"}],"replies":[{"embeddable":true,"href":"https:\/\/www.lleidaacceleraelcreixement.com\/es\/wp-json\/wp\/v2\/comments?post=117"}],"version-history":[{"count":14,"href":"https:\/\/www.lleidaacceleraelcreixement.com\/es\/wp-json\/wp\/v2\/pages\/117\/revisions"}],"predecessor-version":[{"id":3324,"href":"https:\/\/www.lleidaacceleraelcreixement.com\/es\/wp-json\/wp\/v2\/pages\/117\/revisions\/3324"}],"wp:attachment":[{"href":"https:\/\/www.lleidaacceleraelcreixement.com\/es\/wp-json\/wp\/v2\/media?parent=117"}],"curies":[{"name":"wp","href":"https:\/\/api.w.org\/{rel}","templated":true}]}}