{"id":101,"date":"2017-05-01T09:46:34","date_gmt":"2017-05-01T07:46:34","guid":{"rendered":"https:\/\/www.lleidaacceleraelcreixement.com\/?page_id=101"},"modified":"2023-11-16T07:42:35","modified_gmt":"2023-11-16T06:42:35","slug":"directorio-empresas-participantes-2a-edicion","status":"publish","type":"page","link":"https:\/\/www.lleidaacceleraelcreixement.com\/es\/directorio-empresas-participantes-2a-edicion\/","title":{"rendered":"Directorio de empresas participantes 2\u00aa edici\u00f3n"},"content":{"rendered":"<p>[vc_row css_animation=&#8221;element_from_fade&#8221; row_type=&#8221;row&#8221; use_row_as_full_screen_section=&#8221;no&#8221; type=&#8221;grid&#8221; angled_section=&#8221;no&#8221; text_align=&#8221;center&#8221; background_image_as_pattern=&#8221;without_pattern&#8221; padding_top=&#8221;50&#8243; padding_bottom=&#8221;40&#8243;][vc_column][vc_column_text]<\/p>\n<h1>Directorio de empresas participantes 2\u00aa edici\u00f3n programa Accelera el Creixement<\/h1>\n<p>[\/vc_column_text][vc_separator type=&#8221;transparent&#8221; down=&#8221;10&#8243;][\/vc_column][\/vc_row][vc_row css_animation=&#8221;element_from_fade&#8221; row_type=&#8221;row&#8221; use_row_as_full_screen_section=&#8221;no&#8221; type=&#8221;grid&#8221; angled_section=&#8221;no&#8221; text_align=&#8221;left&#8221; background_image_as_pattern=&#8221;without_pattern&#8221; el_class=&#8221;empresas-grid&#8221;][vc_column width=&#8221;1\/2&#8243;][vc_row_inner row_type=&#8221;row&#8221; type=&#8221;full_width&#8221; text_align=&#8221;left&#8221; css_animation=&#8221;&#8221;][vc_column_inner width=&#8221;1\/4&#8243;][vc_single_image image=&#8221;3284&#8243; img_size=&#8221;full&#8221; qode_css_animation=&#8221;&#8221;][\/vc_column_inner][vc_column_inner width=&#8221;3\/4&#8243;][vc_column_text]<\/p>\n<p style=\"text-align: left;\"><strong>Empresa:AGRIT\u00c8CNIA, SCCL<br \/>\n<\/strong><strong>Poblaci\u00f3n:<\/strong> T\u00e9rmens<br \/>\n<strong>Web:<\/strong> <a href=\"https:\/\/agritecnia.es\/\" target=\"_blank\" rel=\"noopener noreferrer\">www.agritecnia.es<\/a><br \/>\n<strong>Actividad:<\/strong> Gesti\u00f3n agr\u00edcola: Proceso productivo hasta la comercializaci\u00f3n de materias primas (cereal y forraje) para la alimentaci\u00f3n animal.<\/p>\n<p>[\/vc_column_text][\/vc_column_inner][\/vc_row_inner][\/vc_column][vc_column width=&#8221;1\/2&#8243;][vc_row_inner row_type=&#8221;row&#8221; type=&#8221;full_width&#8221; text_align=&#8221;left&#8221; css_animation=&#8221;&#8221;][vc_column_inner width=&#8221;1\/4&#8243;][vc_single_image image=&#8221;3286&#8243; img_size=&#8221;full&#8221; qode_css_animation=&#8221;&#8221;][\/vc_column_inner][vc_column_inner width=&#8221;3\/4&#8243;][vc_column_text]<strong>Empresa: ARENES BELLPUIG, SL<br \/>\n<\/strong><strong>Poblaci\u00f3n:<\/strong> Bellpuig<br \/>\n<strong>Web:<\/strong> <a href=\"http:\/\/www.arenesbellpuig.com\/\" target=\"_blank\" rel=\"noopener noreferrer\">www.arenesbellpuig.com<\/a><br \/>\n<strong>Actividad:<\/strong> Extracci\u00f3n y clasificaci\u00f3n de \u00e1ridos, y fabricaci\u00f3n de morteros y hormigones en seco.[\/vc_column_text][\/vc_column_inner][\/vc_row_inner][\/vc_column][\/vc_row][vc_row css_animation=&#8221;element_from_fade&#8221; row_type=&#8221;row&#8221; use_row_as_full_screen_section=&#8221;no&#8221; type=&#8221;grid&#8221; angled_section=&#8221;no&#8221; text_align=&#8221;left&#8221; background_image_as_pattern=&#8221;without_pattern&#8221; el_class=&#8221;empresas-grid&#8221;][vc_column width=&#8221;1\/2&#8243;][vc_row_inner row_type=&#8221;row&#8221; type=&#8221;full_width&#8221; text_align=&#8221;left&#8221; css_animation=&#8221;&#8221;][vc_column_inner width=&#8221;1\/4&#8243;][vc_single_image image=&#8221;3288&#8243; img_size=&#8221;full&#8221; qode_css_animation=&#8221;&#8221;][\/vc_column_inner][vc_column_inner width=&#8221;3\/4&#8243;][vc_column_text]<\/p>\n<p style=\"text-align: left;\"><strong>Empresa:<\/strong>\u00a0<strong>ARTIC INDUSTRIAL QU\u00cdMICA, SA<br \/>\n<\/strong><strong>Poblaci\u00f3n:<\/strong> Balaguer<br \/>\n<strong>Web:<\/strong> <a href=\"https:\/\/www.articsa.net\/\" target=\"_blank\" rel=\"noopener noreferrer\">www.articsa.net<\/a><br \/>\n<strong>Actividad:<\/strong> Fabricaci\u00f3n y distribuci\u00f3n de pintura decorativa y productos para la construcci\u00f3n.<\/p>\n<p>[\/vc_column_text][\/vc_column_inner][\/vc_row_inner][\/vc_column][vc_column width=&#8221;1\/2&#8243;][vc_row_inner row_type=&#8221;row&#8221; type=&#8221;full_width&#8221; text_align=&#8221;left&#8221; css_animation=&#8221;&#8221;][vc_column_inner width=&#8221;1\/4&#8243;][vc_single_image image=&#8221;3290&#8243; img_size=&#8221;full&#8221; qode_css_animation=&#8221;&#8221;][\/vc_column_inner][vc_column_inner width=&#8221;3\/4&#8243;][vc_column_text]<\/p>\n<p style=\"text-align: left;\"><strong>Empresa:<\/strong>\u00a0<strong>BADIA VINAGRES, SL<br \/>\n<\/strong><strong>Poblaci\u00f3n:<\/strong> Mollerussa<br \/>\n<strong>Web:<\/strong> <a href=\"https:\/\/www.badiavinagres.com\/\" target=\"_blank\" rel=\"noopener noreferrer\">www.badiavinagres.com<\/a><br \/>\n<strong>Actividad: <\/strong>Elaboraci\u00f3n y comercializaci\u00f3n de vinagres artesanos y de calidad.<\/p>\n<p>[\/vc_column_text][\/vc_column_inner][\/vc_row_inner][\/vc_column][\/vc_row][vc_row css_animation=&#8221;element_from_fade&#8221; row_type=&#8221;row&#8221; use_row_as_full_screen_section=&#8221;no&#8221; type=&#8221;grid&#8221; angled_section=&#8221;no&#8221; text_align=&#8221;left&#8221; background_image_as_pattern=&#8221;without_pattern&#8221; el_class=&#8221;empresas-grid&#8221;][vc_column width=&#8221;1\/2&#8243;][vc_row_inner row_type=&#8221;row&#8221; type=&#8221;full_width&#8221; text_align=&#8221;left&#8221; css_animation=&#8221;&#8221;][vc_column_inner width=&#8221;1\/4&#8243;][vc_single_image image=&#8221;3292&#8243; img_size=&#8221;full&#8221; qode_css_animation=&#8221;&#8221;][\/vc_column_inner][vc_column_inner width=&#8221;3\/4&#8243;][vc_column_text]<\/p>\n<p style=\"text-align: left;\"><strong>Empresa:<\/strong>\u00a0<strong>CERV\u00d3S, SAU<br \/>\n<\/strong><strong>Poblaci\u00f3n:<\/strong> La Guingueta d\u2019\u00c0neu<br \/>\n<strong>Web:<\/strong> <a href=\"http:\/\/www.cervosgrup.com\/\" target=\"_blank\" rel=\"noopener noreferrer\">www.cervosgrup.com<\/a><br \/>\n<strong>Actividad:<\/strong> Obra civil y edificaci\u00f3n, y venta de materiales por la construcci\u00f3n.<\/p>\n<p>[\/vc_column_text][\/vc_column_inner][\/vc_row_inner][\/vc_column][vc_column width=&#8221;1\/2&#8243;][vc_row_inner row_type=&#8221;row&#8221; type=&#8221;full_width&#8221; text_align=&#8221;left&#8221; css_animation=&#8221;&#8221;][vc_column_inner width=&#8221;1\/4&#8243;][vc_single_image image=&#8221;3294&#8243; img_size=&#8221;full&#8221; qode_css_animation=&#8221;&#8221;][\/vc_column_inner][vc_column_inner width=&#8221;3\/4&#8243;][vc_column_text]<strong>Empresa:<\/strong>\u00a0<strong>COMPOST SEGRI\u00c0, SL<br \/>\n<\/strong><strong>Poblaci\u00f3n:<\/strong> Alguaire<br \/>\n<strong>Web:<\/strong> <a href=\"www.compostsegria.com\" target=\"_blank\" rel=\"noopener noreferrer\">www.compostsegria.com<\/a><br \/>\n<strong>Actividad:<\/strong> Gesti\u00f3n de residuos org\u00e1nicos por su valorizaci\u00f3n en fertilizantes org\u00e1nicos.[\/vc_column_text][\/vc_column_inner][\/vc_row_inner][\/vc_column][\/vc_row][vc_row css_animation=&#8221;element_from_fade&#8221; row_type=&#8221;row&#8221; use_row_as_full_screen_section=&#8221;no&#8221; type=&#8221;grid&#8221; angled_section=&#8221;no&#8221; text_align=&#8221;left&#8221; background_image_as_pattern=&#8221;without_pattern&#8221; el_class=&#8221;empresas-grid&#8221;][vc_column width=&#8221;1\/2&#8243;][vc_row_inner row_type=&#8221;row&#8221; type=&#8221;full_width&#8221; text_align=&#8221;left&#8221; css_animation=&#8221;&#8221;][vc_column_inner width=&#8221;1\/4&#8243;][vc_single_image image=&#8221;3296&#8243; img_size=&#8221;full&#8221; qode_css_animation=&#8221;&#8221;][\/vc_column_inner][vc_column_inner width=&#8221;3\/4&#8243;][vc_column_text]<strong>Empresa:<\/strong>\u00a0<strong>GESCASER, SA<br \/>\n<\/strong><strong>Poblaci\u00f3n:<\/strong> Almacelles<br \/>\n<strong>Web:<\/strong> <a href=\"https:\/\/www.gescaser.com\/\" target=\"_blank\" rel=\"noopener noreferrer\">www.gescaser.com<\/a><br \/>\n<strong>Actividad: <\/strong>Fabricaci\u00f3n de sistemas de control de temperatura por cereal almacenado.[\/vc_column_text][\/vc_column_inner][\/vc_row_inner][\/vc_column][vc_column width=&#8221;1\/2&#8243;][vc_row_inner row_type=&#8221;row&#8221; type=&#8221;full_width&#8221; text_align=&#8221;left&#8221; css_animation=&#8221;&#8221;][vc_column_inner width=&#8221;1\/4&#8243;][vc_single_image image=&#8221;3298&#8243; img_size=&#8221;full&#8221; qode_css_animation=&#8221;&#8221;][\/vc_column_inner][vc_column_inner width=&#8221;3\/4&#8243;][vc_column_text]<\/p>\n<p style=\"text-align: left;\"><strong>Empresa:<\/strong>\u00a0<strong>ILERSET, SL<br \/>\n<\/strong><strong>Poblaci\u00f3n:<\/strong> Lleida<br \/>\n<strong>Web:<\/strong> <a href=\"http:\/\/www.ilerset.com\/\" target=\"_blank\" rel=\"noopener noreferrer\">www.ilerset.com<\/a><br \/>\n<strong>Actividad:<\/strong> Manipulaci\u00f3n y envasado de hortalizas por distribuci\u00f3n en grandes superficies y hosteler\u00eda.<\/p>\n<p>[\/vc_column_text][\/vc_column_inner][\/vc_row_inner][\/vc_column][\/vc_row][vc_row css_animation=&#8221;element_from_fade&#8221; row_type=&#8221;row&#8221; use_row_as_full_screen_section=&#8221;no&#8221; type=&#8221;grid&#8221; angled_section=&#8221;no&#8221; text_align=&#8221;left&#8221; background_image_as_pattern=&#8221;without_pattern&#8221; el_class=&#8221;empresas-grid&#8221;][vc_column width=&#8221;1\/2&#8243;][vc_row_inner row_type=&#8221;row&#8221; type=&#8221;full_width&#8221; text_align=&#8221;left&#8221; css_animation=&#8221;&#8221;][vc_column_inner width=&#8221;1\/4&#8243;][vc_single_image image=&#8221;3300&#8243; img_size=&#8221;full&#8221; qode_css_animation=&#8221;&#8221;][\/vc_column_inner][vc_column_inner width=&#8221;3\/4&#8243;][vc_column_text]<\/p>\n<p style=\"text-align: left;\"><strong>Empresa:<\/strong>\u00a0<strong>INNOFERTI, SL<br \/>\n<\/strong><strong>Poblaci\u00f3n:<\/strong> Alcoletge<br \/>\n<strong>Web:<\/strong> <a href=\"https:\/\/inprog.es\/\" target=\"_blank\" rel=\"noopener noreferrer\">www.innoferti.com<\/a><br \/>\n<strong>Actividad:<\/strong> Fabricaci\u00f3n de fertilizantes organominerales.<\/p>\n<p>[\/vc_column_text][\/vc_column_inner][\/vc_row_inner][\/vc_column][vc_column width=&#8221;1\/2&#8243;][vc_row_inner row_type=&#8221;row&#8221; type=&#8221;full_width&#8221; text_align=&#8221;left&#8221; css_animation=&#8221;&#8221;][vc_column_inner width=&#8221;1\/4&#8243;][vc_single_image image=&#8221;3302&#8243; img_size=&#8221;full&#8221; qode_css_animation=&#8221;&#8221;][\/vc_column_inner][vc_column_inner width=&#8221;3\/4&#8243;][vc_column_text]<strong>Empresa:<\/strong>\u00a0<strong>LAMONS, SA<br \/>\n<\/strong><strong>Poblaci\u00f3n:<\/strong> Lleida<br \/>\n<strong>Web:<\/strong> <a href=\"https:\/\/www.lamons.es\/\" target=\"_blank\" rel=\"noopener noreferrer\">www.lamons.es<\/a><br \/>\n<strong>Actividad:<\/strong> Desarrollo, fabricaci\u00f3n y comercializaci\u00f3n de f\u00e1rmacos y alimentos funcionales de uso animal.[\/vc_column_text][\/vc_column_inner][\/vc_row_inner][\/vc_column][\/vc_row][vc_row css_animation=&#8221;element_from_fade&#8221; row_type=&#8221;row&#8221; use_row_as_full_screen_section=&#8221;no&#8221; type=&#8221;grid&#8221; angled_section=&#8221;no&#8221; text_align=&#8221;left&#8221; background_image_as_pattern=&#8221;without_pattern&#8221; el_class=&#8221;empresas-grid&#8221;][vc_column width=&#8221;1\/2&#8243;][vc_row_inner row_type=&#8221;row&#8221; type=&#8221;full_width&#8221; text_align=&#8221;left&#8221; css_animation=&#8221;&#8221;][vc_column_inner width=&#8221;1\/4&#8243;][vc_single_image image=&#8221;3304&#8243; img_size=&#8221;full&#8221; qode_css_animation=&#8221;&#8221;][\/vc_column_inner][vc_column_inner width=&#8221;3\/4&#8243;][vc_column_text]<strong>Empresa:<\/strong>\u00a0<strong>MANUFACTURES DFERRO, SLU<br \/>\n<\/strong><strong>Poblaci\u00f3n:<\/strong> Guissona<br \/>\n<strong>Web:<\/strong> <a href=\"http:\/\/www.mdfmaquinaria.com\/\" target=\"_blank\" rel=\"noopener noreferrer\">www.mdfmaquinaria.com<\/a><br \/>\n<strong>Actividad:<\/strong> Fabricaci\u00f3n de maquinaria para el transporte y elevaci\u00f3n de productos s\u00f3lidos.[\/vc_column_text][\/vc_column_inner][\/vc_row_inner][\/vc_column][vc_column width=&#8221;1\/2&#8243;][vc_row_inner row_type=&#8221;row&#8221; type=&#8221;full_width&#8221; text_align=&#8221;left&#8221; css_animation=&#8221;&#8221;][vc_column_inner width=&#8221;1\/4&#8243;][vc_single_image image=&#8221;3306&#8243; img_size=&#8221;full&#8221; qode_css_animation=&#8221;&#8221;][\/vc_column_inner][vc_column_inner width=&#8221;3\/4&#8243;][vc_column_text]<\/p>\n<p style=\"text-align: left;\"><strong>Empresa:<\/strong>\u00a0<strong>MAQUIN\u00c0RIA AGR\u00cdCOLA FERRO, SL<br \/>\n<\/strong><strong>Poblaci\u00f3n:<\/strong> Bell-lloc d&#8217;Urgell<br \/>\n<strong>Web:<\/strong> <a href=\"https:\/\/www.maquinariaferro.com\/\" target=\"_blank\" rel=\"noopener noreferrer\">www.maquinariaferro.com<\/a><br \/>\n<strong>Actividad:<\/strong> Fabricaci\u00f3n y comercializaci\u00f3n de maquinaria agr\u00edcola.<\/p>\n<p>[\/vc_column_text][\/vc_column_inner][\/vc_row_inner][\/vc_column][\/vc_row][vc_row css_animation=&#8221;element_from_fade&#8221; row_type=&#8221;row&#8221; use_row_as_full_screen_section=&#8221;no&#8221; type=&#8221;grid&#8221; angled_section=&#8221;no&#8221; text_align=&#8221;left&#8221; background_image_as_pattern=&#8221;without_pattern&#8221; el_class=&#8221;empresas-grid&#8221;][vc_column width=&#8221;1\/2&#8243;][vc_row_inner row_type=&#8221;row&#8221; type=&#8221;full_width&#8221; text_align=&#8221;left&#8221; css_animation=&#8221;&#8221;][vc_column_inner width=&#8221;1\/4&#8243;][vc_single_image image=&#8221;3308&#8243; img_size=&#8221;full&#8221; qode_css_animation=&#8221;&#8221;][\/vc_column_inner][vc_column_inner width=&#8221;3\/4&#8243;][vc_column_text]<strong>Empresa:<\/strong>\u00a0<strong>MATEU TRANSGRUES, SL<br \/>\n<\/strong><strong>Poblaci\u00f3n:<\/strong> Les Borges Blanques<br \/>\n<strong>Web:<\/strong> <a href=\"http:\/\/www.grupnicanormateu.com\/trangrues\/\" target=\"_blank\" rel=\"noopener noreferrer\">www.grupnicanormateu.com<\/a><br \/>\n<strong>Actividad:<\/strong> Transporte P\u00fablico y trabajos de gr\u00faa. Recogida de escombros.[\/vc_column_text][\/vc_column_inner][\/vc_row_inner][\/vc_column][vc_column width=&#8221;1\/2&#8243;][vc_row_inner row_type=&#8221;row&#8221; type=&#8221;full_width&#8221; text_align=&#8221;left&#8221; css_animation=&#8221;&#8221;][vc_column_inner width=&#8221;1\/4&#8243;][vc_single_image image=&#8221;3310&#8243; img_size=&#8221;full&#8221; qode_css_animation=&#8221;&#8221;][\/vc_column_inner][vc_column_inner width=&#8221;3\/4&#8243;][vc_column_text]<\/p>\n<p style=\"text-align: left;\"><strong>Empresa:<\/strong>\u00a0<strong>ROM\u00c0 INFRAESTRUCTURES I SERVEIS, SA<br \/>\n<\/strong><strong>Poblaci\u00f3n:<\/strong> Miralcamp<br \/>\n<strong>Web:<\/strong> <a href=\"https:\/\/www.romainfraestructures.com\/\" target=\"_blank\" rel=\"noopener noreferrer\">www.romainfraestructures.com<\/a><br \/>\n<strong>Actividad: <\/strong>Construcci\u00f3n, fabricaci\u00f3n de \u00e1ridos y aglomerado asf\u00e1ltico y gesti\u00f3n de residuos de la construcci\u00f3n.<\/p>\n<p>[\/vc_column_text][\/vc_column_inner][\/vc_row_inner][\/vc_column][\/vc_row][vc_row css_animation=&#8221;element_from_fade&#8221; row_type=&#8221;row&#8221; use_row_as_full_screen_section=&#8221;no&#8221; type=&#8221;grid&#8221; angled_section=&#8221;no&#8221; text_align=&#8221;left&#8221; background_image_as_pattern=&#8221;without_pattern&#8221; el_class=&#8221;empresas-grid&#8221;][vc_column width=&#8221;1\/2&#8243;][vc_row_inner row_type=&#8221;row&#8221; type=&#8221;full_width&#8221; text_align=&#8221;left&#8221; css_animation=&#8221;&#8221;][vc_column_inner width=&#8221;1\/4&#8243;][vc_single_image image=&#8221;3312&#8243; img_size=&#8221;full&#8221; qode_css_animation=&#8221;&#8221;][\/vc_column_inner][vc_column_inner width=&#8221;3\/4&#8243;][vc_column_text]<strong>Empresa:<\/strong>\u00a0<strong>WATT ENERGIA, SL<br \/>\n<\/strong><strong>Poblaci\u00f3n:<\/strong> T\u00e0rrega<br \/>\n<strong>Web:<\/strong> <a href=\"http:\/\/www.wattenergia.com\/\" target=\"_blank\" rel=\"noopener noreferrer\">www.wattenergia.com<\/a><br \/>\n<strong>Actividad:<\/strong> Instalaciones de energ\u00edas renovables.[\/vc_column_text][\/vc_column_inner][\/vc_row_inner][\/vc_column][vc_column width=&#8221;1\/2&#8243;][\/vc_column][\/vc_row][vc_row css_animation=&#8221;&#8221; row_type=&#8221;row&#8221; use_row_as_full_screen_section=&#8221;no&#8221; type=&#8221;full_width&#8221; angled_section=&#8221;no&#8221; text_align=&#8221;left&#8221; background_image_as_pattern=&#8221;without_pattern&#8221;][vc_column][vc_separator type=&#8221;transparent&#8221; down=&#8221;70&#8243;][\/vc_column][\/vc_row][vc_row css_animation=&#8221;element_from_fade&#8221; row_type=&#8221;row&#8221; use_row_as_full_screen_section=&#8221;no&#8221; type=&#8221;grid&#8221; angled_section=&#8221;no&#8221; text_align=&#8221;center&#8221; background_image=&#8221;790&#8243; background_image_as_pattern=&#8221;without_pattern&#8221; padding_top=&#8221;50&#8243; padding_bottom=&#8221;50&#8243; el_class=&#8221;contacto image&#8221;][vc_column][vc_column_text]<\/p>\n<h2>Contacta con nosotros<\/h2>\n<p>[\/vc_column_text]<div role=\"form\" class=\"wpcf7\" id=\"wpcf7-f54-o1\" lang=\"es-ES\" dir=\"ltr\">\n<div class=\"screen-reader-response\"><p role=\"status\" aria-live=\"polite\" aria-atomic=\"true\"><\/p> <ul><\/ul><\/div>\n<form action=\"\/es\/wp-json\/wp\/v2\/pages\/101#wpcf7-f54-o1\" method=\"post\" class=\"wpcf7-form init default\" novalidate=\"novalidate\" data-status=\"init\">\n<div style=\"display: none;\">\n<input type=\"hidden\" name=\"_wpcf7\" value=\"54\" \/>\n<input type=\"hidden\" name=\"_wpcf7_version\" value=\"5.3\" \/>\n<input type=\"hidden\" name=\"_wpcf7_locale\" value=\"es_ES\" \/>\n<input type=\"hidden\" name=\"_wpcf7_unit_tag\" value=\"wpcf7-f54-o1\" \/>\n<input type=\"hidden\" name=\"_wpcf7_container_post\" value=\"0\" \/>\n<input type=\"hidden\" name=\"_wpcf7_posted_data_hash\" value=\"\" \/>\n<input type=\"hidden\" name=\"_wpcf7_recaptcha_response\" value=\"\" \/>\n<\/div>\n<div class=\"form_left\">\n<p><span class=\"lbl\">Nombre <span class=\"ast\">*<\/span><\/span> <span class=\"wpcf7-form-control-wrap your-name\"><input type=\"text\" name=\"your-name\" value=\"\" size=\"40\" class=\"wpcf7-form-control wpcf7-text wpcf7-validates-as-required\" aria-required=\"true\" aria-invalid=\"false\" \/><\/span> <\/p>\n<p><span class=\"lbl\">Tel\u00e9fono (fijo o m\u00f3vil) <span class=\"ast\">*<\/span><\/span> <span class=\"wpcf7-form-control-wrap telefono\"><input type=\"text\" name=\"telefono\" value=\"\" size=\"40\" class=\"wpcf7-form-control wpcf7-text wpcf7-validates-as-required\" aria-required=\"true\" aria-invalid=\"false\" \/><\/span> <\/p>\n<p><span class=\"lbl\">Correo electr\u00f3nico <span class=\"ast\">*<\/span><\/span> <span class=\"wpcf7-form-control-wrap your-email\"><input type=\"email\" name=\"your-email\" value=\"\" size=\"40\" class=\"wpcf7-form-control wpcf7-text wpcf7-email wpcf7-validates-as-required wpcf7-validates-as-email\" aria-required=\"true\" aria-invalid=\"false\" \/><\/span> <\/p>\n<\/div>\n<div class=\"form_right\">\n<div class=\"form_inline\">\n<p><span class=\"lbl\">Empresa <span class=\"ast\">*<\/span><\/span> <span class=\"wpcf7-form-control-wrap your-empresa\"><input type=\"text\" name=\"your-empresa\" value=\"\" size=\"40\" class=\"wpcf7-form-control wpcf7-text wpcf7-validates-as-required\" aria-required=\"true\" aria-invalid=\"false\" \/><\/span> <\/p>\n<p><span class=\"lbl\">Poblaci\u00f3n <span class=\"ast\">*<\/span><\/span> <span class=\"wpcf7-form-control-wrap your-poblacio\"><input type=\"text\" name=\"your-poblacio\" value=\"\" size=\"40\" class=\"wpcf7-form-control wpcf7-text wpcf7-validates-as-required\" aria-required=\"true\" aria-invalid=\"false\" \/><\/span> <\/p>\n<\/div>\n<p><span class=\"lbl\">Comentarios<\/span> <span class=\"wpcf7-form-control-wrap your-message\"><textarea name=\"your-message\" cols=\"40\" rows=\"10\" class=\"wpcf7-form-control wpcf7-textarea\" aria-invalid=\"false\"><\/textarea><\/span> <\/p>\n<\/div>\n<div class=\"form_bottom\">\n<p class=\"legal\"> <span class=\"wpcf7-form-control-wrap acceptance-183\"><span class=\"wpcf7-form-control wpcf7-acceptance\"><span class=\"wpcf7-list-item\"><input type=\"checkbox\" name=\"acceptance-183\" value=\"1\" aria-invalid=\"false\" id=\"legal\" \/><\/span><\/span><\/span> <span>He le\u00eddo y acepto las condiciones de <a href=\"\/aviso-legal\/\" target=\"_blank\">protecci\u00f3n de datos<\/a>.<\/span><\/p>\n<p class=\"required\"><span class=\"ast\">*<\/span> Campos obligatorios<\/p>\n<p class=\"buttons\"><input type=\"submit\" value=\"Enviar\" class=\"wpcf7-form-control wpcf7-submit\" \/><\/p>\n<\/div>\n<div class=\"form_left\">\n<div class=\"legal_note\">\n<strong>Finalidades: <\/strong> Responder sus solicitudes e informarle de nuestros servicios. <strong> Legitimaci\u00f3n: <\/strong> Consentimiento del interesado. <strong> Destinatarios: <\/strong> Los datos ser\u00e1n compartidos con Diputaci\u00f3 de Lleida. <strong> Derechos: <\/strong> Puede retirar su consentimiento en cualquier momento, as\u00ed como acceder, rectificar, suprimir sus datos y otros derechos a <a href=\"mailto:privacitat@pimec.org\"> privacidad @ pimec. org <\/a>. <strong> Informaci\u00f3n adicional: <\/strong> pueden ampliar la informaci\u00f3n en el enlace <a href=\"https:\/\/www.lleidaacceleraelcreixement.com\/es\/politica-de-privacidad\/\" target=\"_blank\">Pol\u00edtica de privacidad<\/a>.\n<\/div>\n<\/div>\n<div class=\"wpcf7-response-output\" aria-hidden=\"true\"><\/div><\/form><\/div>[\/vc_column][\/vc_row]<\/p>\n","protected":false},"excerpt":{"rendered":"<p>[vc_row css_animation=&#8221;element_from_fade&#8221; row_type=&#8221;row&#8221; use_row_as_full_screen_section=&#8221;no&#8221; type=&#8221;grid&#8221; angled_section=&#8221;no&#8221; text_align=&#8221;center&#8221; background_image_as_pattern=&#8221;without_pattern&#8221; padding_top=&#8221;50&#8243; padding_bottom=&#8221;40&#8243;][vc_column][vc_column_text] Directorio de empresas participantes 2\u00aa edici\u00f3n programa Accelera el Creixement [\/vc_column_text][vc_separator type=&#8221;transparent&#8221; down=&#8221;10&#8243;][\/vc_column][\/vc_row][vc_row css_animation=&#8221;element_from_fade&#8221; row_type=&#8221;row&#8221; use_row_as_full_screen_section=&#8221;no&#8221; type=&#8221;grid&#8221; angled_section=&#8221;no&#8221; text_align=&#8221;left&#8221; background_image_as_pattern=&#8221;without_pattern&#8221;&#8230;<\/p>\n","protected":false},"author":1,"featured_media":0,"parent":0,"menu_order":0,"comment_status":"closed","ping_status":"closed","template":"full_width.php","meta":{"_bbp_topic_count":0,"_bbp_reply_count":0,"_bbp_total_topic_count":0,"_bbp_total_reply_count":0,"_bbp_voice_count":0,"_bbp_anonymous_reply_count":0,"_bbp_topic_count_hidden":0,"_bbp_reply_count_hidden":0,"_bbp_forum_subforum_count":0},"_links":{"self":[{"href":"https:\/\/www.lleidaacceleraelcreixement.com\/es\/wp-json\/wp\/v2\/pages\/101"}],"collection":[{"href":"https:\/\/www.lleidaacceleraelcreixement.com\/es\/wp-json\/wp\/v2\/pages"}],"about":[{"href":"https:\/\/www.lleidaacceleraelcreixement.com\/es\/wp-json\/wp\/v2\/types\/page"}],"author":[{"embeddable":true,"href":"https:\/\/www.lleidaacceleraelcreixement.com\/es\/wp-json\/wp\/v2\/users\/1"}],"replies":[{"embeddable":true,"href":"https:\/\/www.lleidaacceleraelcreixement.com\/es\/wp-json\/wp\/v2\/comments?post=101"}],"version-history":[{"count":29,"href":"https:\/\/www.lleidaacceleraelcreixement.com\/es\/wp-json\/wp\/v2\/pages\/101\/revisions"}],"predecessor-version":[{"id":3645,"href":"https:\/\/www.lleidaacceleraelcreixement.com\/es\/wp-json\/wp\/v2\/pages\/101\/revisions\/3645"}],"wp:attachment":[{"href":"https:\/\/www.lleidaacceleraelcreixement.com\/es\/wp-json\/wp\/v2\/media?parent=101"}],"curies":[{"name":"wp","href":"https:\/\/api.w.org\/{rel}","templated":true}]}}